{"id":2156,"date":"2025-10-01T02:52:30","date_gmt":"2025-10-01T02:52:30","guid":{"rendered":"https:\/\/sickdogsurf.com\/learn-kitesurfing-in-sweden\/"},"modified":"2025-10-01T20:23:39","modified_gmt":"2025-10-01T20:23:39","slug":"lar-dig-kitesurfa-i-sverige","status":"publish","type":"page","link":"https:\/\/sickdogsurf.com\/sv\/lar-dig-kitesurfa-i-sverige\/","title":{"rendered":"L\u00e4r dig kitesurfa i sverige"},"content":{"rendered":"<div class=\"wpb-content-wrapper\"><p>[vc_row][vc_column][vc_column_text css=&#8221;&#8221;]<\/p>\n<h1 class=\"bold\" style=\"text-align: center;\">L\u00e4r dig kitesurfa i sverige<\/h1>\n<p>[\/vc_column_text][vc_column_text el_class=&#8221;centered&#8221;][\/vc_column_text][\/vc_column][\/vc_row][vc_row el_position=&#8221;last&#8221;][vc_column][vc_column_text css=&#8221;&#8221;]<\/p>\n<h2 class=\"bottom25\" style=\"text-align: center;\">VILL DU L\u00c4RA DIG KITESURFING MEN SKA INTE \u00c5KA TILL EGYPTEN I \u00c5R?<\/h2>\n<h5 style=\"text-align: center;\">Kontakta oss p\u00e5 info@sickdogsurf.com eller boka online, det kan ju inte bli mycket b\u00e4ttre \u00e4n att f\u00e5 l\u00e4ra sig av en av dom b\u00e4sta i v\u00e4rlden!<\/h5>\n<p>[\/vc_column_text][vc_message icon_fontawesome=&#8221;&#8221; css=&#8221;&#8221;]<\/p>\n<p style=\"text-align: center;\">Vet du inte vem Mike Blomvall \u00e4r? Kolla d\u00e5 videon direkt!<\/p>\n<p>[\/vc_message][\/vc_column][\/vc_row][vc_row][vc_column][vc_video link=&#8221;https:\/\/www.youtube.com\/watch?v=zBrDD9WjQqM&#8221;][\/vc_column][\/vc_row]<\/p>\n<\/div>","protected":false},"excerpt":{"rendered":"<p>[vc_row][vc_column][vc_column_text css=&#8221;&#8221;] L\u00e4r dig kitesurfa i sverige [\/vc_column_text][vc_column_text el_class=&#8221;centered&#8221;][\/vc_column_text][\/vc_column][\/vc_row][vc_row el_position=&#8221;last&#8221;][vc_column][vc_column_text css=&#8221;&#8221;] VILL DU L\u00c4RA DIG KITESURFING MEN SKA INTE \u00c5KA TILL EGYPTEN I \u00c5R? Kontakta oss p\u00e5 info@sickdogsurf.com eller boka online, det kan ju inte bli mycket b\u00e4ttre \u00e4n att f\u00e5 l\u00e4ra sig av en av dom b\u00e4sta i v\u00e4rlden! [\/vc_column_text][vc_message icon_fontawesome=&#8221;&#8221; css=&#8221;&#8221;] Vet du inte [&hellip;]<\/p>\n","protected":false},"author":1,"featured_media":0,"parent":0,"menu_order":0,"comment_status":"closed","ping_status":"closed","template":"","meta":{"footnotes":""},"class_list":["post-2156","page","type-page","status-publish","hentry","post"],"yoast_head":"<!-- This site is optimized with the Yoast SEO plugin v27.3 - https:\/\/yoast.com\/product\/yoast-seo-wordpress\/ -->\n<title>L\u00e4r dig kitesurfa i sverige - Kite Cruises, Kite Safari and Kite Lessons in Egypt - Sick Dog<\/title>\n<meta name=\"description\" content=\"Vill du l\u00e4ra dig kitesurfing men ska inte \u00e5ka till Egypten i \u00e5r? Kontakta oss!\" \/>\n<meta name=\"robots\" content=\"index, follow, max-snippet:-1, max-image-preview:large, max-video-preview:-1\" \/>\n<link rel=\"canonical\" href=\"https:\/\/sickdogsurf.com\/sv\/lar-dig-kitesurfa-i-sverige\/\" \/>\n<meta property=\"og:locale\" content=\"sv_SE\" \/>\n<meta property=\"og:type\" content=\"article\" \/>\n<meta property=\"og:title\" content=\"L\u00e4r dig kitesurfa i sverige - Kite Cruises, Kite Safari and Kite Lessons in Egypt - Sick Dog\" \/>\n<meta property=\"og:description\" content=\"Vill du l\u00e4ra dig kitesurfing men ska inte \u00e5ka till Egypten i \u00e5r? Kontakta oss!\" \/>\n<meta property=\"og:url\" content=\"https:\/\/sickdogsurf.com\/sv\/lar-dig-kitesurfa-i-sverige\/\" \/>\n<meta property=\"og:site_name\" content=\"Kite Cruises, Kite Safari and Kite Lessons in Egypt - Sick Dog\" \/>\n<meta property=\"article:publisher\" content=\"https:\/\/www.facebook.com\/sickdogsurf\" \/>\n<meta property=\"article:modified_time\" content=\"2025-10-01T20:23:39+00:00\" \/>\n<meta property=\"og:image\" content=\"https:\/\/sickdogsurf.com\/wp-content\/uploads\/2025\/09\/main_kitetrip_9.jpg\" \/>\n\t<meta property=\"og:image:width\" content=\"1920\" \/>\n\t<meta property=\"og:image:height\" content=\"1052\" \/>\n\t<meta property=\"og:image:type\" content=\"image\/jpeg\" \/>\n<meta name=\"twitter:card\" content=\"summary_large_image\" \/>\n<meta name=\"twitter:label1\" content=\"Ber\u00e4knad l\u00e4stid\" \/>\n\t<meta name=\"twitter:data1\" content=\"1 minut\" \/>\n<script type=\"application\/ld+json\" class=\"yoast-schema-graph\">{\"@context\":\"https:\\\/\\\/schema.org\",\"@graph\":[{\"@type\":\"WebPage\",\"@id\":\"https:\\\/\\\/sickdogsurf.com\\\/sv\\\/lar-dig-kitesurfa-i-sverige\\\/\",\"url\":\"https:\\\/\\\/sickdogsurf.com\\\/sv\\\/lar-dig-kitesurfa-i-sverige\\\/\",\"name\":\"L\u00e4r dig kitesurfa i sverige - Kite Cruises, Kite Safari and Kite Lessons in Egypt - Sick Dog\",\"isPartOf\":{\"@id\":\"https:\\\/\\\/sickdogsurf.com\\\/sv\\\/#website\"},\"datePublished\":\"2025-10-01T02:52:30+00:00\",\"dateModified\":\"2025-10-01T20:23:39+00:00\",\"description\":\"Vill du l\u00e4ra dig kitesurfing men ska inte \u00e5ka till Egypten i \u00e5r? Kontakta oss!\",\"breadcrumb\":{\"@id\":\"https:\\\/\\\/sickdogsurf.com\\\/sv\\\/lar-dig-kitesurfa-i-sverige\\\/#breadcrumb\"},\"inLanguage\":\"sv-SE\",\"potentialAction\":[{\"@type\":\"ReadAction\",\"target\":[\"https:\\\/\\\/sickdogsurf.com\\\/sv\\\/lar-dig-kitesurfa-i-sverige\\\/\"]}]},{\"@type\":\"BreadcrumbList\",\"@id\":\"https:\\\/\\\/sickdogsurf.com\\\/sv\\\/lar-dig-kitesurfa-i-sverige\\\/#breadcrumb\",\"itemListElement\":[{\"@type\":\"ListItem\",\"position\":1,\"name\":\"Home\",\"item\":\"https:\\\/\\\/sickdogsurf.com\\\/sv\\\/\"},{\"@type\":\"ListItem\",\"position\":2,\"name\":\"L\u00e4r dig kitesurfa i sverige\"}]},{\"@type\":\"WebSite\",\"@id\":\"https:\\\/\\\/sickdogsurf.com\\\/sv\\\/#website\",\"url\":\"https:\\\/\\\/sickdogsurf.com\\\/sv\\\/\",\"name\":\"Kite Cruises, Kite Safari and Kite Lessons in Egypt - Sick Dog\",\"description\":\"\",\"publisher\":{\"@id\":\"https:\\\/\\\/sickdogsurf.com\\\/sv\\\/#organization\"},\"potentialAction\":[{\"@type\":\"SearchAction\",\"target\":{\"@type\":\"EntryPoint\",\"urlTemplate\":\"https:\\\/\\\/sickdogsurf.com\\\/sv\\\/?s={search_term_string}\"},\"query-input\":{\"@type\":\"PropertyValueSpecification\",\"valueRequired\":true,\"valueName\":\"search_term_string\"}}],\"inLanguage\":\"sv-SE\"},{\"@type\":\"Organization\",\"@id\":\"https:\\\/\\\/sickdogsurf.com\\\/sv\\\/#organization\",\"name\":\"Sick Dog\",\"alternateName\":\"Sick Dog\",\"url\":\"https:\\\/\\\/sickdogsurf.com\\\/sv\\\/\",\"logo\":{\"@type\":\"ImageObject\",\"inLanguage\":\"sv-SE\",\"@id\":\"https:\\\/\\\/sickdogsurf.com\\\/sv\\\/#\\\/schema\\\/logo\\\/image\\\/\",\"url\":\"https:\\\/\\\/sickdogsurf.com\\\/wp-content\\\/uploads\\\/2025\\\/09\\\/icon.png\",\"contentUrl\":\"https:\\\/\\\/sickdogsurf.com\\\/wp-content\\\/uploads\\\/2025\\\/09\\\/icon.png\",\"width\":512,\"height\":512,\"caption\":\"Sick Dog\"},\"image\":{\"@id\":\"https:\\\/\\\/sickdogsurf.com\\\/sv\\\/#\\\/schema\\\/logo\\\/image\\\/\"},\"sameAs\":[\"https:\\\/\\\/www.facebook.com\\\/sickdogsurf\",\"https:\\\/\\\/instagram.com\\\/sickdogsurf\",\"https:\\\/\\\/www.youtube.com\\\/channel\\\/UCEf1c4rAaoAUMilFW16YHww\\\/\"]}]}<\/script>\n<!-- \/ Yoast SEO plugin. -->","yoast_head_json":{"title":"L\u00e4r dig kitesurfa i sverige - Kite Cruises, Kite Safari and Kite Lessons in Egypt - Sick Dog","description":"Vill du l\u00e4ra dig kitesurfing men ska inte \u00e5ka till Egypten i \u00e5r? Kontakta oss!","robots":{"index":"index","follow":"follow","max-snippet":"max-snippet:-1","max-image-preview":"max-image-preview:large","max-video-preview":"max-video-preview:-1"},"canonical":"https:\/\/sickdogsurf.com\/sv\/lar-dig-kitesurfa-i-sverige\/","og_locale":"sv_SE","og_type":"article","og_title":"L\u00e4r dig kitesurfa i sverige - Kite Cruises, Kite Safari and Kite Lessons in Egypt - Sick Dog","og_description":"Vill du l\u00e4ra dig kitesurfing men ska inte \u00e5ka till Egypten i \u00e5r? Kontakta oss!","og_url":"https:\/\/sickdogsurf.com\/sv\/lar-dig-kitesurfa-i-sverige\/","og_site_name":"Kite Cruises, Kite Safari and Kite Lessons in Egypt - Sick Dog","article_publisher":"https:\/\/www.facebook.com\/sickdogsurf","article_modified_time":"2025-10-01T20:23:39+00:00","og_image":[{"width":1920,"height":1052,"url":"https:\/\/sickdogsurf.com\/wp-content\/uploads\/2025\/09\/main_kitetrip_9.jpg","type":"image\/jpeg"}],"twitter_card":"summary_large_image","twitter_misc":{"Ber\u00e4knad l\u00e4stid":"1 minut"},"schema":{"@context":"https:\/\/schema.org","@graph":[{"@type":"WebPage","@id":"https:\/\/sickdogsurf.com\/sv\/lar-dig-kitesurfa-i-sverige\/","url":"https:\/\/sickdogsurf.com\/sv\/lar-dig-kitesurfa-i-sverige\/","name":"L\u00e4r dig kitesurfa i sverige - Kite Cruises, Kite Safari and Kite Lessons in Egypt - Sick Dog","isPartOf":{"@id":"https:\/\/sickdogsurf.com\/sv\/#website"},"datePublished":"2025-10-01T02:52:30+00:00","dateModified":"2025-10-01T20:23:39+00:00","description":"Vill du l\u00e4ra dig kitesurfing men ska inte \u00e5ka till Egypten i \u00e5r? Kontakta oss!","breadcrumb":{"@id":"https:\/\/sickdogsurf.com\/sv\/lar-dig-kitesurfa-i-sverige\/#breadcrumb"},"inLanguage":"sv-SE","potentialAction":[{"@type":"ReadAction","target":["https:\/\/sickdogsurf.com\/sv\/lar-dig-kitesurfa-i-sverige\/"]}]},{"@type":"BreadcrumbList","@id":"https:\/\/sickdogsurf.com\/sv\/lar-dig-kitesurfa-i-sverige\/#breadcrumb","itemListElement":[{"@type":"ListItem","position":1,"name":"Home","item":"https:\/\/sickdogsurf.com\/sv\/"},{"@type":"ListItem","position":2,"name":"L\u00e4r dig kitesurfa i sverige"}]},{"@type":"WebSite","@id":"https:\/\/sickdogsurf.com\/sv\/#website","url":"https:\/\/sickdogsurf.com\/sv\/","name":"Kite Cruises, Kite Safari and Kite Lessons in Egypt - Sick Dog","description":"","publisher":{"@id":"https:\/\/sickdogsurf.com\/sv\/#organization"},"potentialAction":[{"@type":"SearchAction","target":{"@type":"EntryPoint","urlTemplate":"https:\/\/sickdogsurf.com\/sv\/?s={search_term_string}"},"query-input":{"@type":"PropertyValueSpecification","valueRequired":true,"valueName":"search_term_string"}}],"inLanguage":"sv-SE"},{"@type":"Organization","@id":"https:\/\/sickdogsurf.com\/sv\/#organization","name":"Sick Dog","alternateName":"Sick Dog","url":"https:\/\/sickdogsurf.com\/sv\/","logo":{"@type":"ImageObject","inLanguage":"sv-SE","@id":"https:\/\/sickdogsurf.com\/sv\/#\/schema\/logo\/image\/","url":"https:\/\/sickdogsurf.com\/wp-content\/uploads\/2025\/09\/icon.png","contentUrl":"https:\/\/sickdogsurf.com\/wp-content\/uploads\/2025\/09\/icon.png","width":512,"height":512,"caption":"Sick Dog"},"image":{"@id":"https:\/\/sickdogsurf.com\/sv\/#\/schema\/logo\/image\/"},"sameAs":["https:\/\/www.facebook.com\/sickdogsurf","https:\/\/instagram.com\/sickdogsurf","https:\/\/www.youtube.com\/channel\/UCEf1c4rAaoAUMilFW16YHww\/"]}]}},"_links":{"self":[{"href":"https:\/\/sickdogsurf.com\/sv\/wp-json\/wp\/v2\/pages\/2156","targetHints":{"allow":["GET"]}}],"collection":[{"href":"https:\/\/sickdogsurf.com\/sv\/wp-json\/wp\/v2\/pages"}],"about":[{"href":"https:\/\/sickdogsurf.com\/sv\/wp-json\/wp\/v2\/types\/page"}],"author":[{"embeddable":true,"href":"https:\/\/sickdogsurf.com\/sv\/wp-json\/wp\/v2\/users\/1"}],"replies":[{"embeddable":true,"href":"https:\/\/sickdogsurf.com\/sv\/wp-json\/wp\/v2\/comments?post=2156"}],"version-history":[{"count":1,"href":"https:\/\/sickdogsurf.com\/sv\/wp-json\/wp\/v2\/pages\/2156\/revisions"}],"predecessor-version":[{"id":2157,"href":"https:\/\/sickdogsurf.com\/sv\/wp-json\/wp\/v2\/pages\/2156\/revisions\/2157"}],"wp:attachment":[{"href":"https:\/\/sickdogsurf.com\/sv\/wp-json\/wp\/v2\/media?parent=2156"}],"curies":[{"name":"wp","href":"https:\/\/api.w.org\/{rel}","templated":true}]}}