{"id":2200,"date":"2025-10-01T03:37:39","date_gmt":"2025-10-01T03:37:39","guid":{"rendered":"https:\/\/sickdogsurf.com\/about\/"},"modified":"2026-03-02T13:58:22","modified_gmt":"2026-03-02T13:58:22","slug":"o-nas","status":"publish","type":"page","link":"https:\/\/sickdogsurf.com\/pl\/o-nas\/","title":{"rendered":"Zesp\u00f3\u0142"},"content":{"rendered":"<div class=\"wpb-content-wrapper\"><p>[vc_row full_width=&#8221;stretch_row&#8221; css=&#8221;.vc_custom_1761817051861{background-image: url(https:\/\/sickdogsurf.com\/wp-content\/uploads\/2025\/09\/main_kitetrip_7.jpg?id=596) !important;background-position: center !important;background-repeat: no-repeat !important;background-size: cover !important;}&#8221;][vc_column][vc_empty_space height=&#8221;600px&#8221;][\/vc_column][\/vc_row][vc_row el_position=&#8221;last&#8221;][vc_column][vc_column_text css=&#8221;&#8221;]<\/p>\n<h2 class=\"bottom25\" style=\"text-align: center;\">KIM JESTE\u015aMY<\/h2>\n<p style=\"text-align: center;\">Jeste\u015bmy grup\u0105 przyjaci\u00f3\u0142 \u2013 do\u015bwiadczonych i wykwalifikowanych pasjonat\u00f3w kitesurfingu z r\u00f3\u017cnych kraj\u00f3w. Postanowili\u015bmy dzieli\u0107 si\u0119 z Wami nasz\u0105 mi\u0142o\u015bci\u0105 do tego sportu. Jeste\u015bmy godni zaufania, pe\u0142ni energii i wierzymy, \u017ce tworzymy co\u015b nowego i wyj\u0105tkowego. Nasze rejsy <strong>kitesurfingowe<\/strong> to bez w\u0105tpienia unikalne do\u015bwiadczenie.<\/p>\n<p>[\/vc_column_text][vc_row_inner][vc_column_inner width=&#8221;1\/4&#8243;][vc_single_image image=&#8221;1949&#8243; img_size=&#8221;300&#215;300&#8243; alignment=&#8221;center&#8221; style=&#8221;vc_box_circle&#8221; css_animation=&#8221;left-to-right&#8221; css=&#8221;&#8221; el_class=&#8221;circled centeronmobile&#8221;][\/vc_column_inner][vc_column_inner width=&#8221;1\/4&#8243;][vc_column_text css_animation=&#8221;right-to-left&#8221; css=&#8221;&#8221; el_class=&#8221;centeronmobile&#8221;]<\/p>\n<h5 class=\"bottom0 bold700\">Roberto Primi<\/h5>\n<h6 class=\"grey\">Kiter\u00a0\/ Guru miejsc do\u00a0kitesurfingu \/ Instruktor<\/h6>\n<p>W\u0142oski kitesurfer i lider wycieczek kitesurfingowych, 10 lat do\u015bwiadczenia.[\/vc_column_text][\/vc_column_inner][vc_column_inner width=&#8221;1\/4&#8243;][vc_single_image image=&#8221;2228&#8243; img_size=&#8221;300&#215;300&#8243; alignment=&#8221;center&#8221; style=&#8221;vc_box_circle&#8221; css_animation=&#8221;right-to-left&#8221; css=&#8221;&#8221; el_class=&#8221;circled centeronmobile&#8221;][\/vc_column_inner][vc_column_inner width=&#8221;1\/4&#8243;][vc_column_text css_animation=&#8221;left-to-right&#8221; css=&#8221;&#8221; el_class=&#8221;centeronmobile&#8221;]<\/p>\n<h5 class=\"bottom0 bold700\">Vanny<\/h5>\n<h6 class=\"grey\">Instruktor<\/h6>\n<p>Utalentowany muzyk i jeden z najlepszych zagranicznych kitesurfer\u00f3w w Egipcie. Bardzo do\u015bwiadczony i ceniony cz\u0142onek naszego zespo\u0142u![\/vc_column_text][\/vc_column_inner][\/vc_row_inner][vc_separator][vc_row_inner][vc_column_inner width=&#8221;1\/4&#8243;][vc_single_image image=&#8221;2227&#8243; img_size=&#8221;300&#215;300&#8243; alignment=&#8221;center&#8221; style=&#8221;vc_box_circle&#8221; css_animation=&#8221;left-to-right&#8221; css=&#8221;&#8221; el_class=&#8221;circled centeronmobile&#8221;][\/vc_column_inner][vc_column_inner width=&#8221;1\/4&#8243;][vc_column_text css_animation=&#8221;right-to-left&#8221; css=&#8221;&#8221; el_class=&#8221;centeronmobile&#8221;]<\/p>\n<h5 class=\"bottom0 bold700\">Mery Frackowiak<\/h5>\n<h6 class=\"grey\">Liderka na \u0142odzi<\/h6>\n<p>Bierze sprawy na powa\u017cnie. Polska kitesurferka, silny lider na naszej \u0142odzi, zarz\u0105dzaj\u0105cy wszystkimi dzia\u0142aniami na pok\u0142adzie i rozwi\u0105zuj\u0105cy problemy z u\u015bmiechem.[\/vc_column_text][\/vc_column_inner][vc_column_inner width=&#8221;1\/4&#8243;][vc_single_image image=&#8221;2229&#8243; img_size=&#8221;300&#215;300&#8243; alignment=&#8221;center&#8221; style=&#8221;vc_box_circle&#8221; css_animation=&#8221;left-to-right&#8221; css=&#8221;&#8221; el_class=&#8221;circled centeronmobile&#8221;][\/vc_column_inner][vc_column_inner width=&#8221;1\/4&#8243;][vc_column_text css_animation=&#8221;right-to-left&#8221; css=&#8221;&#8221; el_class=&#8221;centeronmobile&#8221;]<\/p>\n<h5 class=\"bottom0 bold700\">Viktoria Laufer<\/h5>\n<h6 class=\"grey\">Instruktorka IKO<\/h6>\n<div>Certyfikowana instruktorka IKO i life coach. Viktoria uwielbia podr\u00f3\u017ce i b\u0119dzie odpowiedzialna za szkolenie pocz\u0105tkuj\u0105cych kitesurfer\u00f3w.<\/div>\n<p>[\/vc_column_text][\/vc_column_inner][\/vc_row_inner][vc_separator][vc_row_inner][vc_column_inner width=&#8221;1\/4&#8243;][vc_single_image image=&#8221;2231&#8243; img_size=&#8221;300&#215;300&#8243; alignment=&#8221;center&#8221; style=&#8221;vc_box_circle&#8221; css_animation=&#8221;left-to-right&#8221; css=&#8221;&#8221; el_class=&#8221;circled centeronmobile&#8221;][\/vc_column_inner][vc_column_inner width=&#8221;1\/4&#8243;][vc_column_text css_animation=&#8221;right-to-left&#8221; css=&#8221;&#8221; el_class=&#8221;centeronmobile&#8221;]<\/p>\n<h5 class=\"bottom0 bold700\">Paulina Trusewicz<\/h5>\n<h6 class=\"grey\">Instruktorka \/ Liderka stretchingu<\/h6>\n<p>Paulina zadba o naszych pocz\u0105tkuj\u0105cych kitesurfer\u00f3w oraz o odpowiedni\u0105 regeneracj\u0119 naszych cia\u0142 przed i po sesjach na wodzie. Jej wsparcie jest nieocenione podczas naszych rejs\u00f3w kitesurfingowych![\/vc_column_text][\/vc_column_inner][vc_column_inner width=&#8221;1\/4&#8243;][vc_single_image image=&#8221;2234&#8243; img_size=&#8221;300&#215;300&#8243; alignment=&#8221;center&#8221; style=&#8221;vc_box_circle&#8221; css_animation=&#8221;left-to-right&#8221; css=&#8221;&#8221; el_class=&#8221;circled centeronmobile&#8221;][\/vc_column_inner][vc_column_inner width=&#8221;1\/4&#8243;][vc_column_text css_animation=&#8221;right-to-left&#8221; css=&#8221;&#8221; el_class=&#8221;centeronmobile&#8221;]<\/p>\n<h5 class=\"bottom0 bold700\">Sophie Ayoub<\/h5>\n<h6 class=\"grey\">Instruktorka kitesurfingu<\/h6>\n<div>Sophie, cz\u0142onkini zespo\u0142u Kite Tribe, jest kluczow\u0105 postaci\u0105 w naszej ekipie, wnosz\u0105c energi\u0119 i cenne umiej\u0119tno\u015bci \u2013 zar\u00f3wno na jachcie, jak i poza nim.<\/div>\n<p>[\/vc_column_text][\/vc_column_inner][\/vc_row_inner][vc_separator][vc_row_inner][vc_column_inner width=&#8221;1\/4&#8243;][vc_single_image image=&#8221;2235&#8243; img_size=&#8221;300&#215;300&#8243; alignment=&#8221;center&#8221; style=&#8221;vc_box_circle&#8221; css_animation=&#8221;left-to-right&#8221; css=&#8221;&#8221; el_class=&#8221;circled centeronmobile&#8221;][\/vc_column_inner][vc_column_inner width=&#8221;1\/4&#8243;][vc_column_text css_animation=&#8221;right-to-left&#8221; css=&#8221;&#8221; el_class=&#8221;centeronmobile&#8221;]<\/p>\n<h5>Alex Bilouis<\/h5>\n<h6>Instruktor certyfikowany przez IKO<\/h6>\n<p>Urodzony na Ukrainie, Alex \u017cyje i uprawia kitesurfing mi\u0119dzy Egiptem a Tajlandi\u0105. M\u00f3wi po angielsku i rosyjsku. Jest bardzo cierpliwym instruktorem kitesurfingu, ale nie potrafi ta\u0144czy\u0107 i s\u0142ucha okropnej muzyki.[\/vc_column_text][\/vc_column_inner][vc_column_inner width=&#8221;1\/4&#8243;][vc_single_image image=&#8221;2093&#8243; img_size=&#8221;300&#215;300&#8243; alignment=&#8221;center&#8221; style=&#8221;vc_box_circle&#8221; css_animation=&#8221;left-to-right&#8221; css=&#8221;&#8221; el_class=&#8221;circled centeronmobile&#8221;][\/vc_column_inner][vc_column_inner width=&#8221;1\/4&#8243;][vc_column_text css_animation=&#8221;right-to-left&#8221; css=&#8221;&#8221; el_class=&#8221;centeronmobile&#8221;]<\/p>\n<h5 class=\"bottom0 bold700\">Kasia Jaworska<\/h5>\n<h6 class=\"grey\">Proriderka \/ IKO Instructorka<\/h6>\n<div>Do\u015bwiadczona instruktorka IKO i zawodniczka kitesurfingu. B\u0119dzie odpowiedzialna za nasze obozy kitesurfingowe. Sponsorowana przez Ozone Kites i SU2.<\/div>\n<p>[\/vc_column_text][\/vc_column_inner][\/vc_row_inner][\/vc_column][\/vc_row][vc_row][vc_column][vc_column_text css=&#8221;&#8221;]<\/p>\n<h2 class=\"bottom15\" style=\"text-align: center;\">Skontaktuj si\u0119 teraz<\/h2>\n<h5 style=\"text-align: center;\">Powiedz nam, czego potrzebujesz, a odpowiemy tak szybko, jak to mo\u017cliwe!<\/h5>\n<p style=\"text-align: center;\">info@sickdogsurf.com<\/p>\n<p style=\"text-align: center;\">Whatsapp\/Viber: 00201009410388<\/p>\n<p style=\"text-align: center;\">Tel: 00201009410388<\/p>\n<p>[\/vc_column_text][\/vc_column][\/vc_row]<\/p>\n<\/div>","protected":false},"excerpt":{"rendered":"<p>[vc_row full_width=&#8221;stretch_row&#8221; css=&#8221;.vc_custom_1761817051861{background-image: url(https:\/\/sickdogsurf.com\/wp-content\/uploads\/2025\/09\/main_kitetrip_7.jpg?id=596) !important;background-position: center !important;background-repeat: no-repeat !important;background-size: cover !important;}&#8221;][vc_column][vc_empty_space height=&#8221;600px&#8221;][\/vc_column][\/vc_row][vc_row el_position=&#8221;last&#8221;][vc_column][vc_column_text css=&#8221;&#8221;] KIM JESTE\u015aMY Jeste\u015bmy grup\u0105 przyjaci\u00f3\u0142 \u2013 do\u015bwiadczonych i wykwalifikowanych pasjonat\u00f3w kitesurfingu z r\u00f3\u017cnych kraj\u00f3w. Postanowili\u015bmy dzieli\u0107 si\u0119 z Wami nasz\u0105 mi\u0142o\u015bci\u0105 do tego sportu. Jeste\u015bmy godni zaufania, pe\u0142ni energii i wierzymy, \u017ce tworzymy co\u015b nowego i wyj\u0105tkowego. Nasze rejsy kitesurfingowe to bez [&hellip;]<\/p>\n","protected":false},"author":1,"featured_media":0,"parent":0,"menu_order":0,"comment_status":"closed","ping_status":"closed","template":"","meta":{"footnotes":""},"class_list":["post-2200","page","type-page","status-publish","hentry","post"],"yoast_head":"<!-- This site is optimized with the Yoast SEO plugin v27.4 - https:\/\/yoast.com\/product\/yoast-seo-wordpress\/ -->\n<title>Zesp\u00f3\u0142 - Kite Cruises, Kite Safari and Kite Lessons in Egypt - Sick Dog<\/title>\n<meta name=\"description\" content=\"Dowiedz si\u0119 wi\u0119cej o Sick Dog Surf i zespole, kt\u00f3ry za nim stoi!\" \/>\n<meta name=\"robots\" content=\"index, follow, max-snippet:-1, max-image-preview:large, max-video-preview:-1\" \/>\n<link rel=\"canonical\" href=\"https:\/\/sickdogsurf.com\/pl\/o-nas\/\" \/>\n<meta property=\"og:locale\" content=\"pl_PL\" \/>\n<meta property=\"og:type\" content=\"article\" \/>\n<meta property=\"og:title\" content=\"Zesp\u00f3\u0142 - Kite Cruises, Kite Safari and Kite Lessons in Egypt - Sick Dog\" \/>\n<meta property=\"og:description\" content=\"Dowiedz si\u0119 wi\u0119cej o Sick Dog Surf i zespole, kt\u00f3ry za nim stoi!\" \/>\n<meta property=\"og:url\" content=\"https:\/\/sickdogsurf.com\/pl\/o-nas\/\" \/>\n<meta property=\"og:site_name\" content=\"Kite Cruises, Kite Safari and Kite Lessons in Egypt - Sick Dog\" \/>\n<meta property=\"article:publisher\" content=\"https:\/\/www.facebook.com\/sickdogsurf\" \/>\n<meta property=\"article:modified_time\" content=\"2026-03-02T13:58:22+00:00\" \/>\n<meta property=\"og:image\" content=\"https:\/\/sickdogsurf.com\/wp-content\/uploads\/2025\/09\/main_kitetrip_9.jpg\" \/>\n\t<meta property=\"og:image:width\" content=\"1920\" \/>\n\t<meta property=\"og:image:height\" content=\"1052\" \/>\n\t<meta property=\"og:image:type\" content=\"image\/jpeg\" \/>\n<meta name=\"twitter:card\" content=\"summary_large_image\" \/>\n<meta name=\"twitter:label1\" content=\"Szacowany czas czytania\" \/>\n\t<meta name=\"twitter:data1\" content=\"4 minuty\" \/>\n<script type=\"application\/ld+json\" class=\"yoast-schema-graph\">{\"@context\":\"https:\\\/\\\/schema.org\",\"@graph\":[{\"@type\":\"WebPage\",\"@id\":\"https:\\\/\\\/sickdogsurf.com\\\/pl\\\/o-nas\\\/\",\"url\":\"https:\\\/\\\/sickdogsurf.com\\\/pl\\\/o-nas\\\/\",\"name\":\"Zesp\u00f3\u0142 - Kite Cruises, Kite Safari and Kite Lessons in Egypt - Sick Dog\",\"isPartOf\":{\"@id\":\"https:\\\/\\\/sickdogsurf.com\\\/pl\\\/#website\"},\"datePublished\":\"2025-10-01T03:37:39+00:00\",\"dateModified\":\"2026-03-02T13:58:22+00:00\",\"description\":\"Dowiedz si\u0119 wi\u0119cej o Sick Dog Surf i zespole, kt\u00f3ry za nim stoi!\",\"breadcrumb\":{\"@id\":\"https:\\\/\\\/sickdogsurf.com\\\/pl\\\/o-nas\\\/#breadcrumb\"},\"inLanguage\":\"pl-PL\",\"potentialAction\":[{\"@type\":\"ReadAction\",\"target\":[\"https:\\\/\\\/sickdogsurf.com\\\/pl\\\/o-nas\\\/\"]}]},{\"@type\":\"BreadcrumbList\",\"@id\":\"https:\\\/\\\/sickdogsurf.com\\\/pl\\\/o-nas\\\/#breadcrumb\",\"itemListElement\":[{\"@type\":\"ListItem\",\"position\":1,\"name\":\"Home\",\"item\":\"https:\\\/\\\/sickdogsurf.com\\\/pl\\\/\"},{\"@type\":\"ListItem\",\"position\":2,\"name\":\"Zesp\u00f3\u0142\"}]},{\"@type\":\"WebSite\",\"@id\":\"https:\\\/\\\/sickdogsurf.com\\\/pl\\\/#website\",\"url\":\"https:\\\/\\\/sickdogsurf.com\\\/pl\\\/\",\"name\":\"Kite Cruises, Kite Safari and Kite Lessons in Egypt - Sick Dog\",\"description\":\"\",\"publisher\":{\"@id\":\"https:\\\/\\\/sickdogsurf.com\\\/pl\\\/#organization\"},\"potentialAction\":[{\"@type\":\"SearchAction\",\"target\":{\"@type\":\"EntryPoint\",\"urlTemplate\":\"https:\\\/\\\/sickdogsurf.com\\\/pl\\\/?s={search_term_string}\"},\"query-input\":{\"@type\":\"PropertyValueSpecification\",\"valueRequired\":true,\"valueName\":\"search_term_string\"}}],\"inLanguage\":\"pl-PL\"},{\"@type\":\"Organization\",\"@id\":\"https:\\\/\\\/sickdogsurf.com\\\/pl\\\/#organization\",\"name\":\"Sick Dog\",\"alternateName\":\"Sick Dog\",\"url\":\"https:\\\/\\\/sickdogsurf.com\\\/pl\\\/\",\"logo\":{\"@type\":\"ImageObject\",\"inLanguage\":\"pl-PL\",\"@id\":\"https:\\\/\\\/sickdogsurf.com\\\/pl\\\/#\\\/schema\\\/logo\\\/image\\\/\",\"url\":\"https:\\\/\\\/sickdogsurf.com\\\/wp-content\\\/uploads\\\/2025\\\/09\\\/icon.png\",\"contentUrl\":\"https:\\\/\\\/sickdogsurf.com\\\/wp-content\\\/uploads\\\/2025\\\/09\\\/icon.png\",\"width\":512,\"height\":512,\"caption\":\"Sick Dog\"},\"image\":{\"@id\":\"https:\\\/\\\/sickdogsurf.com\\\/pl\\\/#\\\/schema\\\/logo\\\/image\\\/\"},\"sameAs\":[\"https:\\\/\\\/www.facebook.com\\\/sickdogsurf\",\"https:\\\/\\\/instagram.com\\\/sickdogsurf\",\"https:\\\/\\\/www.youtube.com\\\/channel\\\/UCEf1c4rAaoAUMilFW16YHww\\\/\"]}]}<\/script>\n<!-- \/ Yoast SEO plugin. -->","yoast_head_json":{"title":"Zesp\u00f3\u0142 - Kite Cruises, Kite Safari and Kite Lessons in Egypt - Sick Dog","description":"Dowiedz si\u0119 wi\u0119cej o Sick Dog Surf i zespole, kt\u00f3ry za nim stoi!","robots":{"index":"index","follow":"follow","max-snippet":"max-snippet:-1","max-image-preview":"max-image-preview:large","max-video-preview":"max-video-preview:-1"},"canonical":"https:\/\/sickdogsurf.com\/pl\/o-nas\/","og_locale":"pl_PL","og_type":"article","og_title":"Zesp\u00f3\u0142 - Kite Cruises, Kite Safari and Kite Lessons in Egypt - Sick Dog","og_description":"Dowiedz si\u0119 wi\u0119cej o Sick Dog Surf i zespole, kt\u00f3ry za nim stoi!","og_url":"https:\/\/sickdogsurf.com\/pl\/o-nas\/","og_site_name":"Kite Cruises, Kite Safari and Kite Lessons in Egypt - Sick Dog","article_publisher":"https:\/\/www.facebook.com\/sickdogsurf","article_modified_time":"2026-03-02T13:58:22+00:00","og_image":[{"width":1920,"height":1052,"url":"https:\/\/sickdogsurf.com\/wp-content\/uploads\/2025\/09\/main_kitetrip_9.jpg","type":"image\/jpeg"}],"twitter_card":"summary_large_image","twitter_misc":{"Szacowany czas czytania":"4 minuty"},"schema":{"@context":"https:\/\/schema.org","@graph":[{"@type":"WebPage","@id":"https:\/\/sickdogsurf.com\/pl\/o-nas\/","url":"https:\/\/sickdogsurf.com\/pl\/o-nas\/","name":"Zesp\u00f3\u0142 - Kite Cruises, Kite Safari and Kite Lessons in Egypt - Sick Dog","isPartOf":{"@id":"https:\/\/sickdogsurf.com\/pl\/#website"},"datePublished":"2025-10-01T03:37:39+00:00","dateModified":"2026-03-02T13:58:22+00:00","description":"Dowiedz si\u0119 wi\u0119cej o Sick Dog Surf i zespole, kt\u00f3ry za nim stoi!","breadcrumb":{"@id":"https:\/\/sickdogsurf.com\/pl\/o-nas\/#breadcrumb"},"inLanguage":"pl-PL","potentialAction":[{"@type":"ReadAction","target":["https:\/\/sickdogsurf.com\/pl\/o-nas\/"]}]},{"@type":"BreadcrumbList","@id":"https:\/\/sickdogsurf.com\/pl\/o-nas\/#breadcrumb","itemListElement":[{"@type":"ListItem","position":1,"name":"Home","item":"https:\/\/sickdogsurf.com\/pl\/"},{"@type":"ListItem","position":2,"name":"Zesp\u00f3\u0142"}]},{"@type":"WebSite","@id":"https:\/\/sickdogsurf.com\/pl\/#website","url":"https:\/\/sickdogsurf.com\/pl\/","name":"Kite Cruises, Kite Safari and Kite Lessons in Egypt - Sick Dog","description":"","publisher":{"@id":"https:\/\/sickdogsurf.com\/pl\/#organization"},"potentialAction":[{"@type":"SearchAction","target":{"@type":"EntryPoint","urlTemplate":"https:\/\/sickdogsurf.com\/pl\/?s={search_term_string}"},"query-input":{"@type":"PropertyValueSpecification","valueRequired":true,"valueName":"search_term_string"}}],"inLanguage":"pl-PL"},{"@type":"Organization","@id":"https:\/\/sickdogsurf.com\/pl\/#organization","name":"Sick Dog","alternateName":"Sick Dog","url":"https:\/\/sickdogsurf.com\/pl\/","logo":{"@type":"ImageObject","inLanguage":"pl-PL","@id":"https:\/\/sickdogsurf.com\/pl\/#\/schema\/logo\/image\/","url":"https:\/\/sickdogsurf.com\/wp-content\/uploads\/2025\/09\/icon.png","contentUrl":"https:\/\/sickdogsurf.com\/wp-content\/uploads\/2025\/09\/icon.png","width":512,"height":512,"caption":"Sick Dog"},"image":{"@id":"https:\/\/sickdogsurf.com\/pl\/#\/schema\/logo\/image\/"},"sameAs":["https:\/\/www.facebook.com\/sickdogsurf","https:\/\/instagram.com\/sickdogsurf","https:\/\/www.youtube.com\/channel\/UCEf1c4rAaoAUMilFW16YHww\/"]}]}},"_links":{"self":[{"href":"https:\/\/sickdogsurf.com\/pl\/wp-json\/wp\/v2\/pages\/2200","targetHints":{"allow":["GET"]}}],"collection":[{"href":"https:\/\/sickdogsurf.com\/pl\/wp-json\/wp\/v2\/pages"}],"about":[{"href":"https:\/\/sickdogsurf.com\/pl\/wp-json\/wp\/v2\/types\/page"}],"author":[{"embeddable":true,"href":"https:\/\/sickdogsurf.com\/pl\/wp-json\/wp\/v2\/users\/1"}],"replies":[{"embeddable":true,"href":"https:\/\/sickdogsurf.com\/pl\/wp-json\/wp\/v2\/comments?post=2200"}],"version-history":[{"count":11,"href":"https:\/\/sickdogsurf.com\/pl\/wp-json\/wp\/v2\/pages\/2200\/revisions"}],"predecessor-version":[{"id":4004,"href":"https:\/\/sickdogsurf.com\/pl\/wp-json\/wp\/v2\/pages\/2200\/revisions\/4004"}],"wp:attachment":[{"href":"https:\/\/sickdogsurf.com\/pl\/wp-json\/wp\/v2\/media?parent=2200"}],"curies":[{"name":"wp","href":"https:\/\/api.w.org\/{rel}","templated":true}]}}