{"id":1980,"date":"2025-09-30T12:13:19","date_gmt":"2025-09-30T12:13:19","guid":{"rendered":"https:\/\/sickdogsurf.com\/contact-us\/"},"modified":"2025-10-03T08:38:57","modified_gmt":"2025-10-03T08:38:57","slug":"kontakty","status":"publish","type":"page","link":"https:\/\/sickdogsurf.com\/pl\/kontakty\/","title":{"rendered":"Kontakty"},"content":{"rendered":"<div class=\"wpb-content-wrapper\"><p>[vc_row full_width=&#8221;stretch_row&#8221; css=&#8221;.vc_custom_1759480729942{background-image: url(https:\/\/sickdogsurf.com\/wp-content\/uploads\/2025\/09\/team_rob.jpg?id=1949) !important;background-position: center !important;background-repeat: no-repeat !important;background-size: cover !important;}&#8221;][vc_column][vc_empty_space height=&#8221;600px&#8221;][\/vc_column][\/vc_row][vc_row][vc_column][vc_column_text css=&#8221;&#8221;]<\/p>\n<h1 style=\"text-align: center;\">SKONTAKTUJ SI\u0118 Z NAMI<\/h1>\n<h3 style=\"text-align: center;\">W przypadku jakichkolwiek informacji, pyta\u0144, w\u0105tpliwo\u015bci lub gdy b\u0119dziesz gotowy, aby zarezerwowa\u0107 jedn\u0105 z naszych przyg\u00f3d kitesurfingowych, po prostu skontaktuj si\u0119 z nami!<\/h3>\n<h4 style=\"text-align: center;\">SICKDOG<\/h4>\n<p style=\"text-align: center;\"><strong>Email: <a href=\"mailto: info@sickdogsurf.com\">info@sickdogsurf.com<\/a><\/strong><\/p>\n<p style=\"text-align: center;\"><strong>Tel\/Whatsapp\/Viber\/Telegram:<a href=\"https:\/\/wa.me\/+201009410388\" target=\"_blank\" rel=\"noopener nofollow\">+201009410388<\/a><\/strong><\/p>\n<p style=\"text-align: center;\"><a href=\"https:\/\/www.instagram.com\/sickdogsurf\" target=\"_blank\" rel=\"nofollow\">Instagram<\/a>: www.instagram.com\/sickdogsurf<\/p>\n<p style=\"text-align: center;\"><a href=\"https:\/\/www.facebook.com\/sickdogsurf\" target=\"_blank\" rel=\"nofollow\">Facebook<\/a>: www.facebook.com\/sickdogsurf<\/p>\n<p>[\/vc_column_text][\/vc_column][\/vc_row]<\/p>\n<\/div>","protected":false},"excerpt":{"rendered":"<p>[vc_row full_width=&#8221;stretch_row&#8221; css=&#8221;.vc_custom_1759480729942{background-image: url(https:\/\/sickdogsurf.com\/wp-content\/uploads\/2025\/09\/team_rob.jpg?id=1949) !important;background-position: center !important;background-repeat: no-repeat !important;background-size: cover !important;}&#8221;][vc_column][vc_empty_space height=&#8221;600px&#8221;][\/vc_column][\/vc_row][vc_row][vc_column][vc_column_text css=&#8221;&#8221;] SKONTAKTUJ SI\u0118 Z NAMI W przypadku jakichkolwiek informacji, pyta\u0144, w\u0105tpliwo\u015bci lub gdy b\u0119dziesz gotowy, aby zarezerwowa\u0107 jedn\u0105 z naszych przyg\u00f3d kitesurfingowych, po prostu skontaktuj si\u0119 z nami! SICKDOG Email: info@sickdogsurf.com Tel\/Whatsapp\/Viber\/Telegram:+201009410388 Instagram: www.instagram.com\/sickdogsurf Facebook: www.facebook.com\/sickdogsurf [\/vc_column_text][\/vc_column][\/vc_row]<\/p>\n","protected":false},"author":1,"featured_media":2954,"parent":0,"menu_order":0,"comment_status":"closed","ping_status":"closed","template":"","meta":{"footnotes":""},"class_list":["post-1980","page","type-page","status-publish","has-post-thumbnail","hentry","post"],"yoast_head":"<!-- This site is optimized with the Yoast SEO plugin v27.4 - https:\/\/yoast.com\/product\/yoast-seo-wordpress\/ -->\n<title>Kontakty - Kite Cruises, Kite Safari and Kite Lessons in Egypt - Sick Dog<\/title>\n<meta name=\"description\" content=\"W\u0105tpliwo\u015bci? Pytania? Skontaktuj si\u0119 z nami tutaj!\" \/>\n<meta name=\"robots\" content=\"index, follow, max-snippet:-1, max-image-preview:large, max-video-preview:-1\" \/>\n<link rel=\"canonical\" href=\"https:\/\/sickdogsurf.com\/pl\/kontakty\/\" \/>\n<meta property=\"og:locale\" content=\"pl_PL\" \/>\n<meta property=\"og:type\" content=\"article\" \/>\n<meta property=\"og:title\" content=\"Kontakty - Kite Cruises, Kite Safari and Kite Lessons in Egypt - Sick Dog\" \/>\n<meta property=\"og:description\" content=\"W\u0105tpliwo\u015bci? Pytania? Skontaktuj si\u0119 z nami tutaj!\" \/>\n<meta property=\"og:url\" content=\"https:\/\/sickdogsurf.com\/pl\/kontakty\/\" \/>\n<meta property=\"og:site_name\" content=\"Kite Cruises, Kite Safari and Kite Lessons in Egypt - Sick Dog\" \/>\n<meta property=\"article:publisher\" content=\"https:\/\/www.facebook.com\/sickdogsurf\" \/>\n<meta property=\"article:modified_time\" content=\"2025-10-03T08:38:57+00:00\" \/>\n<meta property=\"og:image\" content=\"https:\/\/sickdogsurf.com\/wp-content\/uploads\/2025\/09\/main_kitetrip_9.jpg\" \/>\n\t<meta property=\"og:image:width\" content=\"1920\" \/>\n\t<meta property=\"og:image:height\" content=\"1052\" \/>\n\t<meta property=\"og:image:type\" content=\"image\/jpeg\" \/>\n<meta name=\"twitter:card\" content=\"summary_large_image\" \/>\n<meta name=\"twitter:label1\" content=\"Szacowany czas czytania\" \/>\n\t<meta name=\"twitter:data1\" content=\"1 minuta\" \/>\n<script type=\"application\/ld+json\" class=\"yoast-schema-graph\">{\"@context\":\"https:\\\/\\\/schema.org\",\"@graph\":[{\"@type\":\"WebPage\",\"@id\":\"https:\\\/\\\/sickdogsurf.com\\\/pl\\\/kontakty\\\/\",\"url\":\"https:\\\/\\\/sickdogsurf.com\\\/pl\\\/kontakty\\\/\",\"name\":\"Kontakty - Kite Cruises, Kite Safari and Kite Lessons in Egypt - Sick Dog\",\"isPartOf\":{\"@id\":\"https:\\\/\\\/sickdogsurf.com\\\/pl\\\/#website\"},\"primaryImageOfPage\":{\"@id\":\"https:\\\/\\\/sickdogsurf.com\\\/pl\\\/kontakty\\\/#primaryimage\"},\"image\":{\"@id\":\"https:\\\/\\\/sickdogsurf.com\\\/pl\\\/kontakty\\\/#primaryimage\"},\"thumbnailUrl\":\"https:\\\/\\\/sickdogsurf.com\\\/wp-content\\\/uploads\\\/2025\\\/09\\\/robywallie-1.jpg\",\"datePublished\":\"2025-09-30T12:13:19+00:00\",\"dateModified\":\"2025-10-03T08:38:57+00:00\",\"description\":\"W\u0105tpliwo\u015bci? Pytania? Skontaktuj si\u0119 z nami tutaj!\",\"breadcrumb\":{\"@id\":\"https:\\\/\\\/sickdogsurf.com\\\/pl\\\/kontakty\\\/#breadcrumb\"},\"inLanguage\":\"pl-PL\",\"potentialAction\":[{\"@type\":\"ReadAction\",\"target\":[\"https:\\\/\\\/sickdogsurf.com\\\/pl\\\/kontakty\\\/\"]}]},{\"@type\":\"ImageObject\",\"inLanguage\":\"pl-PL\",\"@id\":\"https:\\\/\\\/sickdogsurf.com\\\/pl\\\/kontakty\\\/#primaryimage\",\"url\":\"https:\\\/\\\/sickdogsurf.com\\\/wp-content\\\/uploads\\\/2025\\\/09\\\/robywallie-1.jpg\",\"contentUrl\":\"https:\\\/\\\/sickdogsurf.com\\\/wp-content\\\/uploads\\\/2025\\\/09\\\/robywallie-1.jpg\",\"width\":1280,\"height\":887,\"caption\":\"Roberto & Wallie Sick Dog\"},{\"@type\":\"BreadcrumbList\",\"@id\":\"https:\\\/\\\/sickdogsurf.com\\\/pl\\\/kontakty\\\/#breadcrumb\",\"itemListElement\":[{\"@type\":\"ListItem\",\"position\":1,\"name\":\"Home\",\"item\":\"https:\\\/\\\/sickdogsurf.com\\\/pl\\\/\"},{\"@type\":\"ListItem\",\"position\":2,\"name\":\"Kontakty\"}]},{\"@type\":\"WebSite\",\"@id\":\"https:\\\/\\\/sickdogsurf.com\\\/pl\\\/#website\",\"url\":\"https:\\\/\\\/sickdogsurf.com\\\/pl\\\/\",\"name\":\"Kite Cruises, Kite Safari and Kite Lessons in Egypt - Sick Dog\",\"description\":\"\",\"publisher\":{\"@id\":\"https:\\\/\\\/sickdogsurf.com\\\/pl\\\/#organization\"},\"potentialAction\":[{\"@type\":\"SearchAction\",\"target\":{\"@type\":\"EntryPoint\",\"urlTemplate\":\"https:\\\/\\\/sickdogsurf.com\\\/pl\\\/?s={search_term_string}\"},\"query-input\":{\"@type\":\"PropertyValueSpecification\",\"valueRequired\":true,\"valueName\":\"search_term_string\"}}],\"inLanguage\":\"pl-PL\"},{\"@type\":\"Organization\",\"@id\":\"https:\\\/\\\/sickdogsurf.com\\\/pl\\\/#organization\",\"name\":\"Sick Dog\",\"alternateName\":\"Sick Dog\",\"url\":\"https:\\\/\\\/sickdogsurf.com\\\/pl\\\/\",\"logo\":{\"@type\":\"ImageObject\",\"inLanguage\":\"pl-PL\",\"@id\":\"https:\\\/\\\/sickdogsurf.com\\\/pl\\\/#\\\/schema\\\/logo\\\/image\\\/\",\"url\":\"https:\\\/\\\/sickdogsurf.com\\\/wp-content\\\/uploads\\\/2025\\\/09\\\/icon.png\",\"contentUrl\":\"https:\\\/\\\/sickdogsurf.com\\\/wp-content\\\/uploads\\\/2025\\\/09\\\/icon.png\",\"width\":512,\"height\":512,\"caption\":\"Sick Dog\"},\"image\":{\"@id\":\"https:\\\/\\\/sickdogsurf.com\\\/pl\\\/#\\\/schema\\\/logo\\\/image\\\/\"},\"sameAs\":[\"https:\\\/\\\/www.facebook.com\\\/sickdogsurf\",\"https:\\\/\\\/instagram.com\\\/sickdogsurf\",\"https:\\\/\\\/www.youtube.com\\\/channel\\\/UCEf1c4rAaoAUMilFW16YHww\\\/\"]}]}<\/script>\n<!-- \/ Yoast SEO plugin. -->","yoast_head_json":{"title":"Kontakty - Kite Cruises, Kite Safari and Kite Lessons in Egypt - Sick Dog","description":"W\u0105tpliwo\u015bci? Pytania? Skontaktuj si\u0119 z nami tutaj!","robots":{"index":"index","follow":"follow","max-snippet":"max-snippet:-1","max-image-preview":"max-image-preview:large","max-video-preview":"max-video-preview:-1"},"canonical":"https:\/\/sickdogsurf.com\/pl\/kontakty\/","og_locale":"pl_PL","og_type":"article","og_title":"Kontakty - Kite Cruises, Kite Safari and Kite Lessons in Egypt - Sick Dog","og_description":"W\u0105tpliwo\u015bci? Pytania? Skontaktuj si\u0119 z nami tutaj!","og_url":"https:\/\/sickdogsurf.com\/pl\/kontakty\/","og_site_name":"Kite Cruises, Kite Safari and Kite Lessons in Egypt - Sick Dog","article_publisher":"https:\/\/www.facebook.com\/sickdogsurf","article_modified_time":"2025-10-03T08:38:57+00:00","og_image":[{"width":1920,"height":1052,"url":"https:\/\/sickdogsurf.com\/wp-content\/uploads\/2025\/09\/main_kitetrip_9.jpg","type":"image\/jpeg"}],"twitter_card":"summary_large_image","twitter_misc":{"Szacowany czas czytania":"1 minuta"},"schema":{"@context":"https:\/\/schema.org","@graph":[{"@type":"WebPage","@id":"https:\/\/sickdogsurf.com\/pl\/kontakty\/","url":"https:\/\/sickdogsurf.com\/pl\/kontakty\/","name":"Kontakty - Kite Cruises, Kite Safari and Kite Lessons in Egypt - Sick Dog","isPartOf":{"@id":"https:\/\/sickdogsurf.com\/pl\/#website"},"primaryImageOfPage":{"@id":"https:\/\/sickdogsurf.com\/pl\/kontakty\/#primaryimage"},"image":{"@id":"https:\/\/sickdogsurf.com\/pl\/kontakty\/#primaryimage"},"thumbnailUrl":"https:\/\/sickdogsurf.com\/wp-content\/uploads\/2025\/09\/robywallie-1.jpg","datePublished":"2025-09-30T12:13:19+00:00","dateModified":"2025-10-03T08:38:57+00:00","description":"W\u0105tpliwo\u015bci? Pytania? Skontaktuj si\u0119 z nami tutaj!","breadcrumb":{"@id":"https:\/\/sickdogsurf.com\/pl\/kontakty\/#breadcrumb"},"inLanguage":"pl-PL","potentialAction":[{"@type":"ReadAction","target":["https:\/\/sickdogsurf.com\/pl\/kontakty\/"]}]},{"@type":"ImageObject","inLanguage":"pl-PL","@id":"https:\/\/sickdogsurf.com\/pl\/kontakty\/#primaryimage","url":"https:\/\/sickdogsurf.com\/wp-content\/uploads\/2025\/09\/robywallie-1.jpg","contentUrl":"https:\/\/sickdogsurf.com\/wp-content\/uploads\/2025\/09\/robywallie-1.jpg","width":1280,"height":887,"caption":"Roberto & Wallie Sick Dog"},{"@type":"BreadcrumbList","@id":"https:\/\/sickdogsurf.com\/pl\/kontakty\/#breadcrumb","itemListElement":[{"@type":"ListItem","position":1,"name":"Home","item":"https:\/\/sickdogsurf.com\/pl\/"},{"@type":"ListItem","position":2,"name":"Kontakty"}]},{"@type":"WebSite","@id":"https:\/\/sickdogsurf.com\/pl\/#website","url":"https:\/\/sickdogsurf.com\/pl\/","name":"Kite Cruises, Kite Safari and Kite Lessons in Egypt - Sick Dog","description":"","publisher":{"@id":"https:\/\/sickdogsurf.com\/pl\/#organization"},"potentialAction":[{"@type":"SearchAction","target":{"@type":"EntryPoint","urlTemplate":"https:\/\/sickdogsurf.com\/pl\/?s={search_term_string}"},"query-input":{"@type":"PropertyValueSpecification","valueRequired":true,"valueName":"search_term_string"}}],"inLanguage":"pl-PL"},{"@type":"Organization","@id":"https:\/\/sickdogsurf.com\/pl\/#organization","name":"Sick Dog","alternateName":"Sick Dog","url":"https:\/\/sickdogsurf.com\/pl\/","logo":{"@type":"ImageObject","inLanguage":"pl-PL","@id":"https:\/\/sickdogsurf.com\/pl\/#\/schema\/logo\/image\/","url":"https:\/\/sickdogsurf.com\/wp-content\/uploads\/2025\/09\/icon.png","contentUrl":"https:\/\/sickdogsurf.com\/wp-content\/uploads\/2025\/09\/icon.png","width":512,"height":512,"caption":"Sick Dog"},"image":{"@id":"https:\/\/sickdogsurf.com\/pl\/#\/schema\/logo\/image\/"},"sameAs":["https:\/\/www.facebook.com\/sickdogsurf","https:\/\/instagram.com\/sickdogsurf","https:\/\/www.youtube.com\/channel\/UCEf1c4rAaoAUMilFW16YHww\/"]}]}},"_links":{"self":[{"href":"https:\/\/sickdogsurf.com\/pl\/wp-json\/wp\/v2\/pages\/1980","targetHints":{"allow":["GET"]}}],"collection":[{"href":"https:\/\/sickdogsurf.com\/pl\/wp-json\/wp\/v2\/pages"}],"about":[{"href":"https:\/\/sickdogsurf.com\/pl\/wp-json\/wp\/v2\/types\/page"}],"author":[{"embeddable":true,"href":"https:\/\/sickdogsurf.com\/pl\/wp-json\/wp\/v2\/users\/1"}],"replies":[{"embeddable":true,"href":"https:\/\/sickdogsurf.com\/pl\/wp-json\/wp\/v2\/comments?post=1980"}],"version-history":[{"count":2,"href":"https:\/\/sickdogsurf.com\/pl\/wp-json\/wp\/v2\/pages\/1980\/revisions"}],"predecessor-version":[{"id":2709,"href":"https:\/\/sickdogsurf.com\/pl\/wp-json\/wp\/v2\/pages\/1980\/revisions\/2709"}],"wp:featuredmedia":[{"embeddable":true,"href":"https:\/\/sickdogsurf.com\/pl\/wp-json\/wp\/v2\/media\/2954"}],"wp:attachment":[{"href":"https:\/\/sickdogsurf.com\/pl\/wp-json\/wp\/v2\/media?parent=1980"}],"curies":[{"name":"wp","href":"https:\/\/api.w.org\/{rel}","templated":true}]}}