{"id":1799,"date":"2025-09-30T16:06:27","date_gmt":"2025-09-30T16:06:27","guid":{"rendered":"https:\/\/sickdogsurf.com\/kite-camp-cape-verde\/"},"modified":"2025-10-02T19:20:29","modified_gmt":"2025-10-02T19:20:29","slug":"kite-camp-capo-verde","status":"publish","type":"page","link":"https:\/\/sickdogsurf.com\/it\/kite-camp-capo-verde\/","title":{"rendered":"Kite Camp &#8211; Capo Verde"},"content":{"rendered":"<div class=\"wpb-content-wrapper\"><p>[vc_row][vc_column][vc_column_text css=&#8221;&#8221;]<\/p>\n<h1 class=\"bold\" style=\"text-align: center;\">KITE CAMP CAPO VERDE<\/h1>\n<p>[\/vc_column_text][vc_column_text css=&#8221;&#8221; el_class=&#8221;centered&#8221;]<\/p>\n<h3 style=\"text-align: center;\">Fai kite con i migliori e inizia a provare le onde!<\/h3>\n<p>[\/vc_column_text][\/vc_column][\/vc_row][vc_row el_position=&#8221;last&#8221;][vc_column][vc_column_text css=&#8221;&#8221;]<\/p>\n<h1 style=\"text-align: center;\"><strong>KITE CAMP CAPO VERDE<\/strong><\/h1>\n<h3 class=\"bottom25\" style=\"text-align: center;\">LA DESTINAZIONE KITE IDEALE PER L\u2019INVERNO<\/h3>\n<h4 style=\"text-align: center;\">100\u20ac a notte \u2013 scegli le tue date<\/h4>\n<h4 style=\"text-align: center;\"><strong>DA ANNUNCIARE<\/strong><\/h4>\n<p>[\/vc_column_text][\/vc_column][\/vc_row][vc_row full_width=&#8221;stretch_row_content_no_spaces&#8221;][vc_column][vc_video link=&#8221;https:\/\/vimeo.com\/152731120\/&#8221;][\/vc_column][\/vc_row][vc_row][vc_column][vc_column_text css=&#8221;&#8221;]<\/p>\n<h2>SU CAPO VERDE<\/h2>\n<p>Capo Verde, Isola di Sal, una piccola isola nel bel mezzo dell\u2019Atlantico Africano. E\u2019 un paradiso per il kitesurf d\u2019inverno \u2013 da Ottobre ad Aprile il vento \u00e8 costante e forte, un posto perfetto per imparare a fare kitesurf,<strong>\u00a0sia con la normale tavola da kite o con un surf!<\/strong>\u00a0Il meteo \u00e8 ottimo e le temperature pi\u00f9 che gradevoli, sia di giorno che di sera, meglio con una muta in acqua (molto meglio) anche se non 100% obbligatoria. Non dimentichiamoci l\u2019atmosfera del posto \u2013 pieno di kiters e si pu\u00f2 veramente respirare il vibe del nostro sport: Capo Verde \u00e8 casa di alcuni fra i migliori riders al mondo, ed avremo la possibilit\u00e0 di imparare da loro nelle nostre kite clinics! Ne parliamo fra poco\u2026<\/p>\n<h2>IL NOSTRO KITE CAMP<\/h2>\n<p>Sarai alloggiato nella nostra SurfHouse, o in un albergo nel paese di Santa Maria se la SurfHouse \u00e8 piena,\u00a0 in camere doppie o triple, ognuna con il proprio bagno. Siamo nell\u2019isola di Sal, in acqua tutti i giorni a Kite Beach, ospiti della scuola di Mitu &amp; Djo, e seguiti dai nostri istruttori.<\/p>\n<p><strong>Il costo \u00e8 di 100\u20ac a notte (70\u20ac se non fai kite)<\/strong>. Il nostro team Europeo include istruttori, kite gurus, e guide per rendere il nostro camp un camp di successo. Faremo kite tutti i giorni (normalmente a Febbraio \u00e8 ventoso tutti i giorni), in condizioni ideali per progredire o per imparare da zero.<\/p>\n<p><strong>GIORNO 1<\/strong><\/p>\n<p>Il primo giorno \u00e8 il giorno del tuo arrivo! Il transfer ti aspetta all\u2019aereoporto, e da l\u00ec andrai direttamente alla Surf House, dove incontrerai il nostro team. Se il team \u00e8 a Kite Beach e se hai ancora energia, andremo a Kite Beach per una prima sessione in acqua. La cena sar\u00e0 in paese, e dopo cena un drink e di ritorno a casa, a ricaricare le batterie per un\u2019intensa giornata di kite domani.<\/p>\n<p><strong>DAL GIORNO 2 AL GIORNO\u00a0 13<\/strong><\/p>\n<p>Dopo colazione, andremo verso Kite Beach. Il team di Sick Dog sar\u00e0 in spiaggia con consigli\/aiuti\/lezioni \u2013 tutti riceveranno il training necessario per migliorare in acqua. Ci aspettiamo vento ogni giorno, quindi aspettatevi un kite camp intenso. Pranzo a Kite Beach e cena in paese, seguita da Live music al Buddy Bar. Ogni sera c\u2019\u00e8 qualcosa di diverso da fare a Santa Maria.<\/p>\n<p>Tutte le giornate saranno simili, foalizzate sul kite \u2013 in caso di poco vento, abbiamo altre attivit\u00e0 extra in programma, come il surf, wing foiling, stand up paddle, sailing e un giro dell\u2019isola in Quad.<\/p>\n<p><strong>GIORNO 15<\/strong><\/p>\n<p>E\u2019 il giorno della tua partenza! A seconda del tuo volo, ti porteremo in aereoporto: alla prossima!<\/p>\n<p>Il costo del nostro kite camp \u00e8\u00a0<strong>100\u20ac a notte<\/strong>, e puoi scegliere le tue notti a seconda delle tue vacanze: il nostro camp dura 15 giorni, ma puoi unirti a noi quando vuoi.\u00a0 Il nostro team europeo include istruttori, kite gurus e guide per organizzare il kite camp al meglio. Saremo in acqua tutti i giorni (se ventoso), nelle condizioni migliori per migliorare le nostre abilit\u00e0 con il kite, o per imparare kite da zero.<\/p>\n<p><strong>IL NOSTRO PACCHETTO:<\/strong><\/p>\n<ul>\n<li><strong>1 Kiter \u2013 100\u20ac a notte\/70\u20ac per chi non fa kite<\/strong><\/li>\n<li>Transfer da e per l\u2019aereoporto<\/li>\n<li>Posto letto nella nostra SurfHouse, a Santa Maria, a pochi minuti dallo spot. Colazione inclusa.<\/li>\n<li>Transfer giornalieri da e per lo spot (10 minuti con il nostro pick up)<\/li>\n<li>Istruttori in spiaggia per aiutarti a migliorare<\/li>\n<li>Musica dal vivo e serate a Santa Maria<\/li>\n<\/ul>\n<p><strong>OPZIONALE \u2013 AFFITTO MATERIALE KITE COMPLETO \u2013 295\u20ac<\/strong><\/p>\n<p><strong>OPZIONALE \u2013 CORSO COMPLETO DI KITE\u00a0 \u2013 280\u20ac, 10h di lezione, da zero fino ai tuoi primi metri sulla tavola<\/strong><\/p>\n<p><strong>OPZIONALE \u2013 WAVE o FREESTYLE CLINIC \u2013 Pacchetto di lezioni con Elvis Nunes- contattaci per maggiori info<\/strong><\/p>\n<p><strong>OPZIONALE \u2013 WAVE o\u00a0 STRAPLESS CLINIC \u2013 Pacchetto di lezioni con il 1x World Champion Mitu Monteiro \u2013 contattaci per maggiori info<\/strong><\/p>\n<p>Anche se sei accompagnato\/a da un non kiter, la cittadina di Santa Maria \u00e8 piuttosto allegra ed interessante, con bellissime spiagge sabbiose, bars e ristoranti. Ci sono anche parecchi attivit\u00e0 extra, come il diving, windsurf e surf, un tour in quad, o lo stand up paddle.<\/p>\n<p>Anche le nostre serate sono piuttosto movimentate a Santa Maria, con parecchi eventi di musica dal vivo e piccole feste.[\/vc_column_text][\/vc_column][\/vc_row][vc_row full_width=&#8221;stretch_row_content_no_spaces&#8221;][vc_column][vc_cta h2=&#8221;&#8221; add_button=&#8221;bottom&#8221; btn_title=&#8221;GET STARTED&#8221; btn_shape=&#8221;square&#8221; btn_color=&#8221;info&#8221; btn_size=&#8221;lg&#8221; btn_align=&#8221;center&#8221; css=&#8221;&#8221; btn_link=&#8221;url:https%3A%2F%2Fsickdogsurf.com%2Fit%2Fcontattaci|title:Contact%20Us&#8221;]<\/p>\n<h2 class=\"wpb_call_text\" style=\"text-align: center;\">100\u20ac a notte \/ 70\u20ac per i non kiters \u2013 30 Gennaio \u2013 13 Febbraio \u2013 Contattaci per maggiori info<\/h2>\n<p>[\/vc_cta][\/vc_column][\/vc_row][vc_row][vc_column width=&#8221;1\/2&#8243;][vc_column_text css=&#8221;&#8221;]<\/p>\n<h2>COME ARRIVARE A CAPO VERDE<\/h2>\n<p>Capo Verde \u00e8 molto ben collegata con l\u2019Europa \u2013 l\u2019aereoporto di arrivo \u00e8 SID.<\/p>\n<p>Parecchi compagnie aeree offrono voli diretti e non all\u2019aereoporto dell\u2019isola di Sal (Codice aereoportuale SID)<\/p>\n<ul>\n<li>Neos Air\u00a0 \u2013 Dall\u2019Italia<\/li>\n<li>Condor \u2013 Da Brussels<\/li>\n<li>TUI \u2013 Dalla Germania, Scandinavia, Francia, Olanda<\/li>\n<li>TAP \u2013 Dal Portogallo<\/li>\n<\/ul>\n<p>Se non riesci a trovare un volo, contattaci \u2013 abbiamo dei contatti con delle agenzie di viaggio europee che potrebbero essere in grado di aiutarti.[\/vc_column_text][vc_column_text css=&#8221;&#8221;]<\/p>\n<h2>ATTIVITA\u2019 EXTRA<\/h2>\n<p>Amiamo il kitesurf, ma avremo anche tempo per altre cose\u2026<\/p>\n<p><strong>Surfing<\/strong>\u00a0\u2013 faremo surf alla spiaggia principale di Santa Maria, con onde medio\/piccole perfette per imparare.<\/p>\n<p><strong>Sailing<\/strong>\u00a0\u2013 una giornata sulla barca a vela\u00a0S\/Y Cuba Libre con il nostro skipper\u00a0Hendrik \u2013 una giornata di relax, snorkling,\u00a0\u00a0chill, surf se troviamo qualche onda ed un gran finale al tramonto<\/p>\n<p><strong>Quad<\/strong>\u00a0\u2013 \u00e8 possibile affittare dei quads e visitare la parte pi\u00f9 deserta di Sal, un\u2019esperienza.<\/p>\n<p><strong>Barbecue<\/strong>\u00a0\u2013 il Gioved\u00ec sera \u00e8 serata BBQ a Funana, in spiaggia. E dopo si continua l\u00ec fino a notte inoltrata, energie permettendo.<\/p>\n<p><strong>Serate fuori e musica dal vivo<\/strong>\u2013 usciamo ogni sera, per visitare diversi bar e ristoranti a seconda delle serate, per godersi quanto di meglio Santa Maria ha da offrire.<\/p>\n<p><strong>Yoga<\/strong>\u00a0\u2013 dopo una lunga sessione, niente di meglio di 1 ora di Yoga con Sheena, per essere pronti per il giorno dopo![\/vc_column_text][\/vc_column][vc_column width=&#8221;1\/2&#8243;][vc_column_text css=&#8221;&#8221;]<\/p>\n<h2>I KITE SPOTS<\/h2>\n<p><strong>Santa Maria Beach<\/strong>\u00a0\u00e8 lo spot esattamente davanti alla scuola Surf Zone. E\u2019 prevalentemente flat, senza onde particolari, e grazie alla nostra barca per il rescue \u00e8 adatta a tutti i livelli.<\/p>\n<p><strong>Kite Beach<\/strong>\u00a0\u00e8 perfetta per imparare a fare kitesurf fra le onde, ma anche per gli amanti della classica tavola da kite. E\u2019 una lunga spiaggia con un mucchio di spazio e praticamente niente reef, sicuro grazie anche al vento che spinge i kiters verso la spiaggia in caso di problemi. Qui \u00e8 dove faremo kite praticamente tutti i giorni, e dove avremo le nostre lezioni e cliniche per il freestyle.<\/p>\n<p><strong>Serra Negra<\/strong>\u00a0\u00e8 il nostro secondo spot, con onde pi\u00f9 regolari, perfetto per riders intermedi che vogliono provare qualcosa di nuovo \u2013 qui \u00e8 dove avremo le wave clinics con Mitu Monteiro.<\/p>\n<p><strong>Ponta preta<\/strong>\u00a0\u2013 expert\/intermediate only. L\u2019onda definitiva di Capo Verde. Solo i migliori la affrontano quando \u00e8 \u00a0veramente grande, \u00e8 comunque accessibile ad esperti ed intermedi, quindi da provare se ci sentiamo particolarmente in forma, sempre sotto la nostra supervisione.[\/vc_column_text][\/vc_column][\/vc_row][vc_row][vc_column][vc_column_text css=&#8221;&#8221;]<\/p>\n<h2 style=\"text-align: center;\">FAREMO KITE QUI \u2013 IN COLLABORAZIONE CON LA SCUOLA KITE DI MITU &amp; DJO<\/h2>\n<p>[\/vc_column_text][vc_video link=&#8221;https:\/\/vimeo.com\/61186133&#8243;][\/vc_column][\/vc_row][vc_row][vc_column][vc_column_text css=&#8221;&#8221;]<\/p>\n<div class=\"wpb_text_column wpb_content_element\">\n<div class=\"wpb_wrapper\">\n<h2>MEET YOUR CLINIC INSTRUCTOR \u2013 MITU MONTEIRO<\/h2>\n<\/div>\n<\/div>\n<p>[\/vc_column_text][vc_video link=&#8221;https:\/\/youtu.be\/IAgbJaI0CS8&#8243;][\/vc_column][\/vc_row][vc_row][vc_column][vc_column_text css=&#8221;&#8221;]<\/p>\n<h2 style=\"text-align: center;\">DOVE DORMIRE<\/h2>\n<p>[\/vc_column_text][\/vc_column][\/vc_row][vc_row][vc_column width=&#8221;1\/2&#8243;][vc_column_text css=&#8221;&#8221;]<\/p>\n<h2 style=\"text-align: center;\">LA SURF HOUSE<\/h2>\n<p>La nostra Surf House si trova nella cittadina di Santa Maria, 5 minuti a piedi dal rumoroso ma divertente centro \u2013 il posto perfetto per riposarsi dopo una lunga sessione di kite.<\/p>\n<p>La Surf House si divide in piani \u2013 ogni piano ha diverse stanze, doppie o triple, con bagno privato, ed un area comune per cucinare e rilassarsi. C\u2019\u00e8 anche un area comune con un giardino, amache, ed un tavolo da biliardo nel nostro piccolo bar.<\/p>\n<p>Ad un prezzo extra \u00e8 possibile avere una stanza singola o un monolocale indipendente nella Surf House. Colazione inclusa.[\/vc_column_text][\/vc_column][vc_column width=&#8221;1\/2&#8243;][vc_column_text css=&#8221;&#8221;]<\/p>\n<h2 style=\"text-align: center;\">HOTEL DA LUZ<\/h2>\n<p>L\u2019hotel Da Luz \u00e8 una pratica alternativa se la nostra surf house \u00e8 piena. Vicina al centro e alle spiaggia di Leme Beach, colazione inclusa.<\/p>\n<p>Sarete alloggiati in camere doppie, se avete bisogno di una camera singola contattateci![\/vc_column_text][\/vc_column][\/vc_row][vc_row][vc_column][vc_column_text]<\/p>\n<h2 style=\"text-align: center;\">OUR TEAM<\/h2>\n<p>[\/vc_column_text][\/vc_column][\/vc_row][vc_row][vc_column width=&#8221;1\/2&#8243;][vc_text_separator title=&#8221;ROBERTO PRIMI&#8221;][vc_column_text css=&#8221;&#8221;]<\/p>\n<div class=\"wpb_text_column wpb_content_element\">\n<div class=\"wpb_wrapper\">\n<p>Roberto \u00e8 un wavekite rider ed \u00e8 il fondatore originale di Sick Dog. Passa ogni Inverno a Capo Verde, facendo kite la mattina, mangiando tonno fresco e ricaricando le batterie per il resto della stagione!<\/p>\n<\/div>\n<\/div>\n<p>[\/vc_column_text][vc_single_image image=&#8221;8451&#8243; img_size=&#8221;1027&#215;538&#8243; css=&#8221;&#8221;][\/vc_column][vc_column width=&#8221;1\/2&#8243;][vc_text_separator title=&#8221;MERY&#8221;][vc_column_text css=&#8221;&#8221;]<\/p>\n<div class=\"wpb_text_column wpb_content_element\">\n<div class=\"wpb_wrapper\">\n<p>Mery verr\u00e0 con noi per la prima volta a Capo Verde, con la sua energia e abilit\u00e0 ci aiuter\u00e0 a pianificare le varie attivit\u00e0 giornaliere.<\/p>\n<\/div>\n<\/div>\n<p>[\/vc_column_text][vc_single_image image=&#8221;8003&#8243; img_size=&#8221;1027&#215;538&#8243; css=&#8221;&#8221;][\/vc_column][\/vc_row]<\/p>\n<\/div>","protected":false},"excerpt":{"rendered":"<p>[vc_row][vc_column][vc_column_text css=&#8221;&#8221;] KITE CAMP CAPO VERDE [\/vc_column_text][vc_column_text css=&#8221;&#8221; el_class=&#8221;centered&#8221;] Fai kite con i migliori e inizia a provare le onde! [\/vc_column_text][\/vc_column][\/vc_row][vc_row el_position=&#8221;last&#8221;][vc_column][vc_column_text css=&#8221;&#8221;] KITE CAMP CAPO VERDE LA DESTINAZIONE KITE IDEALE PER L\u2019INVERNO 100\u20ac a notte \u2013 scegli le tue date DA ANNUNCIARE [\/vc_column_text][\/vc_column][\/vc_row][vc_row full_width=&#8221;stretch_row_content_no_spaces&#8221;][vc_column][vc_video link=&#8221;https:\/\/vimeo.com\/152731120\/&#8221;][\/vc_column][\/vc_row][vc_row][vc_column][vc_column_text css=&#8221;&#8221;] SU CAPO VERDE Capo Verde, Isola di Sal, una [&hellip;]<\/p>\n","protected":false},"author":1,"featured_media":0,"parent":0,"menu_order":0,"comment_status":"closed","ping_status":"closed","template":"","meta":{"footnotes":""},"class_list":["post-1799","page","type-page","status-publish","hentry","post"],"yoast_head":"<!-- This site is optimized with the Yoast SEO plugin v27.4 - https:\/\/yoast.com\/product\/yoast-seo-wordpress\/ -->\n<title>Kite Camp - Capo Verde - Kite Cruises, Kite Safari and Kite Lessons in Egypt - Sick Dog<\/title>\n<meta name=\"description\" content=\"Kite Camp a Capo Verde - Ottimo vento, istruttori preparati, vieni con noi a Capo Verde, isola di Sal, questo inverno\" \/>\n<meta name=\"robots\" content=\"index, follow, max-snippet:-1, max-image-preview:large, max-video-preview:-1\" \/>\n<link rel=\"canonical\" href=\"https:\/\/sickdogsurf.com\/it\/kite-camp-capo-verde\/\" \/>\n<meta property=\"og:locale\" content=\"it_IT\" \/>\n<meta property=\"og:type\" content=\"article\" \/>\n<meta property=\"og:title\" content=\"Kite Camp - Capo Verde - Kite Cruises, Kite Safari and Kite Lessons in Egypt - Sick Dog\" \/>\n<meta property=\"og:description\" content=\"Kite Camp a Capo Verde - Ottimo vento, istruttori preparati, vieni con noi a Capo Verde, isola di Sal, questo inverno\" \/>\n<meta property=\"og:url\" content=\"https:\/\/sickdogsurf.com\/it\/kite-camp-capo-verde\/\" \/>\n<meta property=\"og:site_name\" content=\"Kite Cruises, Kite Safari and Kite Lessons in Egypt - Sick Dog\" \/>\n<meta property=\"article:publisher\" content=\"https:\/\/www.facebook.com\/sickdogsurf\" \/>\n<meta property=\"article:modified_time\" content=\"2025-10-02T19:20:29+00:00\" \/>\n<meta property=\"og:image\" content=\"https:\/\/sickdogsurf.com\/wp-content\/uploads\/2025\/09\/main_kitetrip_9.jpg\" \/>\n\t<meta property=\"og:image:width\" content=\"1920\" \/>\n\t<meta property=\"og:image:height\" content=\"1052\" \/>\n\t<meta property=\"og:image:type\" content=\"image\/jpeg\" \/>\n<meta name=\"twitter:card\" content=\"summary_large_image\" \/>\n<meta name=\"twitter:label1\" content=\"Tempo di lettura stimato\" \/>\n\t<meta name=\"twitter:data1\" content=\"7 minuti\" \/>\n<script type=\"application\/ld+json\" class=\"yoast-schema-graph\">{\"@context\":\"https:\\\/\\\/schema.org\",\"@graph\":[{\"@type\":\"WebPage\",\"@id\":\"https:\\\/\\\/sickdogsurf.com\\\/it\\\/kite-camp-capo-verde\\\/\",\"url\":\"https:\\\/\\\/sickdogsurf.com\\\/it\\\/kite-camp-capo-verde\\\/\",\"name\":\"Kite Camp - Capo Verde - Kite Cruises, Kite Safari and Kite Lessons in Egypt - Sick Dog\",\"isPartOf\":{\"@id\":\"https:\\\/\\\/sickdogsurf.com\\\/it\\\/#website\"},\"datePublished\":\"2025-09-30T16:06:27+00:00\",\"dateModified\":\"2025-10-02T19:20:29+00:00\",\"description\":\"Kite Camp a Capo Verde - Ottimo vento, istruttori preparati, vieni con noi a Capo Verde, isola di Sal, questo inverno\",\"breadcrumb\":{\"@id\":\"https:\\\/\\\/sickdogsurf.com\\\/it\\\/kite-camp-capo-verde\\\/#breadcrumb\"},\"inLanguage\":\"it-IT\",\"potentialAction\":[{\"@type\":\"ReadAction\",\"target\":[\"https:\\\/\\\/sickdogsurf.com\\\/it\\\/kite-camp-capo-verde\\\/\"]}]},{\"@type\":\"BreadcrumbList\",\"@id\":\"https:\\\/\\\/sickdogsurf.com\\\/it\\\/kite-camp-capo-verde\\\/#breadcrumb\",\"itemListElement\":[{\"@type\":\"ListItem\",\"position\":1,\"name\":\"Home\",\"item\":\"https:\\\/\\\/sickdogsurf.com\\\/it\\\/\"},{\"@type\":\"ListItem\",\"position\":2,\"name\":\"Kite Camp &#8211; Capo Verde\"}]},{\"@type\":\"WebSite\",\"@id\":\"https:\\\/\\\/sickdogsurf.com\\\/it\\\/#website\",\"url\":\"https:\\\/\\\/sickdogsurf.com\\\/it\\\/\",\"name\":\"Kite Cruises, Kite Safari and Kite Lessons in Egypt - Sick Dog\",\"description\":\"\",\"publisher\":{\"@id\":\"https:\\\/\\\/sickdogsurf.com\\\/it\\\/#organization\"},\"potentialAction\":[{\"@type\":\"SearchAction\",\"target\":{\"@type\":\"EntryPoint\",\"urlTemplate\":\"https:\\\/\\\/sickdogsurf.com\\\/it\\\/?s={search_term_string}\"},\"query-input\":{\"@type\":\"PropertyValueSpecification\",\"valueRequired\":true,\"valueName\":\"search_term_string\"}}],\"inLanguage\":\"it-IT\"},{\"@type\":\"Organization\",\"@id\":\"https:\\\/\\\/sickdogsurf.com\\\/it\\\/#organization\",\"name\":\"Sick Dog\",\"alternateName\":\"Sick Dog\",\"url\":\"https:\\\/\\\/sickdogsurf.com\\\/it\\\/\",\"logo\":{\"@type\":\"ImageObject\",\"inLanguage\":\"it-IT\",\"@id\":\"https:\\\/\\\/sickdogsurf.com\\\/it\\\/#\\\/schema\\\/logo\\\/image\\\/\",\"url\":\"https:\\\/\\\/sickdogsurf.com\\\/wp-content\\\/uploads\\\/2025\\\/09\\\/icon.png\",\"contentUrl\":\"https:\\\/\\\/sickdogsurf.com\\\/wp-content\\\/uploads\\\/2025\\\/09\\\/icon.png\",\"width\":512,\"height\":512,\"caption\":\"Sick Dog\"},\"image\":{\"@id\":\"https:\\\/\\\/sickdogsurf.com\\\/it\\\/#\\\/schema\\\/logo\\\/image\\\/\"},\"sameAs\":[\"https:\\\/\\\/www.facebook.com\\\/sickdogsurf\",\"https:\\\/\\\/instagram.com\\\/sickdogsurf\",\"https:\\\/\\\/www.youtube.com\\\/channel\\\/UCEf1c4rAaoAUMilFW16YHww\\\/\"]}]}<\/script>\n<!-- \/ Yoast SEO plugin. -->","yoast_head_json":{"title":"Kite Camp - Capo Verde - Kite Cruises, Kite Safari and Kite Lessons in Egypt - Sick Dog","description":"Kite Camp a Capo Verde - Ottimo vento, istruttori preparati, vieni con noi a Capo Verde, isola di Sal, questo inverno","robots":{"index":"index","follow":"follow","max-snippet":"max-snippet:-1","max-image-preview":"max-image-preview:large","max-video-preview":"max-video-preview:-1"},"canonical":"https:\/\/sickdogsurf.com\/it\/kite-camp-capo-verde\/","og_locale":"it_IT","og_type":"article","og_title":"Kite Camp - Capo Verde - Kite Cruises, Kite Safari and Kite Lessons in Egypt - Sick Dog","og_description":"Kite Camp a Capo Verde - Ottimo vento, istruttori preparati, vieni con noi a Capo Verde, isola di Sal, questo inverno","og_url":"https:\/\/sickdogsurf.com\/it\/kite-camp-capo-verde\/","og_site_name":"Kite Cruises, Kite Safari and Kite Lessons in Egypt - Sick Dog","article_publisher":"https:\/\/www.facebook.com\/sickdogsurf","article_modified_time":"2025-10-02T19:20:29+00:00","og_image":[{"width":1920,"height":1052,"url":"https:\/\/sickdogsurf.com\/wp-content\/uploads\/2025\/09\/main_kitetrip_9.jpg","type":"image\/jpeg"}],"twitter_card":"summary_large_image","twitter_misc":{"Tempo di lettura stimato":"7 minuti"},"schema":{"@context":"https:\/\/schema.org","@graph":[{"@type":"WebPage","@id":"https:\/\/sickdogsurf.com\/it\/kite-camp-capo-verde\/","url":"https:\/\/sickdogsurf.com\/it\/kite-camp-capo-verde\/","name":"Kite Camp - Capo Verde - Kite Cruises, Kite Safari and Kite Lessons in Egypt - Sick Dog","isPartOf":{"@id":"https:\/\/sickdogsurf.com\/it\/#website"},"datePublished":"2025-09-30T16:06:27+00:00","dateModified":"2025-10-02T19:20:29+00:00","description":"Kite Camp a Capo Verde - Ottimo vento, istruttori preparati, vieni con noi a Capo Verde, isola di Sal, questo inverno","breadcrumb":{"@id":"https:\/\/sickdogsurf.com\/it\/kite-camp-capo-verde\/#breadcrumb"},"inLanguage":"it-IT","potentialAction":[{"@type":"ReadAction","target":["https:\/\/sickdogsurf.com\/it\/kite-camp-capo-verde\/"]}]},{"@type":"BreadcrumbList","@id":"https:\/\/sickdogsurf.com\/it\/kite-camp-capo-verde\/#breadcrumb","itemListElement":[{"@type":"ListItem","position":1,"name":"Home","item":"https:\/\/sickdogsurf.com\/it\/"},{"@type":"ListItem","position":2,"name":"Kite Camp &#8211; Capo Verde"}]},{"@type":"WebSite","@id":"https:\/\/sickdogsurf.com\/it\/#website","url":"https:\/\/sickdogsurf.com\/it\/","name":"Kite Cruises, Kite Safari and Kite Lessons in Egypt - Sick Dog","description":"","publisher":{"@id":"https:\/\/sickdogsurf.com\/it\/#organization"},"potentialAction":[{"@type":"SearchAction","target":{"@type":"EntryPoint","urlTemplate":"https:\/\/sickdogsurf.com\/it\/?s={search_term_string}"},"query-input":{"@type":"PropertyValueSpecification","valueRequired":true,"valueName":"search_term_string"}}],"inLanguage":"it-IT"},{"@type":"Organization","@id":"https:\/\/sickdogsurf.com\/it\/#organization","name":"Sick Dog","alternateName":"Sick Dog","url":"https:\/\/sickdogsurf.com\/it\/","logo":{"@type":"ImageObject","inLanguage":"it-IT","@id":"https:\/\/sickdogsurf.com\/it\/#\/schema\/logo\/image\/","url":"https:\/\/sickdogsurf.com\/wp-content\/uploads\/2025\/09\/icon.png","contentUrl":"https:\/\/sickdogsurf.com\/wp-content\/uploads\/2025\/09\/icon.png","width":512,"height":512,"caption":"Sick Dog"},"image":{"@id":"https:\/\/sickdogsurf.com\/it\/#\/schema\/logo\/image\/"},"sameAs":["https:\/\/www.facebook.com\/sickdogsurf","https:\/\/instagram.com\/sickdogsurf","https:\/\/www.youtube.com\/channel\/UCEf1c4rAaoAUMilFW16YHww\/"]}]}},"_links":{"self":[{"href":"https:\/\/sickdogsurf.com\/it\/wp-json\/wp\/v2\/pages\/1799","targetHints":{"allow":["GET"]}}],"collection":[{"href":"https:\/\/sickdogsurf.com\/it\/wp-json\/wp\/v2\/pages"}],"about":[{"href":"https:\/\/sickdogsurf.com\/it\/wp-json\/wp\/v2\/types\/page"}],"author":[{"embeddable":true,"href":"https:\/\/sickdogsurf.com\/it\/wp-json\/wp\/v2\/users\/1"}],"replies":[{"embeddable":true,"href":"https:\/\/sickdogsurf.com\/it\/wp-json\/wp\/v2\/comments?post=1799"}],"version-history":[{"count":4,"href":"https:\/\/sickdogsurf.com\/it\/wp-json\/wp\/v2\/pages\/1799\/revisions"}],"predecessor-version":[{"id":2575,"href":"https:\/\/sickdogsurf.com\/it\/wp-json\/wp\/v2\/pages\/1799\/revisions\/2575"}],"wp:attachment":[{"href":"https:\/\/sickdogsurf.com\/it\/wp-json\/wp\/v2\/media?parent=1799"}],"curies":[{"name":"wp","href":"https:\/\/api.w.org\/{rel}","templated":true}]}}