{"id":1179,"date":"2025-09-30T11:42:39","date_gmt":"2025-09-30T11:42:39","guid":{"rendered":"https:\/\/sickdogsurf.com\/book-now\/"},"modified":"2025-10-10T10:43:38","modified_gmt":"2025-10-10T10:43:38","slug":"prenota-ora","status":"publish","type":"page","link":"https:\/\/sickdogsurf.com\/it\/prenota-ora\/","title":{"rendered":"Prenota Ora"},"content":{"rendered":"<div class=\"wpb-content-wrapper\"><p>[vc_row full_width=&#8221;stretch_row&#8221; css=&#8221;.vc_custom_1760093014955{background-image: url(https:\/\/sickdogsurf.com\/wp-content\/uploads\/2025\/09\/ACH_1156-2_01-e1759252360699.jpg?id=1199) !important;background-position: center !important;background-repeat: no-repeat !important;background-size: cover !important;}&#8221;][vc_column][vc_empty_space height=&#8221;600px&#8221;][\/vc_column][\/vc_row][vc_row css=&#8221;.vc_custom_1759479929576{margin-top: 20px !important;}&#8221;][vc_column][vc_row_inner][vc_column_inner width=&#8221;1\/2&#8243;][vc_single_image image=&#8221;1181&#8243; img_size=&#8221;300&#215;300&#8243; alignment=&#8221;center&#8221; style=&#8221;vc_box_circle_2&#8243; css_animation=&#8221;none&#8221; css=&#8221;&#8221; el_class=&#8221;centered&#8221;][vc_column_text css=&#8221;&#8221;]Roberto ha fondato Sick Dog nel 2015 e, insieme al suo team, gestisce crociere di kitesurf in Egitto da allora. Ama riparare i kite, passeggiare con il suo cane Wallie e bere caff\u00e8.[\/vc_column_text][\/vc_column_inner][vc_column_inner width=&#8221;1\/2&#8243;][vc_column_text css_animation=&#8221;none&#8221; css=&#8221;&#8221;]<\/p>\n<div class=\"centeronmobile\">\n<h2 style=\"text-align: center;\"><strong>COME PRENOTARE<\/strong><\/h2>\n<ol>\n<li>Scegli una settimana per il tuo viaggio di kite safari nel calendario sottostante e contattaci via email o whatsapp per confermare la disponibilit\u00e0 aggiornata e assicurarti che tutte le tue domande e dubbi siano risolti.<\/li>\n<li>Una volta confermato, ti invieremo una fattura per un deposito del 30% per riservare il tuo posto a bordo. Il saldo rimanente pu\u00f2 essere pagato due settimane prima dell&#8217;arrivo tramite bonifico bancario o direttamente a bordo.<\/li>\n<li>Riceverai un PDF con molte informazioni sulla nostra crociera di kite. Avremo bisogno anche di vari dettagli da parte tua, come il tuo livello di kite e le tue esigenze specifiche (lezioni, noleggi, esigenze alimentari e qualsiasi altra cosa che possa sembrare importante).<\/li>\n<\/ol>\n<ul class=\"centerlist_onmobile customlist\">\n<li>Sick Dog Surf \u00e8 una societ\u00e0 europea fondata nel 2015<\/li>\n<li><i class=\"icon-check checkicon highlightcolor\"><\/i>Sicuro: tutti i pagamenti con fattura tramite bonifico bancario europeo<\/li>\n<li><i class=\"icon-check checkicon highlightcolor\"><\/i>Parliamo inglese, spagnolo e italiano<\/li>\n<\/ul>\n<\/div>\n<p>[\/vc_column_text][vc_btn title=&#8221;Pronti! Basta inviarci un&#8217;email a info@sickdogsurf.com o mandarci un messaggio su whatsapp\/instagram al 00201009410388 per iniziare&#8221; style=&#8221;classic&#8221; color=&#8221;turquoise&#8221; align=&#8221;center&#8221; css=&#8221;&#8221;][vc_message css=&#8221;&#8221;]Prima di prenotare qualsiasi volo, assicurati con noi che ci sia un posto per te sul nostro yacht poich\u00e9 alcuni dei nostri viaggi sono gi\u00e0 completamente prenotati, e le disponibilit\u00e0 a bordo cambiano ogni giorno.<\/p>\n<p>Leggi\u00a0<a href=\"https:\/\/www.sickdogsurf.com\/terms\" target=\"_blank\" rel=\"noopener\">qui<\/a>\u00a0i nostri Termini e Condizioni.[\/vc_message][\/vc_column_inner][\/vc_row_inner][\/vc_column][\/vc_row][vc_row][vc_column][vc_text_separator title=&#8221;SETTIMANE KITE SAFARI 2026&#8243; css=&#8221;&#8221;][vc_column_text css=&#8221;&#8221;]<\/p>\n<p style=\"text-align: center;\">\n<table id=\"tablepress-8\" class=\"tablepress tablepress-id-8\">\n<thead>\n<tr class=\"row-1\">\n\t<th class=\"column-1\">WEEKS<\/th><th class=\"column-2\">BOAT<\/th><th class=\"column-3\">PRICE PER PERSON<\/th>\n<\/tr>\n<\/thead>\n<tbody class=\"row-hover\">\n<tr class=\"row-2\">\n\t<td class=\"column-1\">April 11 - 18<\/td><td class=\"column-2\">Heaven Liberty<\/td><td class=\"column-3\">FULL<\/td>\n<\/tr>\n<tr class=\"row-3\">\n\t<td class=\"column-1\">April 18 - 25<\/td><td class=\"column-2\">New Regency<\/td><td class=\"column-3\">FULL<\/td>\n<\/tr>\n<tr class=\"row-4\">\n\t<td class=\"column-1\">April 25 - May 2<\/td><td class=\"column-2\">New Regency<\/td><td class=\"column-3\">LAST CABINS - 900\u20ac<\/td>\n<\/tr>\n<tr class=\"row-5\">\n\t<td class=\"column-1\">May 2 - 9<\/td><td class=\"column-2\">Heaven Liberty<\/td><td class=\"column-3\">LAST SPOT<\/td>\n<\/tr>\n<tr class=\"row-6\">\n\t<td class=\"column-1\">May 9 - 16<\/td><td class=\"column-2\">Heaven Liberty<\/td><td class=\"column-3\">FULL<\/td>\n<\/tr>\n<tr class=\"row-7\">\n\t<td class=\"column-1\">May 16 - 23<\/td><td class=\"column-2\">Heaven Liberty<\/td><td class=\"column-3\">FULL<\/td>\n<\/tr>\n<tr class=\"row-8\">\n\t<td class=\"column-1\">May 23 - 30<\/td><td class=\"column-2\">Galaxy<\/td><td class=\"column-3\">LAST SPOTS - 1050\u20ac<\/td>\n<\/tr>\n<tr class=\"row-9\">\n\t<td class=\"column-1\">May 30 - June 6<\/td><td class=\"column-2\">New Regency\/Heaven Liberty<\/td><td class=\"column-3\">LAST SPOTS - 1050\u20ac<\/td>\n<\/tr>\n<tr class=\"row-10\">\n\t<td class=\"column-1\">June 6 - 13<\/td><td class=\"column-2\">New Regency<\/td><td class=\"column-3\">1050\u20ac<\/td>\n<\/tr>\n<tr class=\"row-11\">\n\t<td class=\"column-1\">June 13 - 20<\/td><td class=\"column-2\">New Regency<\/td><td class=\"column-3\">FULL<\/td>\n<\/tr>\n<tr class=\"row-12\">\n\t<td class=\"column-1\">June 20 - 27<\/td><td class=\"column-2\">Heaven Liberty<\/td><td class=\"column-3\">1050\u20ac<\/td>\n<\/tr>\n<tr class=\"row-13\">\n\t<td class=\"column-1\">June 27 - July 4<\/td><td class=\"column-2\">Heaven Liberty<\/td><td class=\"column-3\">1050\u20ac<\/td>\n<\/tr>\n<tr class=\"row-14\">\n\t<td class=\"column-1\">July 4 - 11<\/td><td class=\"column-2\">Heaven Liberty<\/td><td class=\"column-3\">FULL<\/td>\n<\/tr>\n<tr class=\"row-15\">\n\t<td class=\"column-1\">July 11 - 18<\/td><td class=\"column-2\">Heaven Liberty<\/td><td class=\"column-3\">1050\u20ac<\/td>\n<\/tr>\n<tr class=\"row-16\">\n\t<td class=\"column-1\">July 18 - 25<\/td><td class=\"column-2\">Heaven Liberty<\/td><td class=\"column-3\">1050\u20ac<\/td>\n<\/tr>\n<tr class=\"row-17\">\n\t<td class=\"column-1\">July 25 - August 1<\/td><td class=\"column-2\">Heaven Liberty<\/td><td class=\"column-3\">1050\u20ac<\/td>\n<\/tr>\n<tr class=\"row-18\">\n\t<td class=\"column-1\">August 1 - 8<\/td><td class=\"column-2\">Heaven Liberty<\/td><td class=\"column-3\">1050\u20ac<\/td>\n<\/tr>\n<tr class=\"row-19\">\n\t<td class=\"column-1\">August 8 - 15<\/td><td class=\"column-2\">Heaven Liberty<\/td><td class=\"column-3\">1050\u20ac<\/td>\n<\/tr>\n<tr class=\"row-20\">\n\t<td class=\"column-1\">August 15 - 22<\/td><td class=\"column-2\">Heaven Liberty<\/td><td class=\"column-3\">1050\u20ac<\/td>\n<\/tr>\n<tr class=\"row-21\">\n\t<td class=\"column-1\">August 22 - 29<\/td><td class=\"column-2\">Heaven Liberty<\/td><td class=\"column-3\">1050\u20ac<\/td>\n<\/tr>\n<tr class=\"row-22\">\n\t<td class=\"column-1\">August 29 - September 5<\/td><td class=\"column-2\">Heaven Liberty<\/td><td class=\"column-3\">1050\u20ac<\/td>\n<\/tr>\n<tr class=\"row-23\">\n\t<td class=\"column-1\">September 5 - 12<\/td><td class=\"column-2\">Heaven Liberty-New Regency<\/td><td class=\"column-3\">1050\u20ac<\/td>\n<\/tr>\n<tr class=\"row-24\">\n\t<td class=\"column-1\">September 12 - 19<\/td><td class=\"column-2\">Heaven Liberty<\/td><td class=\"column-3\">1050\u20ac<\/td>\n<\/tr>\n<tr class=\"row-25\">\n\t<td class=\"column-1\">September 19 - 26<\/td><td class=\"column-2\">Heaven Liberty<\/td><td class=\"column-3\">1050\u20ac<\/td>\n<\/tr>\n<tr class=\"row-26\">\n\t<td class=\"column-1\">September 26 - October 3<\/td><td class=\"column-2\">Heaven Liberty<\/td><td class=\"column-3\">FULL<\/td>\n<\/tr>\n<tr class=\"row-27\">\n\t<td class=\"column-1\">October 3 - 10<\/td><td class=\"column-2\">Galaxy<\/td><td class=\"column-3\">1050\u20ac<\/td>\n<\/tr>\n<tr class=\"row-28\">\n\t<td class=\"column-1\">October 10 - 17<\/td><td class=\"column-2\">Heaven Liberty<\/td><td class=\"column-3\">FULL<\/td>\n<\/tr>\n<tr class=\"row-29\">\n\t<td class=\"column-1\">October 17 - 24<\/td><td class=\"column-2\">Heaven Liberty<\/td><td class=\"column-3\">1050\u20ac<\/td>\n<\/tr>\n<tr class=\"row-30\">\n\t<td class=\"column-1\">October 24 - 31<\/td><td class=\"column-2\">Heaven Liberty<\/td><td class=\"column-3\">1050\u20ac<\/td>\n<\/tr>\n<tr class=\"row-31\">\n\t<td class=\"column-1\">October 31- November 7<\/td><td class=\"column-2\">Heaven Liberty<\/td><td class=\"column-3\">1050\u20ac<\/td>\n<\/tr>\n<tr class=\"row-32\">\n\t<td class=\"column-1\">November 7 - 14<\/td><td class=\"column-2\">Heaven Liberty<\/td><td class=\"column-3\">1050\u20ac<\/td>\n<\/tr>\n<tr class=\"row-33\">\n\t<td class=\"column-1\">November 14 - 21<\/td><td class=\"column-2\">Heaven Liberty<\/td><td class=\"column-3\">1050\u20ac<\/td>\n<\/tr>\n<tr class=\"row-34\">\n\t<td class=\"column-1\">November 21 - 28<\/td><td class=\"column-2\">Heaven Liberty<\/td><td class=\"column-3\">1050\u20ac<\/td>\n<\/tr>\n<tr class=\"row-35\">\n\t<td class=\"column-1\">December 26 - January 2<\/td><td class=\"column-2\">Heaven Liberty<\/td><td class=\"column-3\">1050\u20ac<\/td>\n<\/tr>\n<\/tbody>\n<\/table>\n<!-- #tablepress-8 from cache --><\/p>\n<p>[\/vc_column_text][\/vc_column][\/vc_row]<\/p>\n<\/div>","protected":false},"excerpt":{"rendered":"<p>[vc_row full_width=&#8221;stretch_row&#8221; css=&#8221;.vc_custom_1760093014955{background-image: url(https:\/\/sickdogsurf.com\/wp-content\/uploads\/2025\/09\/ACH_1156-2_01-e1759252360699.jpg?id=1199) !important;background-position: center !important;background-repeat: no-repeat !important;background-size: cover !important;}&#8221;][vc_column][vc_empty_space height=&#8221;600px&#8221;][\/vc_column][\/vc_row][vc_row css=&#8221;.vc_custom_1759479929576{margin-top: 20px !important;}&#8221;][vc_column][vc_row_inner][vc_column_inner width=&#8221;1\/2&#8243;][vc_single_image image=&#8221;1181&#8243; img_size=&#8221;300&#215;300&#8243; alignment=&#8221;center&#8221; style=&#8221;vc_box_circle_2&#8243; css_animation=&#8221;none&#8221; css=&#8221;&#8221; el_class=&#8221;centered&#8221;][vc_column_text css=&#8221;&#8221;]Roberto ha fondato Sick Dog nel 2015 e, insieme al suo team, gestisce crociere di kitesurf in Egitto da allora. Ama riparare i kite, passeggiare con il suo cane Wallie e bere caff\u00e8.[\/vc_column_text][\/vc_column_inner][vc_column_inner [&hellip;]<\/p>\n","protected":false},"author":1,"featured_media":0,"parent":0,"menu_order":0,"comment_status":"closed","ping_status":"closed","template":"","meta":{"footnotes":""},"class_list":["post-1179","page","type-page","status-publish","hentry","post"],"yoast_head":"<!-- This site is optimized with the Yoast SEO plugin v27.4 - https:\/\/yoast.com\/product\/yoast-seo-wordpress\/ -->\n<title>Prenota Ora - Kite Cruises, Kite Safari and Kite Lessons in Egypt - Sick Dog<\/title>\n<meta name=\"description\" content=\"Prenota il tuo kite safari con noi - scopri come procedere e preparati per un&#039;avventura di kitesurf!\" \/>\n<meta name=\"robots\" content=\"index, follow, max-snippet:-1, max-image-preview:large, max-video-preview:-1\" \/>\n<link rel=\"canonical\" href=\"https:\/\/sickdogsurf.com\/it\/prenota-ora\/\" \/>\n<meta property=\"og:locale\" content=\"it_IT\" \/>\n<meta property=\"og:type\" content=\"article\" \/>\n<meta property=\"og:title\" content=\"Prenota Ora - Kite Cruises, Kite Safari and Kite Lessons in Egypt - Sick Dog\" \/>\n<meta property=\"og:description\" content=\"Prenota il tuo kite safari con noi - scopri come procedere e preparati per un&#039;avventura di kitesurf!\" \/>\n<meta property=\"og:url\" content=\"https:\/\/sickdogsurf.com\/it\/prenota-ora\/\" \/>\n<meta property=\"og:site_name\" content=\"Kite Cruises, Kite Safari and Kite Lessons in Egypt - Sick Dog\" \/>\n<meta property=\"article:publisher\" content=\"https:\/\/www.facebook.com\/sickdogsurf\" \/>\n<meta property=\"article:modified_time\" content=\"2025-10-10T10:43:38+00:00\" \/>\n<meta property=\"og:image\" content=\"https:\/\/sickdogsurf.com\/wp-content\/uploads\/2025\/09\/main_kitetrip_9.jpg\" \/>\n\t<meta property=\"og:image:width\" content=\"1920\" \/>\n\t<meta property=\"og:image:height\" content=\"1052\" \/>\n\t<meta property=\"og:image:type\" content=\"image\/jpeg\" \/>\n<meta name=\"twitter:card\" content=\"summary_large_image\" \/>\n<meta name=\"twitter:label1\" content=\"Tempo di lettura stimato\" \/>\n\t<meta name=\"twitter:data1\" content=\"2 minuti\" \/>\n<script type=\"application\/ld+json\" class=\"yoast-schema-graph\">{\"@context\":\"https:\\\/\\\/schema.org\",\"@graph\":[{\"@type\":\"WebPage\",\"@id\":\"https:\\\/\\\/sickdogsurf.com\\\/it\\\/prenota-ora\\\/\",\"url\":\"https:\\\/\\\/sickdogsurf.com\\\/it\\\/prenota-ora\\\/\",\"name\":\"Prenota Ora - Kite Cruises, Kite Safari and Kite Lessons in Egypt - Sick Dog\",\"isPartOf\":{\"@id\":\"https:\\\/\\\/sickdogsurf.com\\\/it\\\/#website\"},\"datePublished\":\"2025-09-30T11:42:39+00:00\",\"dateModified\":\"2025-10-10T10:43:38+00:00\",\"description\":\"Prenota il tuo kite safari con noi - scopri come procedere e preparati per un'avventura di kitesurf!\",\"breadcrumb\":{\"@id\":\"https:\\\/\\\/sickdogsurf.com\\\/it\\\/prenota-ora\\\/#breadcrumb\"},\"inLanguage\":\"it-IT\",\"potentialAction\":[{\"@type\":\"ReadAction\",\"target\":[\"https:\\\/\\\/sickdogsurf.com\\\/it\\\/prenota-ora\\\/\"]}]},{\"@type\":\"BreadcrumbList\",\"@id\":\"https:\\\/\\\/sickdogsurf.com\\\/it\\\/prenota-ora\\\/#breadcrumb\",\"itemListElement\":[{\"@type\":\"ListItem\",\"position\":1,\"name\":\"Home\",\"item\":\"https:\\\/\\\/sickdogsurf.com\\\/it\\\/\"},{\"@type\":\"ListItem\",\"position\":2,\"name\":\"Prenota Ora\"}]},{\"@type\":\"WebSite\",\"@id\":\"https:\\\/\\\/sickdogsurf.com\\\/it\\\/#website\",\"url\":\"https:\\\/\\\/sickdogsurf.com\\\/it\\\/\",\"name\":\"Kite Cruises, Kite Safari and Kite Lessons in Egypt - Sick Dog\",\"description\":\"\",\"publisher\":{\"@id\":\"https:\\\/\\\/sickdogsurf.com\\\/it\\\/#organization\"},\"potentialAction\":[{\"@type\":\"SearchAction\",\"target\":{\"@type\":\"EntryPoint\",\"urlTemplate\":\"https:\\\/\\\/sickdogsurf.com\\\/it\\\/?s={search_term_string}\"},\"query-input\":{\"@type\":\"PropertyValueSpecification\",\"valueRequired\":true,\"valueName\":\"search_term_string\"}}],\"inLanguage\":\"it-IT\"},{\"@type\":\"Organization\",\"@id\":\"https:\\\/\\\/sickdogsurf.com\\\/it\\\/#organization\",\"name\":\"Sick Dog\",\"alternateName\":\"Sick Dog\",\"url\":\"https:\\\/\\\/sickdogsurf.com\\\/it\\\/\",\"logo\":{\"@type\":\"ImageObject\",\"inLanguage\":\"it-IT\",\"@id\":\"https:\\\/\\\/sickdogsurf.com\\\/it\\\/#\\\/schema\\\/logo\\\/image\\\/\",\"url\":\"https:\\\/\\\/sickdogsurf.com\\\/wp-content\\\/uploads\\\/2025\\\/09\\\/icon.png\",\"contentUrl\":\"https:\\\/\\\/sickdogsurf.com\\\/wp-content\\\/uploads\\\/2025\\\/09\\\/icon.png\",\"width\":512,\"height\":512,\"caption\":\"Sick Dog\"},\"image\":{\"@id\":\"https:\\\/\\\/sickdogsurf.com\\\/it\\\/#\\\/schema\\\/logo\\\/image\\\/\"},\"sameAs\":[\"https:\\\/\\\/www.facebook.com\\\/sickdogsurf\",\"https:\\\/\\\/instagram.com\\\/sickdogsurf\",\"https:\\\/\\\/www.youtube.com\\\/channel\\\/UCEf1c4rAaoAUMilFW16YHww\\\/\"]}]}<\/script>\n<!-- \/ Yoast SEO plugin. -->","yoast_head_json":{"title":"Prenota Ora - Kite Cruises, Kite Safari and Kite Lessons in Egypt - Sick Dog","description":"Prenota il tuo kite safari con noi - scopri come procedere e preparati per un'avventura di kitesurf!","robots":{"index":"index","follow":"follow","max-snippet":"max-snippet:-1","max-image-preview":"max-image-preview:large","max-video-preview":"max-video-preview:-1"},"canonical":"https:\/\/sickdogsurf.com\/it\/prenota-ora\/","og_locale":"it_IT","og_type":"article","og_title":"Prenota Ora - Kite Cruises, Kite Safari and Kite Lessons in Egypt - Sick Dog","og_description":"Prenota il tuo kite safari con noi - scopri come procedere e preparati per un'avventura di kitesurf!","og_url":"https:\/\/sickdogsurf.com\/it\/prenota-ora\/","og_site_name":"Kite Cruises, Kite Safari and Kite Lessons in Egypt - Sick Dog","article_publisher":"https:\/\/www.facebook.com\/sickdogsurf","article_modified_time":"2025-10-10T10:43:38+00:00","og_image":[{"width":1920,"height":1052,"url":"https:\/\/sickdogsurf.com\/wp-content\/uploads\/2025\/09\/main_kitetrip_9.jpg","type":"image\/jpeg"}],"twitter_card":"summary_large_image","twitter_misc":{"Tempo di lettura stimato":"2 minuti"},"schema":{"@context":"https:\/\/schema.org","@graph":[{"@type":"WebPage","@id":"https:\/\/sickdogsurf.com\/it\/prenota-ora\/","url":"https:\/\/sickdogsurf.com\/it\/prenota-ora\/","name":"Prenota Ora - Kite Cruises, Kite Safari and Kite Lessons in Egypt - Sick Dog","isPartOf":{"@id":"https:\/\/sickdogsurf.com\/it\/#website"},"datePublished":"2025-09-30T11:42:39+00:00","dateModified":"2025-10-10T10:43:38+00:00","description":"Prenota il tuo kite safari con noi - scopri come procedere e preparati per un'avventura di kitesurf!","breadcrumb":{"@id":"https:\/\/sickdogsurf.com\/it\/prenota-ora\/#breadcrumb"},"inLanguage":"it-IT","potentialAction":[{"@type":"ReadAction","target":["https:\/\/sickdogsurf.com\/it\/prenota-ora\/"]}]},{"@type":"BreadcrumbList","@id":"https:\/\/sickdogsurf.com\/it\/prenota-ora\/#breadcrumb","itemListElement":[{"@type":"ListItem","position":1,"name":"Home","item":"https:\/\/sickdogsurf.com\/it\/"},{"@type":"ListItem","position":2,"name":"Prenota Ora"}]},{"@type":"WebSite","@id":"https:\/\/sickdogsurf.com\/it\/#website","url":"https:\/\/sickdogsurf.com\/it\/","name":"Kite Cruises, Kite Safari and Kite Lessons in Egypt - Sick Dog","description":"","publisher":{"@id":"https:\/\/sickdogsurf.com\/it\/#organization"},"potentialAction":[{"@type":"SearchAction","target":{"@type":"EntryPoint","urlTemplate":"https:\/\/sickdogsurf.com\/it\/?s={search_term_string}"},"query-input":{"@type":"PropertyValueSpecification","valueRequired":true,"valueName":"search_term_string"}}],"inLanguage":"it-IT"},{"@type":"Organization","@id":"https:\/\/sickdogsurf.com\/it\/#organization","name":"Sick Dog","alternateName":"Sick Dog","url":"https:\/\/sickdogsurf.com\/it\/","logo":{"@type":"ImageObject","inLanguage":"it-IT","@id":"https:\/\/sickdogsurf.com\/it\/#\/schema\/logo\/image\/","url":"https:\/\/sickdogsurf.com\/wp-content\/uploads\/2025\/09\/icon.png","contentUrl":"https:\/\/sickdogsurf.com\/wp-content\/uploads\/2025\/09\/icon.png","width":512,"height":512,"caption":"Sick Dog"},"image":{"@id":"https:\/\/sickdogsurf.com\/it\/#\/schema\/logo\/image\/"},"sameAs":["https:\/\/www.facebook.com\/sickdogsurf","https:\/\/instagram.com\/sickdogsurf","https:\/\/www.youtube.com\/channel\/UCEf1c4rAaoAUMilFW16YHww\/"]}]}},"_links":{"self":[{"href":"https:\/\/sickdogsurf.com\/it\/wp-json\/wp\/v2\/pages\/1179","targetHints":{"allow":["GET"]}}],"collection":[{"href":"https:\/\/sickdogsurf.com\/it\/wp-json\/wp\/v2\/pages"}],"about":[{"href":"https:\/\/sickdogsurf.com\/it\/wp-json\/wp\/v2\/types\/page"}],"author":[{"embeddable":true,"href":"https:\/\/sickdogsurf.com\/it\/wp-json\/wp\/v2\/users\/1"}],"replies":[{"embeddable":true,"href":"https:\/\/sickdogsurf.com\/it\/wp-json\/wp\/v2\/comments?post=1179"}],"version-history":[{"count":8,"href":"https:\/\/sickdogsurf.com\/it\/wp-json\/wp\/v2\/pages\/1179\/revisions"}],"predecessor-version":[{"id":3309,"href":"https:\/\/sickdogsurf.com\/it\/wp-json\/wp\/v2\/pages\/1179\/revisions\/3309"}],"wp:attachment":[{"href":"https:\/\/sickdogsurf.com\/it\/wp-json\/wp\/v2\/media?parent=1179"}],"curies":[{"name":"wp","href":"https:\/\/api.w.org\/{rel}","templated":true}]}}