{"id":1938,"date":"2025-09-30T11:42:39","date_gmt":"2025-09-30T11:42:39","guid":{"rendered":"https:\/\/sickdogsurf.com\/book-now\/"},"modified":"2025-10-10T10:42:58","modified_gmt":"2025-10-10T10:42:58","slug":"jelenetkezem","status":"publish","type":"page","link":"https:\/\/sickdogsurf.com\/hu\/jelenetkezem\/","title":{"rendered":"Jelenetkezem"},"content":{"rendered":"<div class=\"wpb-content-wrapper\"><p>[vc_row full_width=&#8221;stretch_row&#8221; css=&#8221;.vc_custom_1760092975162{background-image: url(https:\/\/sickdogsurf.com\/wp-content\/uploads\/2025\/09\/ACH_1156-2_01-e1759252360699.jpg?id=95) !important;background-position: center !important;background-repeat: no-repeat !important;background-size: cover !important;}&#8221;][vc_column][vc_empty_space height=&#8221;600px&#8221;][\/vc_column][\/vc_row][vc_row css=&#8221;.vc_custom_1759479879049{margin-top: 20px !important;}&#8221;][vc_column][vc_row_inner][vc_column_inner width=&#8221;1\/2&#8243;][vc_single_image image=&#8221;1948&#8243; img_size=&#8221;300&#215;300&#8243; alignment=&#8221;center&#8221; style=&#8221;vc_box_circle_2&#8243; css_animation=&#8221;none&#8221; css=&#8221;&#8221; el_class=&#8221;centered&#8221;][vc_column_text css=&#8221;&#8221;]Roberto 2015-ben alap\u00edtotta a csapat\u00e1val a Sick Dog-ot \u00e9s az\u00f3ta folyamatosan szeli a <a href=\"https:\/\/www.sickdogsurf.com\/about\/\">V\u00f6r\u00f6s-tenger<\/a>\u00a0habjait kite-szafarijaival. Szabadidej\u00e9ben szeret kite-okat jav\u00edtani, s\u00e9t\u00e1lni a kutyus\u00e1val, Wallie-val, illetve k\u00e1v\u00e9t inni minden mennyis\u00e9gben.[\/vc_column_text][\/vc_column_inner][vc_column_inner width=&#8221;1\/2&#8243;][vc_column_text css_animation=&#8221;none&#8221; css=&#8221;&#8221;]<\/p>\n<div class=\"centeronmobile\">\n<h2 class=\"premiumheadline\" style=\"text-align: center;\"><strong>HOGY TUDSZ FOGLALNI<\/strong><\/h2>\n<p>Ha biztos\u00edtani szeretn\u00e9d a helyed a haj\u00f3n, csup\u00e1n egy dolgod van, \u00edrj nek\u00fcnk \u00e9s mi seg\u00edt\u00fcnk a repjegy foglal\u00e1ssal \u00e9s v\u00e1laszolunk minden k\u00e9rd\u00e9sedre!<\/p>\n<ul class=\"centerlist_onmobile customlist\">\n<li><i class=\"icon-check checkicon highlightcolor\"><\/i>A Sick Dog Surf az egy 2015-\u00f6s alap\u00edt\u00e1s\u00fa eur\u00f3pai v\u00e1llalat<\/li>\n<li><i class=\"icon-check checkicon highlightcolor\"><\/i>Biztons\u00e1gos: minden utal\u00e1s eur\u00f3pai banki utal\u00e1ssal t\u00f6rt\u00e9nik<\/li>\n<li><i class=\"icon-check checkicon highlightcolor\"><\/i>Besz\u00e9l\u00fcnk magyarul, angolul, olaszul \u00e9s spanyolul<\/li>\n<\/ul>\n<\/div>\n<p>[\/vc_column_text][vc_btn title=&#8221;Ha k\u00e9sz vagy, akkor \u00edrj email-t az info@sickdogsurf.com-ra vagy whatsapp\/viber \u00fczenetet a +36 30 444 0800-as sz\u00e1mra!&#8221; style=&#8221;classic&#8221; color=&#8221;turquoise&#8221; align=&#8221;center&#8221; css=&#8221;&#8221;][vc_message css=&#8221;&#8221;]Miel\u0151tt lefoglaln\u00e1d a repjegyed, k\u00e9rlek \u00edrj nek\u00fcnk \u00e9s ellen\u0151rizd, hogy val\u00f3ban van-e m\u00e9g szabad hely\u00fcnk az adott t\u00far\u00e1ra, mert vannak olyan kite szafarik, amik m\u00e1r beteltek, a szabad helyek sz\u00e1ma minden nap v\u00e1ltozik.<\/p>\n<p>Olvasd el a\u00a0<a href=\"https:\/\/www.sickdogsurf.com\/terms\" target=\"_blank\" rel=\"noopener noreferrer\">Felhaszn\u00e1l\u00e1si felt\u00e9teteleket<\/a>\u00a0alaposan![\/vc_message][\/vc_column_inner][\/vc_row_inner][\/vc_column][\/vc_row][vc_row][vc_column][vc_text_separator title=&#8221;KITE SAFARI HETEK 2026&#8243; css=&#8221;&#8221;][vc_column_text css=&#8221;&#8221;]<\/p>\n<p style=\"text-align: center;\">\n<table id=\"tablepress-8\" class=\"tablepress tablepress-id-8\">\n<thead>\n<tr class=\"row-1\">\n\t<th class=\"column-1\">WEEKS<\/th><th class=\"column-2\">BOAT<\/th><th class=\"column-3\">PRICE PER PERSON<\/th>\n<\/tr>\n<\/thead>\n<tbody class=\"row-hover\">\n<tr class=\"row-2\">\n\t<td class=\"column-1\">April 4 - 11<\/td><td class=\"column-2\">New Regency<\/td><td class=\"column-3\">LAST SPOTS<\/td>\n<\/tr>\n<tr class=\"row-3\">\n\t<td class=\"column-1\">April 11 - 18<\/td><td class=\"column-2\">Heaven Liberty<\/td><td class=\"column-3\">FULL<\/td>\n<\/tr>\n<tr class=\"row-4\">\n\t<td class=\"column-1\">April 18 - 25<\/td><td class=\"column-2\">New Regency<\/td><td class=\"column-3\">LAST SPOTS<\/td>\n<\/tr>\n<tr class=\"row-5\">\n\t<td class=\"column-1\">April 25 - May 2<\/td><td class=\"column-2\">New Regency<\/td><td class=\"column-3\">LAST CABINS - 1050\u20ac<\/td>\n<\/tr>\n<tr class=\"row-6\">\n\t<td class=\"column-1\">May 2 - 9<\/td><td class=\"column-2\">Heaven Liberty<\/td><td class=\"column-3\">FULL<\/td>\n<\/tr>\n<tr class=\"row-7\">\n\t<td class=\"column-1\">May 9 - 16<\/td><td class=\"column-2\">Heaven Liberty<\/td><td class=\"column-3\">FULL<\/td>\n<\/tr>\n<tr class=\"row-8\">\n\t<td class=\"column-1\">May 16 - 23<\/td><td class=\"column-2\">Heaven Liberty<\/td><td class=\"column-3\">FULL<\/td>\n<\/tr>\n<tr class=\"row-9\">\n\t<td class=\"column-1\">May 23 - 30<\/td><td class=\"column-2\">Galaxy<\/td><td class=\"column-3\">LAST SPOTS - 1050\u20ac<\/td>\n<\/tr>\n<tr class=\"row-10\">\n\t<td class=\"column-1\">May 30 - June 6<\/td><td class=\"column-2\">New Regency\/Heaven Liberty<\/td><td class=\"column-3\">LAST SPOTS - 1050\u20ac<\/td>\n<\/tr>\n<tr class=\"row-11\">\n\t<td class=\"column-1\">June 6 - 13<\/td><td class=\"column-2\">New Regency<\/td><td class=\"column-3\">1050\u20ac<\/td>\n<\/tr>\n<tr class=\"row-12\">\n\t<td class=\"column-1\">June 13 - 20<\/td><td class=\"column-2\">New Regency<\/td><td class=\"column-3\">FULL<\/td>\n<\/tr>\n<tr class=\"row-13\">\n\t<td class=\"column-1\">June 20 - 27<\/td><td class=\"column-2\">Heaven Liberty<\/td><td class=\"column-3\">1050\u20ac<\/td>\n<\/tr>\n<tr class=\"row-14\">\n\t<td class=\"column-1\">June 27 - July 4<\/td><td class=\"column-2\">Heaven Liberty<\/td><td class=\"column-3\">1050\u20ac<\/td>\n<\/tr>\n<tr class=\"row-15\">\n\t<td class=\"column-1\">July 4 - 11<\/td><td class=\"column-2\">Heaven Liberty<\/td><td class=\"column-3\">1050\u20ac<\/td>\n<\/tr>\n<tr class=\"row-16\">\n\t<td class=\"column-1\">July 11 - 18<\/td><td class=\"column-2\">Heaven Liberty<\/td><td class=\"column-3\">1050\u20ac<\/td>\n<\/tr>\n<tr class=\"row-17\">\n\t<td class=\"column-1\">July 18 - 25<\/td><td class=\"column-2\">Heaven Liberty<\/td><td class=\"column-3\">1050\u20ac<\/td>\n<\/tr>\n<tr class=\"row-18\">\n\t<td class=\"column-1\">July 25 - August 1<\/td><td class=\"column-2\">Heaven Liberty<\/td><td class=\"column-3\">1050\u20ac<\/td>\n<\/tr>\n<tr class=\"row-19\">\n\t<td class=\"column-1\">August 1 - 8<\/td><td class=\"column-2\">Heaven Liberty<\/td><td class=\"column-3\">1050\u20ac<\/td>\n<\/tr>\n<tr class=\"row-20\">\n\t<td class=\"column-1\">August 8 - 15<\/td><td class=\"column-2\">Heaven Liberty<\/td><td class=\"column-3\">1050\u20ac<\/td>\n<\/tr>\n<tr class=\"row-21\">\n\t<td class=\"column-1\">August 15 - 22<\/td><td class=\"column-2\">Heaven Liberty<\/td><td class=\"column-3\">1050\u20ac<\/td>\n<\/tr>\n<tr class=\"row-22\">\n\t<td class=\"column-1\">August 22 - 29<\/td><td class=\"column-2\">Heaven Liberty<\/td><td class=\"column-3\">1050\u20ac<\/td>\n<\/tr>\n<tr class=\"row-23\">\n\t<td class=\"column-1\">August 29 - September 5<\/td><td class=\"column-2\">Heaven Liberty<\/td><td class=\"column-3\">1050\u20ac<\/td>\n<\/tr>\n<tr class=\"row-24\">\n\t<td class=\"column-1\">September 5 - 12<\/td><td class=\"column-2\">Heaven Liberty-New Regency<\/td><td class=\"column-3\">1050\u20ac<\/td>\n<\/tr>\n<tr class=\"row-25\">\n\t<td class=\"column-1\">September 12 - 19<\/td><td class=\"column-2\">Heaven Liberty<\/td><td class=\"column-3\">1050\u20ac<\/td>\n<\/tr>\n<tr class=\"row-26\">\n\t<td class=\"column-1\">September 19 - 26<\/td><td class=\"column-2\">Heaven Liberty<\/td><td class=\"column-3\">1050\u20ac<\/td>\n<\/tr>\n<tr class=\"row-27\">\n\t<td class=\"column-1\">September 26 - October 3<\/td><td class=\"column-2\">Heaven Liberty<\/td><td class=\"column-3\">LAST SPOTS - 1050\u20ac<\/td>\n<\/tr>\n<tr class=\"row-28\">\n\t<td class=\"column-1\">October 3 - 10<\/td><td class=\"column-2\">Heaven Liberty<\/td><td class=\"column-3\">FULL<\/td>\n<\/tr>\n<tr class=\"row-29\">\n\t<td class=\"column-1\">October 10 - 17<\/td><td class=\"column-2\">Heaven Liberty<\/td><td class=\"column-3\">FULL<\/td>\n<\/tr>\n<tr class=\"row-30\">\n\t<td class=\"column-1\">October 17 - 24<\/td><td class=\"column-2\">Heaven Liberty<\/td><td class=\"column-3\">1050\u20ac<\/td>\n<\/tr>\n<tr class=\"row-31\">\n\t<td class=\"column-1\">October 24 - 31<\/td><td class=\"column-2\">Heaven Liberty<\/td><td class=\"column-3\">1050\u20ac<\/td>\n<\/tr>\n<tr class=\"row-32\">\n\t<td class=\"column-1\">October 31- November 7<\/td><td class=\"column-2\">Heaven Liberty<\/td><td class=\"column-3\">1050\u20ac<\/td>\n<\/tr>\n<tr class=\"row-33\">\n\t<td class=\"column-1\">November 7 - 14<\/td><td class=\"column-2\">Heaven Liberty<\/td><td class=\"column-3\">1050\u20ac<\/td>\n<\/tr>\n<tr class=\"row-34\">\n\t<td class=\"column-1\">November 14 - 21<\/td><td class=\"column-2\">Heaven Liberty<\/td><td class=\"column-3\">1050\u20ac<\/td>\n<\/tr>\n<tr class=\"row-35\">\n\t<td class=\"column-1\">November 21 - 28<\/td><td class=\"column-2\">Heaven Liberty<\/td><td class=\"column-3\">1050\u20ac<\/td>\n<\/tr>\n<\/tbody>\n<\/table>\n<!-- #tablepress-8 from cache --><\/p>\n<p>[\/vc_column_text][\/vc_column][\/vc_row]<\/p>\n<\/div>","protected":false},"excerpt":{"rendered":"<p>[vc_row full_width=&#8221;stretch_row&#8221; css=&#8221;.vc_custom_1760092975162{background-image: url(https:\/\/sickdogsurf.com\/wp-content\/uploads\/2025\/09\/ACH_1156-2_01-e1759252360699.jpg?id=95) !important;background-position: center !important;background-repeat: no-repeat !important;background-size: cover !important;}&#8221;][vc_column][vc_empty_space height=&#8221;600px&#8221;][\/vc_column][\/vc_row][vc_row css=&#8221;.vc_custom_1759479879049{margin-top: 20px !important;}&#8221;][vc_column][vc_row_inner][vc_column_inner width=&#8221;1\/2&#8243;][vc_single_image image=&#8221;1948&#8243; img_size=&#8221;300&#215;300&#8243; alignment=&#8221;center&#8221; style=&#8221;vc_box_circle_2&#8243; css_animation=&#8221;none&#8221; css=&#8221;&#8221; el_class=&#8221;centered&#8221;][vc_column_text css=&#8221;&#8221;]Roberto 2015-ben alap\u00edtotta a csapat\u00e1val a Sick Dog-ot \u00e9s az\u00f3ta folyamatosan szeli a V\u00f6r\u00f6s-tenger\u00a0habjait kite-szafarijaival. Szabadidej\u00e9ben szeret kite-okat jav\u00edtani, s\u00e9t\u00e1lni a kutyus\u00e1val, Wallie-val, illetve k\u00e1v\u00e9t inni minden mennyis\u00e9gben.[\/vc_column_text][\/vc_column_inner][vc_column_inner width=&#8221;1\/2&#8243;][vc_column_text css_animation=&#8221;none&#8221; css=&#8221;&#8221;] HOGY TUDSZ [&hellip;]<\/p>\n","protected":false},"author":1,"featured_media":0,"parent":0,"menu_order":0,"comment_status":"closed","ping_status":"closed","template":"","meta":{"footnotes":""},"class_list":["post-1938","page","type-page","status-publish","hentry","post"],"yoast_head":"<!-- This site is optimized with the Yoast SEO plugin v27.3 - https:\/\/yoast.com\/product\/yoast-seo-wordpress\/ -->\n<title>Jelenetkezem - Kite Cruises, Kite Safari and Kite Lessons in Egypt - Sick Dog<\/title>\n<meta name=\"description\" content=\"Foglalja le vel\u00fcnk a kite szafarij\u00e1t - tudja meg, hogyan folytassa, \u00e9s k\u00e9sz\u00fclj\u00f6n fel egy kitesz\u00f6rf kalandra!\" \/>\n<meta name=\"robots\" content=\"index, follow, max-snippet:-1, max-image-preview:large, max-video-preview:-1\" \/>\n<link rel=\"canonical\" href=\"https:\/\/sickdogsurf.com\/hu\/jelenetkezem\/\" \/>\n<meta property=\"og:locale\" content=\"hu_HU\" \/>\n<meta property=\"og:type\" content=\"article\" \/>\n<meta property=\"og:title\" content=\"Jelenetkezem - Kite Cruises, Kite Safari and Kite Lessons in Egypt - Sick Dog\" \/>\n<meta property=\"og:description\" content=\"Foglalja le vel\u00fcnk a kite szafarij\u00e1t - tudja meg, hogyan folytassa, \u00e9s k\u00e9sz\u00fclj\u00f6n fel egy kitesz\u00f6rf kalandra!\" \/>\n<meta property=\"og:url\" content=\"https:\/\/sickdogsurf.com\/hu\/jelenetkezem\/\" \/>\n<meta property=\"og:site_name\" content=\"Kite Cruises, Kite Safari and Kite Lessons in Egypt - Sick Dog\" \/>\n<meta property=\"article:publisher\" content=\"https:\/\/www.facebook.com\/sickdogsurf\" \/>\n<meta property=\"article:modified_time\" content=\"2025-10-10T10:42:58+00:00\" \/>\n<meta property=\"og:image\" content=\"https:\/\/sickdogsurf.com\/wp-content\/uploads\/2025\/09\/main_kitetrip_9.jpg\" \/>\n\t<meta property=\"og:image:width\" content=\"1920\" \/>\n\t<meta property=\"og:image:height\" content=\"1052\" \/>\n\t<meta property=\"og:image:type\" content=\"image\/jpeg\" \/>\n<meta name=\"twitter:card\" content=\"summary_large_image\" \/>\n<meta name=\"twitter:label1\" content=\"Becs\u00fclt olvas\u00e1si id\u0151\" \/>\n\t<meta name=\"twitter:data1\" content=\"1 perc\" \/>\n<script type=\"application\/ld+json\" class=\"yoast-schema-graph\">{\"@context\":\"https:\\\/\\\/schema.org\",\"@graph\":[{\"@type\":\"WebPage\",\"@id\":\"https:\\\/\\\/sickdogsurf.com\\\/hu\\\/jelenetkezem\\\/\",\"url\":\"https:\\\/\\\/sickdogsurf.com\\\/hu\\\/jelenetkezem\\\/\",\"name\":\"Jelenetkezem - Kite Cruises, Kite Safari and Kite Lessons in Egypt - Sick Dog\",\"isPartOf\":{\"@id\":\"https:\\\/\\\/sickdogsurf.com\\\/hu\\\/#website\"},\"datePublished\":\"2025-09-30T11:42:39+00:00\",\"dateModified\":\"2025-10-10T10:42:58+00:00\",\"description\":\"Foglalja le vel\u00fcnk a kite szafarij\u00e1t - tudja meg, hogyan folytassa, \u00e9s k\u00e9sz\u00fclj\u00f6n fel egy kitesz\u00f6rf kalandra!\",\"breadcrumb\":{\"@id\":\"https:\\\/\\\/sickdogsurf.com\\\/hu\\\/jelenetkezem\\\/#breadcrumb\"},\"inLanguage\":\"hu\",\"potentialAction\":[{\"@type\":\"ReadAction\",\"target\":[\"https:\\\/\\\/sickdogsurf.com\\\/hu\\\/jelenetkezem\\\/\"]}]},{\"@type\":\"BreadcrumbList\",\"@id\":\"https:\\\/\\\/sickdogsurf.com\\\/hu\\\/jelenetkezem\\\/#breadcrumb\",\"itemListElement\":[{\"@type\":\"ListItem\",\"position\":1,\"name\":\"Home\",\"item\":\"https:\\\/\\\/sickdogsurf.com\\\/hu\\\/\"},{\"@type\":\"ListItem\",\"position\":2,\"name\":\"Jelenetkezem\"}]},{\"@type\":\"WebSite\",\"@id\":\"https:\\\/\\\/sickdogsurf.com\\\/hu\\\/#website\",\"url\":\"https:\\\/\\\/sickdogsurf.com\\\/hu\\\/\",\"name\":\"Kite Cruises, Kite Safari and Kite Lessons in Egypt - Sick Dog\",\"description\":\"\",\"publisher\":{\"@id\":\"https:\\\/\\\/sickdogsurf.com\\\/hu\\\/#organization\"},\"potentialAction\":[{\"@type\":\"SearchAction\",\"target\":{\"@type\":\"EntryPoint\",\"urlTemplate\":\"https:\\\/\\\/sickdogsurf.com\\\/hu\\\/?s={search_term_string}\"},\"query-input\":{\"@type\":\"PropertyValueSpecification\",\"valueRequired\":true,\"valueName\":\"search_term_string\"}}],\"inLanguage\":\"hu\"},{\"@type\":\"Organization\",\"@id\":\"https:\\\/\\\/sickdogsurf.com\\\/hu\\\/#organization\",\"name\":\"Sick Dog\",\"alternateName\":\"Sick Dog\",\"url\":\"https:\\\/\\\/sickdogsurf.com\\\/hu\\\/\",\"logo\":{\"@type\":\"ImageObject\",\"inLanguage\":\"hu\",\"@id\":\"https:\\\/\\\/sickdogsurf.com\\\/hu\\\/#\\\/schema\\\/logo\\\/image\\\/\",\"url\":\"https:\\\/\\\/sickdogsurf.com\\\/wp-content\\\/uploads\\\/2025\\\/09\\\/icon.png\",\"contentUrl\":\"https:\\\/\\\/sickdogsurf.com\\\/wp-content\\\/uploads\\\/2025\\\/09\\\/icon.png\",\"width\":512,\"height\":512,\"caption\":\"Sick Dog\"},\"image\":{\"@id\":\"https:\\\/\\\/sickdogsurf.com\\\/hu\\\/#\\\/schema\\\/logo\\\/image\\\/\"},\"sameAs\":[\"https:\\\/\\\/www.facebook.com\\\/sickdogsurf\",\"https:\\\/\\\/instagram.com\\\/sickdogsurf\",\"https:\\\/\\\/www.youtube.com\\\/channel\\\/UCEf1c4rAaoAUMilFW16YHww\\\/\"]}]}<\/script>\n<!-- \/ Yoast SEO plugin. -->","yoast_head_json":{"title":"Jelenetkezem - Kite Cruises, Kite Safari and Kite Lessons in Egypt - Sick Dog","description":"Foglalja le vel\u00fcnk a kite szafarij\u00e1t - tudja meg, hogyan folytassa, \u00e9s k\u00e9sz\u00fclj\u00f6n fel egy kitesz\u00f6rf kalandra!","robots":{"index":"index","follow":"follow","max-snippet":"max-snippet:-1","max-image-preview":"max-image-preview:large","max-video-preview":"max-video-preview:-1"},"canonical":"https:\/\/sickdogsurf.com\/hu\/jelenetkezem\/","og_locale":"hu_HU","og_type":"article","og_title":"Jelenetkezem - Kite Cruises, Kite Safari and Kite Lessons in Egypt - Sick Dog","og_description":"Foglalja le vel\u00fcnk a kite szafarij\u00e1t - tudja meg, hogyan folytassa, \u00e9s k\u00e9sz\u00fclj\u00f6n fel egy kitesz\u00f6rf kalandra!","og_url":"https:\/\/sickdogsurf.com\/hu\/jelenetkezem\/","og_site_name":"Kite Cruises, Kite Safari and Kite Lessons in Egypt - Sick Dog","article_publisher":"https:\/\/www.facebook.com\/sickdogsurf","article_modified_time":"2025-10-10T10:42:58+00:00","og_image":[{"width":1920,"height":1052,"url":"https:\/\/sickdogsurf.com\/wp-content\/uploads\/2025\/09\/main_kitetrip_9.jpg","type":"image\/jpeg"}],"twitter_card":"summary_large_image","twitter_misc":{"Becs\u00fclt olvas\u00e1si id\u0151":"1 perc"},"schema":{"@context":"https:\/\/schema.org","@graph":[{"@type":"WebPage","@id":"https:\/\/sickdogsurf.com\/hu\/jelenetkezem\/","url":"https:\/\/sickdogsurf.com\/hu\/jelenetkezem\/","name":"Jelenetkezem - Kite Cruises, Kite Safari and Kite Lessons in Egypt - Sick Dog","isPartOf":{"@id":"https:\/\/sickdogsurf.com\/hu\/#website"},"datePublished":"2025-09-30T11:42:39+00:00","dateModified":"2025-10-10T10:42:58+00:00","description":"Foglalja le vel\u00fcnk a kite szafarij\u00e1t - tudja meg, hogyan folytassa, \u00e9s k\u00e9sz\u00fclj\u00f6n fel egy kitesz\u00f6rf kalandra!","breadcrumb":{"@id":"https:\/\/sickdogsurf.com\/hu\/jelenetkezem\/#breadcrumb"},"inLanguage":"hu","potentialAction":[{"@type":"ReadAction","target":["https:\/\/sickdogsurf.com\/hu\/jelenetkezem\/"]}]},{"@type":"BreadcrumbList","@id":"https:\/\/sickdogsurf.com\/hu\/jelenetkezem\/#breadcrumb","itemListElement":[{"@type":"ListItem","position":1,"name":"Home","item":"https:\/\/sickdogsurf.com\/hu\/"},{"@type":"ListItem","position":2,"name":"Jelenetkezem"}]},{"@type":"WebSite","@id":"https:\/\/sickdogsurf.com\/hu\/#website","url":"https:\/\/sickdogsurf.com\/hu\/","name":"Kite Cruises, Kite Safari and Kite Lessons in Egypt - Sick Dog","description":"","publisher":{"@id":"https:\/\/sickdogsurf.com\/hu\/#organization"},"potentialAction":[{"@type":"SearchAction","target":{"@type":"EntryPoint","urlTemplate":"https:\/\/sickdogsurf.com\/hu\/?s={search_term_string}"},"query-input":{"@type":"PropertyValueSpecification","valueRequired":true,"valueName":"search_term_string"}}],"inLanguage":"hu"},{"@type":"Organization","@id":"https:\/\/sickdogsurf.com\/hu\/#organization","name":"Sick Dog","alternateName":"Sick Dog","url":"https:\/\/sickdogsurf.com\/hu\/","logo":{"@type":"ImageObject","inLanguage":"hu","@id":"https:\/\/sickdogsurf.com\/hu\/#\/schema\/logo\/image\/","url":"https:\/\/sickdogsurf.com\/wp-content\/uploads\/2025\/09\/icon.png","contentUrl":"https:\/\/sickdogsurf.com\/wp-content\/uploads\/2025\/09\/icon.png","width":512,"height":512,"caption":"Sick Dog"},"image":{"@id":"https:\/\/sickdogsurf.com\/hu\/#\/schema\/logo\/image\/"},"sameAs":["https:\/\/www.facebook.com\/sickdogsurf","https:\/\/instagram.com\/sickdogsurf","https:\/\/www.youtube.com\/channel\/UCEf1c4rAaoAUMilFW16YHww\/"]}]}},"_links":{"self":[{"href":"https:\/\/sickdogsurf.com\/hu\/wp-json\/wp\/v2\/pages\/1938","targetHints":{"allow":["GET"]}}],"collection":[{"href":"https:\/\/sickdogsurf.com\/hu\/wp-json\/wp\/v2\/pages"}],"about":[{"href":"https:\/\/sickdogsurf.com\/hu\/wp-json\/wp\/v2\/types\/page"}],"author":[{"embeddable":true,"href":"https:\/\/sickdogsurf.com\/hu\/wp-json\/wp\/v2\/users\/1"}],"replies":[{"embeddable":true,"href":"https:\/\/sickdogsurf.com\/hu\/wp-json\/wp\/v2\/comments?post=1938"}],"version-history":[{"count":12,"href":"https:\/\/sickdogsurf.com\/hu\/wp-json\/wp\/v2\/pages\/1938\/revisions"}],"predecessor-version":[{"id":3308,"href":"https:\/\/sickdogsurf.com\/hu\/wp-json\/wp\/v2\/pages\/1938\/revisions\/3308"}],"wp:attachment":[{"href":"https:\/\/sickdogsurf.com\/hu\/wp-json\/wp\/v2\/media?parent=1938"}],"curies":[{"name":"wp","href":"https:\/\/api.w.org\/{rel}","templated":true}]}}