{"id":2198,"date":"2025-10-01T03:37:39","date_gmt":"2025-10-01T03:37:39","guid":{"rendered":"https:\/\/sickdogsurf.com\/about\/"},"modified":"2026-03-02T12:50:51","modified_gmt":"2026-03-02T12:50:51","slug":"lequipe","status":"publish","type":"page","link":"https:\/\/sickdogsurf.com\/fr\/lequipe\/","title":{"rendered":"L&rsquo;\u00e9quipe"},"content":{"rendered":"<div class=\"wpb-content-wrapper\"><p>[vc_row full_width=\u00a0\u00bbstretch_row\u00a0\u00bb css=\u00a0\u00bb.vc_custom_1761816513542{background-image: url(https:\/\/sickdogsurf.com\/wp-content\/uploads\/2025\/09\/main_kitetrip_7.jpg?id=596) !important;background-position: center !important;background-repeat: no-repeat !important;background-size: cover !important;}\u00a0\u00bb][vc_column][vc_empty_space height=\u00a0\u00bb600px\u00a0\u00bb][\/vc_column][\/vc_row][vc_row el_position=\u00a0\u00bblast\u00a0\u00bb][vc_column][vc_column_text css=\u00a0\u00bb\u00a0\u00bb]<\/p>\n<h2 style=\"text-align: center;\">QUI SOMMES-NOUS ?<\/h2>\n<p style=\"text-align: center;\">Nous sommes passionn\u00e9s de kitesurf, une \u00e9quipe exp\u00e9riment\u00e9e et qualifi\u00e9e de personnes et d\u2019amis qui ont d\u00e9cid\u00e9 de partager leur amour pour ce sport avec vous. Nous venons de diff\u00e9rents pays, nous sommes fiables et d\u00e9bordons d\u2019\u00e9nergie. Nous aimons penser que nous apportons quelque chose de nouveau et d\u2019unique dans le monde du kitesurf, et nous croyons que nos croisi\u00e8res de kitesurf sont une exp\u00e9rience v\u00e9ritablement exceptionnelle dans le monde du kitesurf.<\/p>\n<p>[\/vc_column_text][vc_row_inner][vc_column_inner width=\u00a0\u00bb1\/4&Prime;][vc_single_image image=\u00a0\u00bb1946&Prime; img_size=\u00a0\u00bb300&#215;300&Prime; alignment=\u00a0\u00bbcenter\u00a0\u00bb style=\u00a0\u00bbvc_box_circle\u00a0\u00bb css_animation=\u00a0\u00bbleft-to-right\u00a0\u00bb css=\u00a0\u00bb\u00a0\u00bb el_class=\u00a0\u00bbcircled centeronmobile\u00a0\u00bb][\/vc_column_inner][vc_column_inner width=\u00a0\u00bb1\/4&Prime;][vc_column_text css_animation=\u00a0\u00bbright-to-left\u00a0\u00bb css=\u00a0\u00bb\u00a0\u00bb el_class=\u00a0\u00bbcenteronmobile\u00a0\u00bb]<\/p>\n<h5>Roberto Primi<\/h5>\n<h6>Kiter \/ Expert des spots de kitesurf \/ Instructeur<\/h6>\n<p>Kitesurfeur italien et leader de tourn\u00e9e de kitesurf, 10 ans d\u2019exp\u00e9rience.[\/vc_column_text][\/vc_column_inner][vc_column_inner width=\u00a0\u00bb1\/4&Prime;][vc_single_image image=\u00a0\u00bb2208&Prime; img_size=\u00a0\u00bb300&#215;300&Prime; alignment=\u00a0\u00bbcenter\u00a0\u00bb style=\u00a0\u00bbvc_box_circle\u00a0\u00bb css_animation=\u00a0\u00bbright-to-left\u00a0\u00bb css=\u00a0\u00bb\u00a0\u00bb el_class=\u00a0\u00bbcircled centeronmobile\u00a0\u00bb][\/vc_column_inner][vc_column_inner width=\u00a0\u00bb1\/4&Prime;][vc_column_text css_animation=\u00a0\u00bbleft-to-right\u00a0\u00bb css=\u00a0\u00bb\u00a0\u00bb el_class=\u00a0\u00bbcenteronmobile\u00a0\u00bb]<\/p>\n<h5>Vanny<\/h5>\n<h6>Instructeur<\/h6>\n<p>Un excellent musicien et l\u2019un des meilleurs riders \u00e9trangers en \u00c9gypte, tr\u00e8s exp\u00e9riment\u00e9 et l\u2019un de nos meilleurs gars ![\/vc_column_text][\/vc_column_inner][\/vc_row_inner][vc_separator][vc_row_inner][vc_column_inner width=\u00a0\u00bb1\/4&Prime;][vc_single_image image=\u00a0\u00bb2207&Prime; img_size=\u00a0\u00bb300&#215;300&Prime; alignment=\u00a0\u00bbcenter\u00a0\u00bb style=\u00a0\u00bbvc_box_circle\u00a0\u00bb css_animation=\u00a0\u00bbleft-to-right\u00a0\u00bb css=\u00a0\u00bb\u00a0\u00bb el_class=\u00a0\u00bbcircled centeronmobile\u00a0\u00bb][\/vc_column_inner][vc_column_inner width=\u00a0\u00bb1\/4&Prime;][vc_column_text css_animation=\u00a0\u00bbright-to-left\u00a0\u00bb css=\u00a0\u00bb\u00a0\u00bb el_class=\u00a0\u00bbcenteronmobile\u00a0\u00bb]<\/p>\n<h5>Mery Frackowiak<\/h5>\n<h6>Chef de bateau<\/h6>\n<p>Celle-ci ne plaisante pas. Rider polonaise, une leader forte pour notre bateau, g\u00e9rant toutes les activit\u00e9s \u00e0 bord et r\u00e9solvant les probl\u00e8mes avec le sourire.[\/vc_column_text][\/vc_column_inner][vc_column_inner width=\u00a0\u00bb1\/4&Prime;][vc_single_image image=\u00a0\u00bb2209&Prime; img_size=\u00a0\u00bb300&#215;300&Prime; alignment=\u00a0\u00bbcenter\u00a0\u00bb style=\u00a0\u00bbvc_box_circle\u00a0\u00bb css_animation=\u00a0\u00bbleft-to-right\u00a0\u00bb css=\u00a0\u00bb\u00a0\u00bb el_class=\u00a0\u00bbcircled centeronmobile\u00a0\u00bb][\/vc_column_inner][vc_column_inner width=\u00a0\u00bb1\/4&Prime;][vc_column_text css_animation=\u00a0\u00bbright-to-left\u00a0\u00bb css=\u00a0\u00bb\u00a0\u00bb el_class=\u00a0\u00bbcenteronmobile\u00a0\u00bb]<\/p>\n<h5>Viktoria Laufer<\/h5>\n<h6>Instructrice IKO<\/h6>\n<p>Instructrice IKO et coach de vie, elle aime voyager et elle sera responsable de nos kitesurfistes d\u00e9butants.[\/vc_column_text][\/vc_column_inner][\/vc_row_inner][vc_separator][vc_row_inner][vc_column_inner width=\u00a0\u00bb1\/4&Prime;][vc_single_image image=\u00a0\u00bb2211&Prime; img_size=\u00a0\u00bb300&#215;300&Prime; alignment=\u00a0\u00bbcenter\u00a0\u00bb style=\u00a0\u00bbvc_box_circle\u00a0\u00bb css_animation=\u00a0\u00bbleft-to-right\u00a0\u00bb css=\u00a0\u00bb\u00a0\u00bb el_class=\u00a0\u00bbcircled centeronmobile\u00a0\u00bb][\/vc_column_inner][vc_column_inner width=\u00a0\u00bb1\/4&Prime;][vc_column_text css_animation=\u00a0\u00bbright-to-left\u00a0\u00bb css=\u00a0\u00bb\u00a0\u00bb el_class=\u00a0\u00bbcenteronmobile\u00a0\u00bb]<\/p>\n<h5 class=\"bottom0 bold700\">Paulina Trusewicz<\/h5>\n<h6>Instructrice \/ Leader des \u00e9tirements<\/h6>\n<p>Paulina s\u2019occupera de nos \u00e9tudiants d\u00e9butants et de nos corps avant et apr\u00e8s nos sessions de kitesurf. Une aide tr\u00e8s appr\u00e9ci\u00e9e lors de nos croisi\u00e8res de kitesurf!<\/p>\n<p>[\/vc_column_text][\/vc_column_inner][vc_column_inner width=\u00a0\u00bb1\/4&Prime;][vc_single_image image=\u00a0\u00bb2647&Prime; img_size=\u00a0\u00bb300&#215;300&Prime; alignment=\u00a0\u00bbcenter\u00a0\u00bb style=\u00a0\u00bbvc_box_circle\u00a0\u00bb css_animation=\u00a0\u00bbleft-to-right\u00a0\u00bb css=\u00a0\u00bb\u00a0\u00bb el_class=\u00a0\u00bbcircled centeronmobile\u00a0\u00bb][\/vc_column_inner][vc_column_inner width=\u00a0\u00bb1\/4&Prime;][vc_column_text css_animation=\u00a0\u00bbright-to-left\u00a0\u00bb css=\u00a0\u00bb\u00a0\u00bb el_class=\u00a0\u00bbcenteronmobile\u00a0\u00bb]<\/p>\n<h5>Sophie Ayoub<\/h5>\n<h6>Instructrice de kitesurf<\/h6>\n<p>Faisant partie de l\u2019\u00e9quipe Kite Tribe, Sophie est un membre crucial de notre \u00e9quipe, avec son \u00e9nergie et ses comp\u00e9tences sur et hors du bateau.[\/vc_column_text][\/vc_column_inner][\/vc_row_inner][vc_separator][vc_row_inner][vc_column_inner width=\u00a0\u00bb1\/4&Prime;][vc_single_image image=\u00a0\u00bb2215&Prime; img_size=\u00a0\u00bb300&#215;300&Prime; alignment=\u00a0\u00bbcenter\u00a0\u00bb style=\u00a0\u00bbvc_box_circle\u00a0\u00bb css_animation=\u00a0\u00bbleft-to-right\u00a0\u00bb css=\u00a0\u00bb\u00a0\u00bb el_class=\u00a0\u00bbcircled centeronmobile\u00a0\u00bb][\/vc_column_inner][vc_column_inner width=\u00a0\u00bb1\/4&Prime;][vc_column_text css_animation=\u00a0\u00bbright-to-left\u00a0\u00bb css=\u00a0\u00bb\u00a0\u00bb el_class=\u00a0\u00bbcenteronmobile\u00a0\u00bb]<\/p>\n<h5 class=\"bottom0 bold700\">Alex Bilouis<\/h5>\n<h6 class=\"grey\">INSTRUCTEUR CERTIFI\u00c9 IKO<\/h6>\n<p class=\"grey\">N\u00e9 en Ukraine, Alex vit et pratique le kitesurf entre l&rsquo;\u00c9gypte et la Tha\u00eflande. Il parle anglais et russe. C&rsquo;est un instructeur de kitesurf tr\u00e8s patient, mais il ne sait pas danser et il \u00e9coute de la musique horrible.<\/p>\n<p>[\/vc_column_text][\/vc_column_inner][vc_column_inner width=\u00a0\u00bb1\/4&Prime;][vc_single_image image=\u00a0\u00bb2087&Prime; img_size=\u00a0\u00bb300&#215;300&Prime; alignment=\u00a0\u00bbcenter\u00a0\u00bb style=\u00a0\u00bbvc_box_circle\u00a0\u00bb css_animation=\u00a0\u00bbleft-to-right\u00a0\u00bb css=\u00a0\u00bb\u00a0\u00bb el_class=\u00a0\u00bbcircled centeronmobile\u00a0\u00bb][\/vc_column_inner][vc_column_inner width=\u00a0\u00bb1\/4&Prime;][vc_column_text css_animation=\u00a0\u00bbright-to-left\u00a0\u00bb css=\u00a0\u00bb\u00a0\u00bb el_class=\u00a0\u00bbcenteronmobile\u00a0\u00bb]<\/p>\n<h5>Kasia Jaworska<\/h5>\n<h6>Instructrice IKO Prorider<\/h6>\n<p>Instructrice exp\u00e9riment\u00e9e certifi\u00e9e IKO et prorider, elle sera responsable de nos stages de kitesurf. Sponsoris\u00e9e par Ozone Kites &amp; SU2.[\/vc_column_text][\/vc_column_inner][\/vc_row_inner][\/vc_column][\/vc_row][vc_row][vc_column][vc_column_text css=\u00a0\u00bb\u00a0\u00bb]<\/p>\n<h2 style=\"text-align: center;\">Contactez-nous d\u00e8s maintenant !<\/h2>\n<h5 style=\"text-align: center;\">Dites-nous ce dont vous avez besoin et nous vous r\u00e9pondrons d\u00e8s que possible !<\/h5>\n<p style=\"text-align: center;\">Email :\u00a0<a href=\"mailto:info@sickdogsurf.com\" target=\"_new\" rel=\"noopener nofollow\">info@sickdogsurf.com<\/a><\/p>\n<p style=\"text-align: center;\">Whatsapp\/Viber : 00201009410388<\/p>\n<p style=\"text-align: center;\">T\u00e9l : 00201009410388<\/p>\n<p>[\/vc_column_text][\/vc_column][\/vc_row]<\/p>\n<\/div>","protected":false},"excerpt":{"rendered":"<p>[vc_row full_width=\u00a0\u00bbstretch_row\u00a0\u00bb css=\u00a0\u00bb.vc_custom_1761816513542{background-image: url(https:\/\/sickdogsurf.com\/wp-content\/uploads\/2025\/09\/main_kitetrip_7.jpg?id=596) !important;background-position: center !important;background-repeat: no-repeat !important;background-size: cover !important;}\u00a0\u00bb][vc_column][vc_empty_space height=\u00a0\u00bb600px\u00a0\u00bb][\/vc_column][\/vc_row][vc_row el_position=\u00a0\u00bblast\u00a0\u00bb][vc_column][vc_column_text css=\u00a0\u00bb\u00a0\u00bb] QUI SOMMES-NOUS ? Nous sommes passionn\u00e9s de kitesurf, une \u00e9quipe exp\u00e9riment\u00e9e et qualifi\u00e9e de personnes et d\u2019amis qui ont d\u00e9cid\u00e9 de partager leur amour pour ce sport avec vous. Nous venons de diff\u00e9rents pays, nous sommes fiables et d\u00e9bordons d\u2019\u00e9nergie. Nous aimons [&hellip;]<\/p>\n","protected":false},"author":1,"featured_media":0,"parent":0,"menu_order":0,"comment_status":"closed","ping_status":"closed","template":"","meta":{"footnotes":""},"class_list":["post-2198","page","type-page","status-publish","hentry","post"],"yoast_head":"<!-- This site is optimized with the Yoast SEO plugin v27.4 - https:\/\/yoast.com\/product\/yoast-seo-wordpress\/ -->\n<title>L&#039;\u00e9quipe - Kite Cruises, Kite Safari and Kite Lessons in Egypt - Sick Dog<\/title>\n<meta name=\"description\" content=\"D\u00e9couvrez-en plus sur Sick Dog Surf et l&#039;\u00e9quipe qui le compose !\" \/>\n<meta name=\"robots\" content=\"index, follow, max-snippet:-1, max-image-preview:large, max-video-preview:-1\" \/>\n<link rel=\"canonical\" href=\"https:\/\/sickdogsurf.com\/fr\/lequipe\/\" \/>\n<meta property=\"og:locale\" content=\"fr_FR\" \/>\n<meta property=\"og:type\" content=\"article\" \/>\n<meta property=\"og:title\" content=\"L&#039;\u00e9quipe - Kite Cruises, Kite Safari and Kite Lessons in Egypt - Sick Dog\" \/>\n<meta property=\"og:description\" content=\"D\u00e9couvrez-en plus sur Sick Dog Surf et l&#039;\u00e9quipe qui le compose !\" \/>\n<meta property=\"og:url\" content=\"https:\/\/sickdogsurf.com\/fr\/lequipe\/\" \/>\n<meta property=\"og:site_name\" content=\"Kite Cruises, Kite Safari and Kite Lessons in Egypt - Sick Dog\" \/>\n<meta property=\"article:publisher\" content=\"https:\/\/www.facebook.com\/sickdogsurf\" \/>\n<meta property=\"article:modified_time\" content=\"2026-03-02T12:50:51+00:00\" \/>\n<meta property=\"og:image\" content=\"https:\/\/sickdogsurf.com\/wp-content\/uploads\/2025\/09\/main_kitetrip_9.jpg\" \/>\n\t<meta property=\"og:image:width\" content=\"1920\" \/>\n\t<meta property=\"og:image:height\" content=\"1052\" \/>\n\t<meta property=\"og:image:type\" content=\"image\/jpeg\" \/>\n<meta name=\"twitter:card\" content=\"summary_large_image\" \/>\n<meta name=\"twitter:label1\" content=\"Dur\u00e9e de lecture estim\u00e9e\" \/>\n\t<meta name=\"twitter:data1\" content=\"4 minutes\" \/>\n<script type=\"application\/ld+json\" class=\"yoast-schema-graph\">{\"@context\":\"https:\\\/\\\/schema.org\",\"@graph\":[{\"@type\":\"WebPage\",\"@id\":\"https:\\\/\\\/sickdogsurf.com\\\/fr\\\/lequipe\\\/\",\"url\":\"https:\\\/\\\/sickdogsurf.com\\\/fr\\\/lequipe\\\/\",\"name\":\"L'\u00e9quipe - Kite Cruises, Kite Safari and Kite Lessons in Egypt - Sick Dog\",\"isPartOf\":{\"@id\":\"https:\\\/\\\/sickdogsurf.com\\\/fr\\\/#website\"},\"datePublished\":\"2025-10-01T03:37:39+00:00\",\"dateModified\":\"2026-03-02T12:50:51+00:00\",\"description\":\"D\u00e9couvrez-en plus sur Sick Dog Surf et l'\u00e9quipe qui le compose !\",\"breadcrumb\":{\"@id\":\"https:\\\/\\\/sickdogsurf.com\\\/fr\\\/lequipe\\\/#breadcrumb\"},\"inLanguage\":\"fr-FR\",\"potentialAction\":[{\"@type\":\"ReadAction\",\"target\":[\"https:\\\/\\\/sickdogsurf.com\\\/fr\\\/lequipe\\\/\"]}]},{\"@type\":\"BreadcrumbList\",\"@id\":\"https:\\\/\\\/sickdogsurf.com\\\/fr\\\/lequipe\\\/#breadcrumb\",\"itemListElement\":[{\"@type\":\"ListItem\",\"position\":1,\"name\":\"Home\",\"item\":\"https:\\\/\\\/sickdogsurf.com\\\/fr\\\/\"},{\"@type\":\"ListItem\",\"position\":2,\"name\":\"L&#8217;\u00e9quipe\"}]},{\"@type\":\"WebSite\",\"@id\":\"https:\\\/\\\/sickdogsurf.com\\\/fr\\\/#website\",\"url\":\"https:\\\/\\\/sickdogsurf.com\\\/fr\\\/\",\"name\":\"Kite Cruises, Kite Safari and Kite Lessons in Egypt - Sick Dog\",\"description\":\"\",\"publisher\":{\"@id\":\"https:\\\/\\\/sickdogsurf.com\\\/fr\\\/#organization\"},\"potentialAction\":[{\"@type\":\"SearchAction\",\"target\":{\"@type\":\"EntryPoint\",\"urlTemplate\":\"https:\\\/\\\/sickdogsurf.com\\\/fr\\\/?s={search_term_string}\"},\"query-input\":{\"@type\":\"PropertyValueSpecification\",\"valueRequired\":true,\"valueName\":\"search_term_string\"}}],\"inLanguage\":\"fr-FR\"},{\"@type\":\"Organization\",\"@id\":\"https:\\\/\\\/sickdogsurf.com\\\/fr\\\/#organization\",\"name\":\"Sick Dog\",\"alternateName\":\"Sick Dog\",\"url\":\"https:\\\/\\\/sickdogsurf.com\\\/fr\\\/\",\"logo\":{\"@type\":\"ImageObject\",\"inLanguage\":\"fr-FR\",\"@id\":\"https:\\\/\\\/sickdogsurf.com\\\/fr\\\/#\\\/schema\\\/logo\\\/image\\\/\",\"url\":\"https:\\\/\\\/sickdogsurf.com\\\/wp-content\\\/uploads\\\/2025\\\/09\\\/icon.png\",\"contentUrl\":\"https:\\\/\\\/sickdogsurf.com\\\/wp-content\\\/uploads\\\/2025\\\/09\\\/icon.png\",\"width\":512,\"height\":512,\"caption\":\"Sick Dog\"},\"image\":{\"@id\":\"https:\\\/\\\/sickdogsurf.com\\\/fr\\\/#\\\/schema\\\/logo\\\/image\\\/\"},\"sameAs\":[\"https:\\\/\\\/www.facebook.com\\\/sickdogsurf\",\"https:\\\/\\\/instagram.com\\\/sickdogsurf\",\"https:\\\/\\\/www.youtube.com\\\/channel\\\/UCEf1c4rAaoAUMilFW16YHww\\\/\"]}]}<\/script>\n<!-- \/ Yoast SEO plugin. -->","yoast_head_json":{"title":"L'\u00e9quipe - Kite Cruises, Kite Safari and Kite Lessons in Egypt - Sick Dog","description":"D\u00e9couvrez-en plus sur Sick Dog Surf et l'\u00e9quipe qui le compose !","robots":{"index":"index","follow":"follow","max-snippet":"max-snippet:-1","max-image-preview":"max-image-preview:large","max-video-preview":"max-video-preview:-1"},"canonical":"https:\/\/sickdogsurf.com\/fr\/lequipe\/","og_locale":"fr_FR","og_type":"article","og_title":"L'\u00e9quipe - Kite Cruises, Kite Safari and Kite Lessons in Egypt - Sick Dog","og_description":"D\u00e9couvrez-en plus sur Sick Dog Surf et l'\u00e9quipe qui le compose !","og_url":"https:\/\/sickdogsurf.com\/fr\/lequipe\/","og_site_name":"Kite Cruises, Kite Safari and Kite Lessons in Egypt - Sick Dog","article_publisher":"https:\/\/www.facebook.com\/sickdogsurf","article_modified_time":"2026-03-02T12:50:51+00:00","og_image":[{"width":1920,"height":1052,"url":"https:\/\/sickdogsurf.com\/wp-content\/uploads\/2025\/09\/main_kitetrip_9.jpg","type":"image\/jpeg"}],"twitter_card":"summary_large_image","twitter_misc":{"Dur\u00e9e de lecture estim\u00e9e":"4 minutes"},"schema":{"@context":"https:\/\/schema.org","@graph":[{"@type":"WebPage","@id":"https:\/\/sickdogsurf.com\/fr\/lequipe\/","url":"https:\/\/sickdogsurf.com\/fr\/lequipe\/","name":"L'\u00e9quipe - Kite Cruises, Kite Safari and Kite Lessons in Egypt - Sick Dog","isPartOf":{"@id":"https:\/\/sickdogsurf.com\/fr\/#website"},"datePublished":"2025-10-01T03:37:39+00:00","dateModified":"2026-03-02T12:50:51+00:00","description":"D\u00e9couvrez-en plus sur Sick Dog Surf et l'\u00e9quipe qui le compose !","breadcrumb":{"@id":"https:\/\/sickdogsurf.com\/fr\/lequipe\/#breadcrumb"},"inLanguage":"fr-FR","potentialAction":[{"@type":"ReadAction","target":["https:\/\/sickdogsurf.com\/fr\/lequipe\/"]}]},{"@type":"BreadcrumbList","@id":"https:\/\/sickdogsurf.com\/fr\/lequipe\/#breadcrumb","itemListElement":[{"@type":"ListItem","position":1,"name":"Home","item":"https:\/\/sickdogsurf.com\/fr\/"},{"@type":"ListItem","position":2,"name":"L&#8217;\u00e9quipe"}]},{"@type":"WebSite","@id":"https:\/\/sickdogsurf.com\/fr\/#website","url":"https:\/\/sickdogsurf.com\/fr\/","name":"Kite Cruises, Kite Safari and Kite Lessons in Egypt - Sick Dog","description":"","publisher":{"@id":"https:\/\/sickdogsurf.com\/fr\/#organization"},"potentialAction":[{"@type":"SearchAction","target":{"@type":"EntryPoint","urlTemplate":"https:\/\/sickdogsurf.com\/fr\/?s={search_term_string}"},"query-input":{"@type":"PropertyValueSpecification","valueRequired":true,"valueName":"search_term_string"}}],"inLanguage":"fr-FR"},{"@type":"Organization","@id":"https:\/\/sickdogsurf.com\/fr\/#organization","name":"Sick Dog","alternateName":"Sick Dog","url":"https:\/\/sickdogsurf.com\/fr\/","logo":{"@type":"ImageObject","inLanguage":"fr-FR","@id":"https:\/\/sickdogsurf.com\/fr\/#\/schema\/logo\/image\/","url":"https:\/\/sickdogsurf.com\/wp-content\/uploads\/2025\/09\/icon.png","contentUrl":"https:\/\/sickdogsurf.com\/wp-content\/uploads\/2025\/09\/icon.png","width":512,"height":512,"caption":"Sick Dog"},"image":{"@id":"https:\/\/sickdogsurf.com\/fr\/#\/schema\/logo\/image\/"},"sameAs":["https:\/\/www.facebook.com\/sickdogsurf","https:\/\/instagram.com\/sickdogsurf","https:\/\/www.youtube.com\/channel\/UCEf1c4rAaoAUMilFW16YHww\/"]}]}},"_links":{"self":[{"href":"https:\/\/sickdogsurf.com\/fr\/wp-json\/wp\/v2\/pages\/2198","targetHints":{"allow":["GET"]}}],"collection":[{"href":"https:\/\/sickdogsurf.com\/fr\/wp-json\/wp\/v2\/pages"}],"about":[{"href":"https:\/\/sickdogsurf.com\/fr\/wp-json\/wp\/v2\/types\/page"}],"author":[{"embeddable":true,"href":"https:\/\/sickdogsurf.com\/fr\/wp-json\/wp\/v2\/users\/1"}],"replies":[{"embeddable":true,"href":"https:\/\/sickdogsurf.com\/fr\/wp-json\/wp\/v2\/comments?post=2198"}],"version-history":[{"count":9,"href":"https:\/\/sickdogsurf.com\/fr\/wp-json\/wp\/v2\/pages\/2198\/revisions"}],"predecessor-version":[{"id":3999,"href":"https:\/\/sickdogsurf.com\/fr\/wp-json\/wp\/v2\/pages\/2198\/revisions\/3999"}],"wp:attachment":[{"href":"https:\/\/sickdogsurf.com\/fr\/wp-json\/wp\/v2\/media?parent=2198"}],"curies":[{"name":"wp","href":"https:\/\/api.w.org\/{rel}","templated":true}]}}