{"id":1987,"date":"2025-09-30T12:22:19","date_gmt":"2025-09-30T12:22:19","guid":{"rendered":"https:\/\/sickdogsurf.com\/do-you-have-a-kite-center\/"},"modified":"2025-10-08T12:57:16","modified_gmt":"2025-10-08T12:57:16","slug":"vous-avez-un-centre-de-kitesurf","status":"publish","type":"page","link":"https:\/\/sickdogsurf.com\/fr\/vous-avez-un-centre-de-kitesurf\/","title":{"rendered":"Vous avez un centre de kitesurf ?"},"content":{"rendered":"<div class=\"wpb-content-wrapper\"><p>[vc_row][vc_column][vc_column_text css=\u00a0\u00bb\u00a0\u00bb]<\/p>\n<h1 class=\"bold\" style=\"text-align: center;\">Vous avez un centre de kitesurf ?<\/h1>\n<p>[\/vc_column_text][vc_column_text css=\u00a0\u00bb\u00a0\u00bb el_class=\u00a0\u00bbcentered\u00a0\u00bb]<\/p>\n<h2 style=\"text-align: center;\"><strong>Voyagez avec vos kiters et votre propre trip : devenez l\u2019un de nos partenaires<\/strong><\/h2>\n<p>[\/vc_column_text][\/vc_column][\/vc_row][vc_row full_width=\u00a0\u00bbstretch_row_content_no_spaces\u00a0\u00bb][vc_column][vc_column_text css=\u00a0\u00bb\u00a0\u00bb]<div  id=\"jtg-35\" class=\"modula modula-gallery modula-custom-grid\" data-config=\"{&quot;height&quot;:800,&quot;tabletHeight&quot;:800,&quot;mobileHeight&quot;:800,&quot;desktopHeight&quot;:800,&quot;enableTwitter&quot;:false,&quot;enableWhatsapp&quot;:false,&quot;enableFacebook&quot;:false,&quot;enablePinterest&quot;:false,&quot;enableLinkedin&quot;:false,&quot;enableEmail&quot;:false,&quot;randomFactor&quot;:0.5,&quot;type&quot;:&quot;custom-grid&quot;,&quot;columns&quot;:12,&quot;gutter&quot;:1,&quot;mobileGutter&quot;:1,&quot;tabletGutter&quot;:1,&quot;desktopGutter&quot;:1,&quot;enableResponsive&quot;:&quot;0&quot;,&quot;tabletColumns&quot;:2,&quot;mobileColumns&quot;:1,&quot;lazyLoad&quot;:0,&quot;lightboxOpts&quot;:{&quot;animated&quot;:true,&quot;Thumbs&quot;:{&quot;type&quot;:&quot;modern&quot;,&quot;showOnStart&quot;:false},&quot;Toolbar&quot;:{&quot;display&quot;:{&quot;right&quot;:[&quot;close&quot;]},&quot;enabled&quot;:true},&quot;Carousel&quot;:{&quot;Panzoom&quot;:{&quot;touch&quot;:true},&quot;infinite&quot;:false},&quot;keyboard&quot;:{&quot;Escape&quot;:&quot;close&quot;,&quot;Delete&quot;:&quot;close&quot;,&quot;Backspace&quot;:&quot;close&quot;,&quot;PageUp&quot;:false,&quot;PageDown&quot;:false,&quot;ArrowUp&quot;:false,&quot;ArrowDown&quot;:false,&quot;ArrowRight&quot;:false,&quot;ArrowLeft&quot;:false},&quot;touch&quot;:false,&quot;backdropClick&quot;:false,&quot;l10n&quot;:{&quot;CLOSE&quot;:&quot;Close&quot;,&quot;NEXT&quot;:&quot;Next&quot;,&quot;PREV&quot;:&quot;Previous&quot;,&quot;Error&quot;:&quot;The requested content cannot be loaded. Please try again later.&quot;,&quot;PLAY_START&quot;:&quot;Start slideshow&quot;,&quot;PLAY_STOP&quot;:&quot;Pause slideshow&quot;,&quot;FULL_SCREEN&quot;:&quot;Full screen&quot;,&quot;THUMBS&quot;:&quot;Thumbnails&quot;,&quot;DOWNLOAD&quot;:&quot;Download&quot;,&quot;SHARE&quot;:&quot;Share&quot;,&quot;ZOOM&quot;:&quot;Zoom&quot;,&quot;EMAIL&quot;:&quot;Here is the link to the image : %%image_link%% and this is the link to the gallery : %%gallery_link%%&quot;,&quot;MODAL&quot;:&quot;You can close this modal content with the ESC key&quot;,&quot;ERROR&quot;:&quot;Something Went Wrong, Please Try Again Later&quot;,&quot;IMAGE_ERROR&quot;:&quot;Image Not Found&quot;,&quot;ELEMENT_NOT_FOUND&quot;:&quot;HTML Element Not Found&quot;,&quot;AJAX_NOT_FOUND&quot;:&quot;Error Loading AJAX : Not Found&quot;,&quot;AJAX_FORBIDDEN&quot;:&quot;Error Loading AJAX : Forbidden&quot;,&quot;IFRAME_ERROR&quot;:&quot;Error Loading Page&quot;,&quot;TOGGLE_ZOOM&quot;:&quot;Toggle zoom level&quot;,&quot;TOGGLE_THUMBS&quot;:&quot;Toggle thumbnails&quot;,&quot;TOGGLE_SLIDESHOW&quot;:&quot;Toggle slideshow&quot;,&quot;TOGGLE_FULLSCREEN&quot;:&quot;Toggle full-screen mode&quot;},&quot;Images&quot;:{&quot;Panzoom&quot;:{&quot;maxScale&quot;:2}},&quot;mainClass&quot;:&quot;modula-fancybox-container modula-lightbox-jtg-35&quot;,&quot;Html&quot;:{&quot;videoAutoplay&quot;:0,&quot;videoTpl&quot;:&quot;&lt;video class=\\&quot;fancybox__html5video\\&quot; controls muted playsinline controlsList controlsList=\\&quot;nodownload\\&quot; poster=\\&quot;{{poster}}\\&quot; src=\\&quot;{{src}}\\&quot; type=\\&quot;{{format}}\\&quot; &gt;  Sorry, your browser doesn&#039;t support embedded videos, &lt;a href=\\&quot;{{src}}\\&quot;&gt; download &lt;\\\/a&gt; and watch with your favorite video player! &lt;\\\/video&gt;&quot;}},&quot;inView&quot;:false,&quot;email_subject&quot;:&quot;Check out this awesome image !!&quot;,&quot;email_message&quot;:&quot;Here is the link to the image : %%image_link%% and this is the link to the gallery : %%gallery_link%%&quot;,&quot;lightbox&quot;:&quot;fancybox&quot;}\">\n\n\t\n\t<div  class=\"modula-items\">\n\t\t<div class=\"modula-item effect-pufrobo\" data-width=\"6\" data-height=\"4\" >\n\t<div class=\"modula-item-overlay\"><\/div>\n\n\t<div class=\"modula-item-content\">\n\n\t\t<a data-image-id=\"180\" role=\"button\" tabindex=\"0\" rel=\"jtg-35\" data-caption=\"\" aria-label=\"Open image in lightbox\" class=\"tile-inner modula-item-link\"><\/a><img loading=\"lazy\" decoding=\"async\" class=\"pic wp-image-180\"  data-valign=\"middle\" data-halign=\"center\" alt=\"South Geisum Kite Safari\" data-full=\"https:\/\/sickdogsurf.com\/wp-content\/uploads\/2025\/09\/Boat-Shot-drone-South-Geisum.jpg\" title=\"South Geisum Kite Safari\" crop=\"\" width=\"1280\" height=\"960\" src=\"https:\/\/sickdogsurf.com\/wp-content\/uploads\/2025\/09\/Boat-Shot-drone-South-Geisum.jpg\" data-src=\"https:\/\/sickdogsurf.com\/wp-content\/uploads\/2025\/09\/Boat-Shot-drone-South-Geisum.jpg\" data-caption=\"\" srcset=\"https:\/\/sickdogsurf.com\/wp-content\/uploads\/2025\/09\/Boat-Shot-drone-South-Geisum.jpg 1280w, https:\/\/sickdogsurf.com\/wp-content\/uploads\/2025\/09\/Boat-Shot-drone-South-Geisum-300x225.jpg 300w, https:\/\/sickdogsurf.com\/wp-content\/uploads\/2025\/09\/Boat-Shot-drone-South-Geisum-1024x768.jpg 1024w, https:\/\/sickdogsurf.com\/wp-content\/uploads\/2025\/09\/Boat-Shot-drone-South-Geisum-768x576.jpg 768w\" sizes=\"auto, (max-width: 1280px) 100vw, 1280px\" \/>\n\t\t<div class=\"figc no-description\">\n\t\t\t<div class=\"figc-inner\">\n\t\t\t\t\t\t\t\t\t\t\t\t\t\t\t<\/div>\n\t\t<\/div>\n\n\t<\/div>\n\n<\/div><div class=\"modula-item effect-pufrobo\" data-width=\"6\" data-height=\"4\" >\n\t<div class=\"modula-item-overlay\"><\/div>\n\n\t<div class=\"modula-item-content\">\n\n\t\t<a data-image-id=\"129\" role=\"button\" tabindex=\"0\" rel=\"jtg-35\" data-caption=\"\" aria-label=\"Open image in lightbox\" class=\"tile-inner modula-item-link\"><\/a><img loading=\"lazy\" decoding=\"async\" class=\"pic wp-image-129\"  data-valign=\"middle\" data-halign=\"center\" alt=\"South Geisum Kite Spot\" data-full=\"https:\/\/sickdogsurf.com\/wp-content\/uploads\/2025\/09\/ACH_6858_01-e1759247044481.jpg\" title=\"South Geisum Kite Spot\" crop=\"\" width=\"1198\" height=\"742\" src=\"https:\/\/sickdogsurf.com\/wp-content\/uploads\/2025\/09\/ACH_6858_01-e1759247044481.jpg\" data-src=\"https:\/\/sickdogsurf.com\/wp-content\/uploads\/2025\/09\/ACH_6858_01-e1759247044481.jpg\" data-caption=\"\" srcset=\"https:\/\/sickdogsurf.com\/wp-content\/uploads\/2025\/09\/ACH_6858_01-e1759247044481.jpg 1198w, https:\/\/sickdogsurf.com\/wp-content\/uploads\/2025\/09\/ACH_6858_01-e1759247044481-300x186.jpg 300w, https:\/\/sickdogsurf.com\/wp-content\/uploads\/2025\/09\/ACH_6858_01-e1759247044481-1024x634.jpg 1024w, https:\/\/sickdogsurf.com\/wp-content\/uploads\/2025\/09\/ACH_6858_01-e1759247044481-768x476.jpg 768w\" sizes=\"auto, (max-width: 1198px) 100vw, 1198px\" \/>\n\t\t<div class=\"figc no-description\">\n\t\t\t<div class=\"figc-inner\">\n\t\t\t\t\t\t\t\t\t\t\t\t\t\t\t<\/div>\n\t\t<\/div>\n\n\t<\/div>\n\n<\/div><div class=\"modula-item effect-pufrobo\" data-width=\"6\" data-height=\"4\" >\n\t<div class=\"modula-item-overlay\"><\/div>\n\n\t<div class=\"modula-item-content\">\n\n\t\t<a data-image-id=\"590\" role=\"button\" tabindex=\"0\" rel=\"jtg-35\" data-caption=\"\" aria-label=\"Open image in lightbox\" class=\"tile-inner modula-item-link\"><\/a><img loading=\"lazy\" decoding=\"async\" class=\"pic wp-image-590\"  data-valign=\"middle\" data-halign=\"center\" alt=\"Small Tawila Kite Spot\" data-full=\"https:\/\/sickdogsurf.com\/wp-content\/uploads\/2025\/09\/DJI_0049-1.jpg\" title=\"Small Tawila Kite Spot\" crop=\"\" width=\"1280\" height=\"783\" src=\"https:\/\/sickdogsurf.com\/wp-content\/uploads\/2025\/09\/DJI_0049-1.jpg\" data-src=\"https:\/\/sickdogsurf.com\/wp-content\/uploads\/2025\/09\/DJI_0049-1.jpg\" data-caption=\"\" srcset=\"https:\/\/sickdogsurf.com\/wp-content\/uploads\/2025\/09\/DJI_0049-1.jpg 1280w, https:\/\/sickdogsurf.com\/wp-content\/uploads\/2025\/09\/DJI_0049-1-300x184.jpg 300w, https:\/\/sickdogsurf.com\/wp-content\/uploads\/2025\/09\/DJI_0049-1-1024x626.jpg 1024w, https:\/\/sickdogsurf.com\/wp-content\/uploads\/2025\/09\/DJI_0049-1-768x470.jpg 768w\" sizes=\"auto, (max-width: 1280px) 100vw, 1280px\" \/>\n\t\t<div class=\"figc no-description\">\n\t\t\t<div class=\"figc-inner\">\n\t\t\t\t\t\t\t\t\t\t\t\t\t\t\t<\/div>\n\t\t<\/div>\n\n\t<\/div>\n\n<\/div><div class=\"modula-item effect-pufrobo\" data-width=\"6\" data-height=\"4\" >\n\t<div class=\"modula-item-overlay\"><\/div>\n\n\t<div class=\"modula-item-content\">\n\n\t\t<a data-image-id=\"162\" role=\"button\" tabindex=\"0\" rel=\"jtg-35\" data-caption=\"\" aria-label=\"Open image in lightbox\" class=\"tile-inner modula-item-link\"><\/a><img loading=\"lazy\" decoding=\"async\" class=\"pic wp-image-162\"  data-valign=\"middle\" data-halign=\"center\" alt=\"Secret Spot Geisum\" data-full=\"https:\/\/sickdogsurf.com\/wp-content\/uploads\/2025\/09\/Another-day-in-paradise-for-kiters.jpg\" title=\"Secret Spot Geisum\" crop=\"\" width=\"1921\" height=\"1136\" src=\"https:\/\/sickdogsurf.com\/wp-content\/uploads\/2025\/09\/Another-day-in-paradise-for-kiters.jpg\" data-src=\"https:\/\/sickdogsurf.com\/wp-content\/uploads\/2025\/09\/Another-day-in-paradise-for-kiters.jpg\" data-caption=\"\" srcset=\"https:\/\/sickdogsurf.com\/wp-content\/uploads\/2025\/09\/Another-day-in-paradise-for-kiters.jpg 1921w, https:\/\/sickdogsurf.com\/wp-content\/uploads\/2025\/09\/Another-day-in-paradise-for-kiters-300x177.jpg 300w, https:\/\/sickdogsurf.com\/wp-content\/uploads\/2025\/09\/Another-day-in-paradise-for-kiters-1024x606.jpg 1024w, https:\/\/sickdogsurf.com\/wp-content\/uploads\/2025\/09\/Another-day-in-paradise-for-kiters-768x454.jpg 768w, https:\/\/sickdogsurf.com\/wp-content\/uploads\/2025\/09\/Another-day-in-paradise-for-kiters-1536x908.jpg 1536w\" sizes=\"auto, (max-width: 1921px) 100vw, 1921px\" \/>\n\t\t<div class=\"figc no-description\">\n\t\t\t<div class=\"figc-inner\">\n\t\t\t\t\t\t\t\t\t\t\t\t\t\t\t<\/div>\n\t\t<\/div>\n\n\t<\/div>\n\n<\/div>\t\t\n\t<\/div>\n\n\t\n\t\n\t<script type=\"application\/ld+json\">\n\t{\n\t\t\"@context\": \"http:\/\/schema.org\",\n\t\t\"@type\"   : \"ImageGallery\",\n\t\t\"id\"      : \"https:\/\/sickdogsurf.com\/fr\/vous-avez-un-centre-de-kitesurf\/\",\n\t\t\"url\"     : \"https:\/\/sickdogsurf.com\/fr\/vous-avez-un-centre-de-kitesurf\/\"\n\t}\n\n\t<\/script>\n\n\t\n<\/div>\n[\/vc_column_text][\/vc_column][\/vc_row][vc_row el_position=\u00a0\u00bblast\u00a0\u00bb][vc_column][vc_column_text css=\u00a0\u00bb\u00a0\u00bb el_class=\u00a0\u00bbcentered bottom0&Prime;]<\/p>\n<h1 style=\"text-align: center;\">KITE BOAT SAFARI EN \u00c9GYPTE<\/h1>\n<h3 style=\"text-align: center;\">Une opportunit\u00e9 de gagner de l\u2019argent avec le kitesurf tout en kitesurfant sur un yacht de luxe 5 \u00e9toiles pendant nos saisons de printemps, \u00e9t\u00e9 et hiver !<\/h3>\n<p style=\"text-align: left;\">Sick Dog est bas\u00e9 en \u00c9gypte et organise des croisi\u00e8res de kitesurf en mer Rouge depuis 2015 &#8211; avec des kiters individuels, des amis et des familles du monde entier.<\/p>\n<p style=\"text-align: left;\">Nous avons notre propre yacht et une \u00e9quipe europ\u00e9enne exp\u00e9riment\u00e9e dans l\u2019organisation de ces voyages. Cela nous permet de collaborer avec de grands groupes, des agences de voyages, des tour-op\u00e9rateurs, et \u00e9videmment des \u00e9coles de kitesurf qui souhaitent organiser un kite safari en \u00c9gypte, mais ne savent pas par o\u00f9 commencer.<\/p>\n<p style=\"text-align: left;\"><strong>Nos safaris peuvent se d\u00e9rouler toute l\u2019ann\u00e9e &#8211; vous pouvez donc organiser votre trip pendant votre basse saison et gagner de l\u2019argent tout en emmenant vos kiters \u00e0 l\u2019aventure.<\/strong><\/p>\n<h2>QUI SOMMES-NOUS ET POURQUOI NOUS CHOISIR<\/h2>\n<p>Nous vivons en \u00c9gypte depuis plus de 10 ans et avons eu la chance de faire du kitesurf \u00e0 la fois notre passion et notre m\u00e9tier. Vous pouvez trouver <a href=\"https:\/\/sickdogsurf.com\/fr\/lequipe\/\">ici<\/a> plus d\u2019informations sur notre \u00e9quipe. Lorsqu\u2019on organise un kite safari, <strong>il est crucial d\u2019avoir une \u00e9quipe locale en \u00c9gypte<\/strong> pour \u00e9viter les mauvaises surprises &#8211; <strong>propri\u00e9taires de yachts peu fiables, co\u00fbts impr\u00e9vus et arnaques<\/strong> sont fr\u00e9quents dans ce pays. C\u2019est pourquoi notre pr\u00e9sence en \u00c9gypte est essentielle : nous pouvons voir et v\u00e9rifier nous-m\u00eames les yachts que nous utilisons, ainsi que les personnes avec qui nous collaborons.<\/p>\n<p>De plus, <strong>nous poss\u00e9dons notre propre yacht<\/strong>, ce qui nous permet d\u2019offrir <strong>d\u2019excellents prix<\/strong> et de garder <strong>un contr\u00f4le total sur la qualit\u00e9<\/strong> de nos voyages.<\/p>\n<p style=\"text-align: left;\"><strong>Si vous poss\u00e9dez un centre de kitesurf ou avez la possibilit\u00e9 de constituer des groupes de kiters<\/strong>, c\u2019est une excellente opportunit\u00e9 pour voyager avec nous et gagner de l\u2019argent lors de l\u2019un de nos kite trips avec vos clients\/invit\u00e9s. Nous pouvons vous fournir le mat\u00e9riel marketing dont vous pourriez avoir besoin, et\u00a0nous organisons chaque d\u00e9tail du voyage en \u00c9gypte.<\/p>\n<p style=\"text-align: left;\"><strong>Vous pouvez louer l\u2019int\u00e9gralit\u00e9 du yacht et organiser votre propre kite safari pour votre groupe, ou rejoindre un voyage avec un plus petit groupe en tant qu\u2019instructeur ou chef de groupe.<\/strong><\/p>\n<p style=\"text-align: center;\"><strong>TOUT CE QUE VOUS AVEZ \u00c0 FAIRE, C\u2019EST TROUVER DES PERSONNES ET DES KITERS INT\u00c9RESS\u00c9S PAR CE TRIP &#8211; NOUS NOUS OCCUPONS DU RESTE !<\/strong><\/p>\n<p style=\"text-align: center;\"><strong>PLUS D\u2019INFOS ? BESOIN DE D\u00c9TAILS ? CONTACTEZ-NOUS AU +201009410388 (WHATSAPP\/APPEL) ou info@sickdogsurf.com<\/strong><\/p>\n<p>[\/vc_column_text][\/vc_column][\/vc_row][vc_row full_width=\u00a0\u00bbstretch_row_content_no_spaces\u00a0\u00bb][vc_column][vc_video link=\u00a0\u00bbhttps:\/\/youtu.be\/EflJlyvAcBg\u00a0\u00bb][\/vc_column][\/vc_row]<\/p>\n<\/div>","protected":false},"excerpt":{"rendered":"<p>[vc_row][vc_column][vc_column_text css=\u00a0\u00bb\u00a0\u00bb] Vous avez un centre de kitesurf ? [\/vc_column_text][vc_column_text css=\u00a0\u00bb\u00a0\u00bb el_class=\u00a0\u00bbcentered\u00a0\u00bb] Voyagez avec vos kiters et votre propre trip : devenez l\u2019un de nos partenaires [\/vc_column_text][\/vc_column][\/vc_row][vc_row full_width=\u00a0\u00bbstretch_row_content_no_spaces\u00a0\u00bb][vc_column][vc_column_text css=\u00a0\u00bb\u00a0\u00bb][\/vc_column_text][\/vc_column][\/vc_row][vc_row el_position=\u00a0\u00bblast\u00a0\u00bb][vc_column][vc_column_text css=\u00a0\u00bb\u00a0\u00bb el_class=\u00a0\u00bbcentered bottom0&Prime;] KITE BOAT SAFARI EN \u00c9GYPTE Une opportunit\u00e9 de gagner de l\u2019argent avec le kitesurf tout en kitesurfant sur un yacht de luxe 5 [&hellip;]<\/p>\n","protected":false},"author":1,"featured_media":0,"parent":0,"menu_order":0,"comment_status":"closed","ping_status":"closed","template":"","meta":{"footnotes":""},"class_list":["post-1987","page","type-page","status-publish","hentry","post"],"yoast_head":"<!-- This site is optimized with the Yoast SEO plugin v27.3 - https:\/\/yoast.com\/product\/yoast-seo-wordpress\/ -->\n<title>Vous avez un centre de kitesurf ? - Kite Cruises, Kite Safari and Kite Lessons in Egypt - Sick Dog<\/title>\n<meta name=\"description\" content=\"Int\u00e9ress\u00e9 par un partenariat ? D\u00e9couvrez comment gagner de l&#039;argent lorsque votre centre de kitesurf est ferm\u00e9 en rejoignant l&#039;une de nos croisi\u00e8res de kitesurf.\" \/>\n<meta name=\"robots\" content=\"index, follow, max-snippet:-1, max-image-preview:large, max-video-preview:-1\" \/>\n<link rel=\"canonical\" href=\"https:\/\/sickdogsurf.com\/fr\/vous-avez-un-centre-de-kitesurf\/\" \/>\n<meta property=\"og:locale\" content=\"fr_FR\" \/>\n<meta property=\"og:type\" content=\"article\" \/>\n<meta property=\"og:title\" content=\"Vous avez un centre de kitesurf ? - Kite Cruises, Kite Safari and Kite Lessons in Egypt - Sick Dog\" \/>\n<meta property=\"og:description\" content=\"Int\u00e9ress\u00e9 par un partenariat ? D\u00e9couvrez comment gagner de l&#039;argent lorsque votre centre de kitesurf est ferm\u00e9 en rejoignant l&#039;une de nos croisi\u00e8res de kitesurf.\" \/>\n<meta property=\"og:url\" content=\"https:\/\/sickdogsurf.com\/fr\/vous-avez-un-centre-de-kitesurf\/\" \/>\n<meta property=\"og:site_name\" content=\"Kite Cruises, Kite Safari and Kite Lessons in Egypt - Sick Dog\" \/>\n<meta property=\"article:publisher\" content=\"https:\/\/www.facebook.com\/sickdogsurf\" \/>\n<meta property=\"article:modified_time\" content=\"2025-10-08T12:57:16+00:00\" \/>\n<meta property=\"og:image\" content=\"https:\/\/sickdogsurf.com\/wp-content\/uploads\/2025\/09\/main_kitetrip_9.jpg\" \/>\n\t<meta property=\"og:image:width\" content=\"1920\" \/>\n\t<meta property=\"og:image:height\" content=\"1052\" \/>\n\t<meta property=\"og:image:type\" content=\"image\/jpeg\" \/>\n<meta name=\"twitter:card\" content=\"summary_large_image\" \/>\n<meta name=\"twitter:label1\" content=\"Dur\u00e9e de lecture estim\u00e9e\" \/>\n\t<meta name=\"twitter:data1\" content=\"2 minutes\" \/>\n<script type=\"application\/ld+json\" class=\"yoast-schema-graph\">{\"@context\":\"https:\\\/\\\/schema.org\",\"@graph\":[{\"@type\":\"WebPage\",\"@id\":\"https:\\\/\\\/sickdogsurf.com\\\/fr\\\/vous-avez-un-centre-de-kitesurf\\\/\",\"url\":\"https:\\\/\\\/sickdogsurf.com\\\/fr\\\/vous-avez-un-centre-de-kitesurf\\\/\",\"name\":\"Vous avez un centre de kitesurf ? - Kite Cruises, Kite Safari and Kite Lessons in Egypt - Sick Dog\",\"isPartOf\":{\"@id\":\"https:\\\/\\\/sickdogsurf.com\\\/fr\\\/#website\"},\"datePublished\":\"2025-09-30T12:22:19+00:00\",\"dateModified\":\"2025-10-08T12:57:16+00:00\",\"description\":\"Int\u00e9ress\u00e9 par un partenariat ? D\u00e9couvrez comment gagner de l'argent lorsque votre centre de kitesurf est ferm\u00e9 en rejoignant l'une de nos croisi\u00e8res de kitesurf.\",\"breadcrumb\":{\"@id\":\"https:\\\/\\\/sickdogsurf.com\\\/fr\\\/vous-avez-un-centre-de-kitesurf\\\/#breadcrumb\"},\"inLanguage\":\"fr-FR\",\"potentialAction\":[{\"@type\":\"ReadAction\",\"target\":[\"https:\\\/\\\/sickdogsurf.com\\\/fr\\\/vous-avez-un-centre-de-kitesurf\\\/\"]}]},{\"@type\":\"BreadcrumbList\",\"@id\":\"https:\\\/\\\/sickdogsurf.com\\\/fr\\\/vous-avez-un-centre-de-kitesurf\\\/#breadcrumb\",\"itemListElement\":[{\"@type\":\"ListItem\",\"position\":1,\"name\":\"Home\",\"item\":\"https:\\\/\\\/sickdogsurf.com\\\/fr\\\/\"},{\"@type\":\"ListItem\",\"position\":2,\"name\":\"Vous avez un centre de kitesurf ?\"}]},{\"@type\":\"WebSite\",\"@id\":\"https:\\\/\\\/sickdogsurf.com\\\/fr\\\/#website\",\"url\":\"https:\\\/\\\/sickdogsurf.com\\\/fr\\\/\",\"name\":\"Kite Cruises, Kite Safari and Kite Lessons in Egypt - Sick Dog\",\"description\":\"\",\"publisher\":{\"@id\":\"https:\\\/\\\/sickdogsurf.com\\\/fr\\\/#organization\"},\"potentialAction\":[{\"@type\":\"SearchAction\",\"target\":{\"@type\":\"EntryPoint\",\"urlTemplate\":\"https:\\\/\\\/sickdogsurf.com\\\/fr\\\/?s={search_term_string}\"},\"query-input\":{\"@type\":\"PropertyValueSpecification\",\"valueRequired\":true,\"valueName\":\"search_term_string\"}}],\"inLanguage\":\"fr-FR\"},{\"@type\":\"Organization\",\"@id\":\"https:\\\/\\\/sickdogsurf.com\\\/fr\\\/#organization\",\"name\":\"Sick Dog\",\"alternateName\":\"Sick Dog\",\"url\":\"https:\\\/\\\/sickdogsurf.com\\\/fr\\\/\",\"logo\":{\"@type\":\"ImageObject\",\"inLanguage\":\"fr-FR\",\"@id\":\"https:\\\/\\\/sickdogsurf.com\\\/fr\\\/#\\\/schema\\\/logo\\\/image\\\/\",\"url\":\"https:\\\/\\\/sickdogsurf.com\\\/wp-content\\\/uploads\\\/2025\\\/09\\\/icon.png\",\"contentUrl\":\"https:\\\/\\\/sickdogsurf.com\\\/wp-content\\\/uploads\\\/2025\\\/09\\\/icon.png\",\"width\":512,\"height\":512,\"caption\":\"Sick Dog\"},\"image\":{\"@id\":\"https:\\\/\\\/sickdogsurf.com\\\/fr\\\/#\\\/schema\\\/logo\\\/image\\\/\"},\"sameAs\":[\"https:\\\/\\\/www.facebook.com\\\/sickdogsurf\",\"https:\\\/\\\/instagram.com\\\/sickdogsurf\",\"https:\\\/\\\/www.youtube.com\\\/channel\\\/UCEf1c4rAaoAUMilFW16YHww\\\/\"]}]}<\/script>\n<!-- \/ Yoast SEO plugin. -->","yoast_head_json":{"title":"Vous avez un centre de kitesurf ? - Kite Cruises, Kite Safari and Kite Lessons in Egypt - Sick Dog","description":"Int\u00e9ress\u00e9 par un partenariat ? D\u00e9couvrez comment gagner de l'argent lorsque votre centre de kitesurf est ferm\u00e9 en rejoignant l'une de nos croisi\u00e8res de kitesurf.","robots":{"index":"index","follow":"follow","max-snippet":"max-snippet:-1","max-image-preview":"max-image-preview:large","max-video-preview":"max-video-preview:-1"},"canonical":"https:\/\/sickdogsurf.com\/fr\/vous-avez-un-centre-de-kitesurf\/","og_locale":"fr_FR","og_type":"article","og_title":"Vous avez un centre de kitesurf ? - Kite Cruises, Kite Safari and Kite Lessons in Egypt - Sick Dog","og_description":"Int\u00e9ress\u00e9 par un partenariat ? D\u00e9couvrez comment gagner de l'argent lorsque votre centre de kitesurf est ferm\u00e9 en rejoignant l'une de nos croisi\u00e8res de kitesurf.","og_url":"https:\/\/sickdogsurf.com\/fr\/vous-avez-un-centre-de-kitesurf\/","og_site_name":"Kite Cruises, Kite Safari and Kite Lessons in Egypt - Sick Dog","article_publisher":"https:\/\/www.facebook.com\/sickdogsurf","article_modified_time":"2025-10-08T12:57:16+00:00","og_image":[{"width":1920,"height":1052,"url":"https:\/\/sickdogsurf.com\/wp-content\/uploads\/2025\/09\/main_kitetrip_9.jpg","type":"image\/jpeg"}],"twitter_card":"summary_large_image","twitter_misc":{"Dur\u00e9e de lecture estim\u00e9e":"2 minutes"},"schema":{"@context":"https:\/\/schema.org","@graph":[{"@type":"WebPage","@id":"https:\/\/sickdogsurf.com\/fr\/vous-avez-un-centre-de-kitesurf\/","url":"https:\/\/sickdogsurf.com\/fr\/vous-avez-un-centre-de-kitesurf\/","name":"Vous avez un centre de kitesurf ? - Kite Cruises, Kite Safari and Kite Lessons in Egypt - Sick Dog","isPartOf":{"@id":"https:\/\/sickdogsurf.com\/fr\/#website"},"datePublished":"2025-09-30T12:22:19+00:00","dateModified":"2025-10-08T12:57:16+00:00","description":"Int\u00e9ress\u00e9 par un partenariat ? D\u00e9couvrez comment gagner de l'argent lorsque votre centre de kitesurf est ferm\u00e9 en rejoignant l'une de nos croisi\u00e8res de kitesurf.","breadcrumb":{"@id":"https:\/\/sickdogsurf.com\/fr\/vous-avez-un-centre-de-kitesurf\/#breadcrumb"},"inLanguage":"fr-FR","potentialAction":[{"@type":"ReadAction","target":["https:\/\/sickdogsurf.com\/fr\/vous-avez-un-centre-de-kitesurf\/"]}]},{"@type":"BreadcrumbList","@id":"https:\/\/sickdogsurf.com\/fr\/vous-avez-un-centre-de-kitesurf\/#breadcrumb","itemListElement":[{"@type":"ListItem","position":1,"name":"Home","item":"https:\/\/sickdogsurf.com\/fr\/"},{"@type":"ListItem","position":2,"name":"Vous avez un centre de kitesurf ?"}]},{"@type":"WebSite","@id":"https:\/\/sickdogsurf.com\/fr\/#website","url":"https:\/\/sickdogsurf.com\/fr\/","name":"Kite Cruises, Kite Safari and Kite Lessons in Egypt - Sick Dog","description":"","publisher":{"@id":"https:\/\/sickdogsurf.com\/fr\/#organization"},"potentialAction":[{"@type":"SearchAction","target":{"@type":"EntryPoint","urlTemplate":"https:\/\/sickdogsurf.com\/fr\/?s={search_term_string}"},"query-input":{"@type":"PropertyValueSpecification","valueRequired":true,"valueName":"search_term_string"}}],"inLanguage":"fr-FR"},{"@type":"Organization","@id":"https:\/\/sickdogsurf.com\/fr\/#organization","name":"Sick Dog","alternateName":"Sick Dog","url":"https:\/\/sickdogsurf.com\/fr\/","logo":{"@type":"ImageObject","inLanguage":"fr-FR","@id":"https:\/\/sickdogsurf.com\/fr\/#\/schema\/logo\/image\/","url":"https:\/\/sickdogsurf.com\/wp-content\/uploads\/2025\/09\/icon.png","contentUrl":"https:\/\/sickdogsurf.com\/wp-content\/uploads\/2025\/09\/icon.png","width":512,"height":512,"caption":"Sick Dog"},"image":{"@id":"https:\/\/sickdogsurf.com\/fr\/#\/schema\/logo\/image\/"},"sameAs":["https:\/\/www.facebook.com\/sickdogsurf","https:\/\/instagram.com\/sickdogsurf","https:\/\/www.youtube.com\/channel\/UCEf1c4rAaoAUMilFW16YHww\/"]}]}},"_links":{"self":[{"href":"https:\/\/sickdogsurf.com\/fr\/wp-json\/wp\/v2\/pages\/1987","targetHints":{"allow":["GET"]}}],"collection":[{"href":"https:\/\/sickdogsurf.com\/fr\/wp-json\/wp\/v2\/pages"}],"about":[{"href":"https:\/\/sickdogsurf.com\/fr\/wp-json\/wp\/v2\/types\/page"}],"author":[{"embeddable":true,"href":"https:\/\/sickdogsurf.com\/fr\/wp-json\/wp\/v2\/users\/1"}],"replies":[{"embeddable":true,"href":"https:\/\/sickdogsurf.com\/fr\/wp-json\/wp\/v2\/comments?post=1987"}],"version-history":[{"count":3,"href":"https:\/\/sickdogsurf.com\/fr\/wp-json\/wp\/v2\/pages\/1987\/revisions"}],"predecessor-version":[{"id":3078,"href":"https:\/\/sickdogsurf.com\/fr\/wp-json\/wp\/v2\/pages\/1987\/revisions\/3078"}],"wp:attachment":[{"href":"https:\/\/sickdogsurf.com\/fr\/wp-json\/wp\/v2\/media?parent=1987"}],"curies":[{"name":"wp","href":"https:\/\/api.w.org\/{rel}","templated":true}]}}