{"id":1936,"date":"2025-09-30T11:42:39","date_gmt":"2025-09-30T11:42:39","guid":{"rendered":"https:\/\/sickdogsurf.com\/book-now\/"},"modified":"2025-10-10T10:41:52","modified_gmt":"2025-10-10T10:41:52","slug":"reserver","status":"publish","type":"page","link":"https:\/\/sickdogsurf.com\/fr\/reserver\/","title":{"rendered":"R\u00e9server"},"content":{"rendered":"<div class=\"wpb-content-wrapper\"><p>[vc_row full_width=\u00a0\u00bbstretch_row\u00a0\u00bb css=\u00a0\u00bb.vc_custom_1760092909716{background-image: url(https:\/\/sickdogsurf.com\/wp-content\/uploads\/2025\/09\/ACH_1156-2_01-e1759252360699.jpg?id=95) !important;background-position: center !important;background-repeat: no-repeat !important;background-size: cover !important;}\u00a0\u00bb][vc_column][vc_empty_space height=\u00a0\u00bb600px\u00a0\u00bb][\/vc_column][\/vc_row][vc_row css=\u00a0\u00bb.vc_custom_1759479800449{margin-top: 20px !important;}\u00a0\u00bb][vc_column][vc_row_inner][vc_column_inner width=\u00a0\u00bb1\/2&Prime;][vc_single_image image=\u00a0\u00bb1946&Prime; img_size=\u00a0\u00bb300&#215;300&Prime; alignment=\u00a0\u00bbcenter\u00a0\u00bb style=\u00a0\u00bbvc_box_circle_2&Prime; css_animation=\u00a0\u00bbnone\u00a0\u00bb css=\u00a0\u00bb\u00a0\u00bb el_class=\u00a0\u00bbcentered\u00a0\u00bb][vc_column_text]Roberto a fond\u00e9 Sick Dog en 2015 et, avec son <a href=\"https:\/\/www.sickdogsurf.com\/about\/\">\u00e9quipe<\/a>, il organise depuis des croisi\u00e8res kite en \u00c9gypte. Il adore r\u00e9parer des cerfs-volants, promener son chien Wallie et boire du caf\u00e9.[\/vc_column_text][\/vc_column_inner][vc_column_inner width=\u00a0\u00bb1\/2&Prime;][vc_column_text css_animation=\u00a0\u00bbnone\u00a0\u00bb css=\u00a0\u00bb\u00a0\u00bb]<\/p>\n<div class=\"centeronmobile\">\n<h2 class=\"premiumheadline\" style=\"text-align: center;\"><strong>COMMENT R\u00c9SERVER<\/strong><\/h2>\n<p><strong>1.<\/strong> Choisissez une semaine pour votre voyage en kite safari dans le calendrier ci-dessous et contactez-nous par email ou WhatsApp pour confirmer les disponibilit\u00e9s les plus r\u00e9centes et vous assurer que toutes vos questions et doutes sont clarifi\u00e9s.<\/p>\n<p><strong>2<\/strong>. Une fois confirm\u00e9, nous vous enverrons une facture pour un acompte de 30 % afin de r\u00e9server votre place \u00e0 bord. Le reste du solde peut \u00eatre pay\u00e9 2 semaines avant l&rsquo;arriv\u00e9e par virement bancaire ou directement \u00e0 bord.<\/p>\n<p><strong>3.<\/strong> Vous recevrez un PDF contenant de nombreuses informations sur notre croisi\u00e8re kite. Nous aurons \u00e9galement besoin de diverses informations vous concernant, telles que votre niveau de kitesurf et vos besoins sp\u00e9cifiques (cours, location, besoins alimentaires, ou tout autre \u00e9l\u00e9ment qui vous semble important).<\/p>\n<ul class=\"centerlist_onmobile customlist\">\n<li>Sick Dog Surf est une soci\u00e9t\u00e9 europ\u00e9enne fond\u00e9e en 2015<\/li>\n<li>S\u00fbr et s\u00e9curis\u00e9 : tous les paiements se font par virement bancaire europ\u00e9en<\/li>\n<li>Nous parlons anglais, espagnol et italien<\/li>\n<\/ul>\n<\/div>\n<p>[\/vc_column_text][vc_btn title=\u00a0\u00bbPr\u00eat ? Envoyez-nous simplement un e-mail \u00e0 info@sickdogsurf.com ou whatsapp\/viber au 00201009410388 pour commencer\u00a0\u00bb style=\u00a0\u00bbclassic\u00a0\u00bb color=\u00a0\u00bbturquoise\u00a0\u00bb align=\u00a0\u00bbcenter\u00a0\u00bb css=\u00a0\u00bb\u00a0\u00bb][vc_message css=\u00a0\u00bb\u00a0\u00bb]Avant de r\u00e9server un vol, assurez-vous aupr\u00e8s de nous qu\u2019il y a une place pour vous sur notre yacht, car certains de nos voyages sont d\u00e9j\u00e0 complets et les disponibilit\u00e9s \u00e0 bord changent tous les jours.<\/p>\n<p>Lisez ici nos <a href=\"https:\/\/www.sickdogsurf.com\/terms\" target=\"_blank\" rel=\"noopener noreferrer\">Termes et conditions<\/a>[\/vc_message][\/vc_column_inner][\/vc_row_inner][\/vc_column][\/vc_row][vc_row][vc_column][vc_text_separator title=\u00a0\u00bbKITE SAFARI 2026&Prime; css=\u00a0\u00bb\u00a0\u00bb][vc_column_text css=\u00a0\u00bb\u00a0\u00bb]<\/p>\n<p style=\"text-align: center;\">\n<table id=\"tablepress-8\" class=\"tablepress tablepress-id-8\">\n<thead>\n<tr class=\"row-1\">\n\t<th class=\"column-1\">WEEKS<\/th><th class=\"column-2\">BOAT<\/th><th class=\"column-3\">PRICE PER PERSON<\/th>\n<\/tr>\n<\/thead>\n<tbody class=\"row-hover\">\n<tr class=\"row-2\">\n\t<td class=\"column-1\">April 4 - 11<\/td><td class=\"column-2\">New Regency<\/td><td class=\"column-3\">LAST SPOTS<\/td>\n<\/tr>\n<tr class=\"row-3\">\n\t<td class=\"column-1\">April 11 - 18<\/td><td class=\"column-2\">Heaven Liberty<\/td><td class=\"column-3\">FULL<\/td>\n<\/tr>\n<tr class=\"row-4\">\n\t<td class=\"column-1\">April 18 - 25<\/td><td class=\"column-2\">New Regency<\/td><td class=\"column-3\">LAST SPOTS<\/td>\n<\/tr>\n<tr class=\"row-5\">\n\t<td class=\"column-1\">April 25 - May 2<\/td><td class=\"column-2\">New Regency<\/td><td class=\"column-3\">LAST CABINS - 1050\u20ac<\/td>\n<\/tr>\n<tr class=\"row-6\">\n\t<td class=\"column-1\">May 2 - 9<\/td><td class=\"column-2\">Heaven Liberty<\/td><td class=\"column-3\">FULL<\/td>\n<\/tr>\n<tr class=\"row-7\">\n\t<td class=\"column-1\">May 9 - 16<\/td><td class=\"column-2\">Heaven Liberty<\/td><td class=\"column-3\">FULL<\/td>\n<\/tr>\n<tr class=\"row-8\">\n\t<td class=\"column-1\">May 16 - 23<\/td><td class=\"column-2\">Heaven Liberty<\/td><td class=\"column-3\">FULL<\/td>\n<\/tr>\n<tr class=\"row-9\">\n\t<td class=\"column-1\">May 23 - 30<\/td><td class=\"column-2\">Galaxy<\/td><td class=\"column-3\">LAST SPOTS - 1050\u20ac<\/td>\n<\/tr>\n<tr class=\"row-10\">\n\t<td class=\"column-1\">May 30 - June 6<\/td><td class=\"column-2\">New Regency\/Heaven Liberty<\/td><td class=\"column-3\">LAST SPOTS - 1050\u20ac<\/td>\n<\/tr>\n<tr class=\"row-11\">\n\t<td class=\"column-1\">June 6 - 13<\/td><td class=\"column-2\">New Regency<\/td><td class=\"column-3\">1050\u20ac<\/td>\n<\/tr>\n<tr class=\"row-12\">\n\t<td class=\"column-1\">June 13 - 20<\/td><td class=\"column-2\">New Regency<\/td><td class=\"column-3\">FULL<\/td>\n<\/tr>\n<tr class=\"row-13\">\n\t<td class=\"column-1\">June 20 - 27<\/td><td class=\"column-2\">Heaven Liberty<\/td><td class=\"column-3\">1050\u20ac<\/td>\n<\/tr>\n<tr class=\"row-14\">\n\t<td class=\"column-1\">June 27 - July 4<\/td><td class=\"column-2\">Heaven Liberty<\/td><td class=\"column-3\">1050\u20ac<\/td>\n<\/tr>\n<tr class=\"row-15\">\n\t<td class=\"column-1\">July 4 - 11<\/td><td class=\"column-2\">Heaven Liberty<\/td><td class=\"column-3\">1050\u20ac<\/td>\n<\/tr>\n<tr class=\"row-16\">\n\t<td class=\"column-1\">July 11 - 18<\/td><td class=\"column-2\">Heaven Liberty<\/td><td class=\"column-3\">1050\u20ac<\/td>\n<\/tr>\n<tr class=\"row-17\">\n\t<td class=\"column-1\">July 18 - 25<\/td><td class=\"column-2\">Heaven Liberty<\/td><td class=\"column-3\">1050\u20ac<\/td>\n<\/tr>\n<tr class=\"row-18\">\n\t<td class=\"column-1\">July 25 - August 1<\/td><td class=\"column-2\">Heaven Liberty<\/td><td class=\"column-3\">1050\u20ac<\/td>\n<\/tr>\n<tr class=\"row-19\">\n\t<td class=\"column-1\">August 1 - 8<\/td><td class=\"column-2\">Heaven Liberty<\/td><td class=\"column-3\">1050\u20ac<\/td>\n<\/tr>\n<tr class=\"row-20\">\n\t<td class=\"column-1\">August 8 - 15<\/td><td class=\"column-2\">Heaven Liberty<\/td><td class=\"column-3\">1050\u20ac<\/td>\n<\/tr>\n<tr class=\"row-21\">\n\t<td class=\"column-1\">August 15 - 22<\/td><td class=\"column-2\">Heaven Liberty<\/td><td class=\"column-3\">1050\u20ac<\/td>\n<\/tr>\n<tr class=\"row-22\">\n\t<td class=\"column-1\">August 22 - 29<\/td><td class=\"column-2\">Heaven Liberty<\/td><td class=\"column-3\">1050\u20ac<\/td>\n<\/tr>\n<tr class=\"row-23\">\n\t<td class=\"column-1\">August 29 - September 5<\/td><td class=\"column-2\">Heaven Liberty<\/td><td class=\"column-3\">1050\u20ac<\/td>\n<\/tr>\n<tr class=\"row-24\">\n\t<td class=\"column-1\">September 5 - 12<\/td><td class=\"column-2\">Heaven Liberty-New Regency<\/td><td class=\"column-3\">1050\u20ac<\/td>\n<\/tr>\n<tr class=\"row-25\">\n\t<td class=\"column-1\">September 12 - 19<\/td><td class=\"column-2\">Heaven Liberty<\/td><td class=\"column-3\">1050\u20ac<\/td>\n<\/tr>\n<tr class=\"row-26\">\n\t<td class=\"column-1\">September 19 - 26<\/td><td class=\"column-2\">Heaven Liberty<\/td><td class=\"column-3\">1050\u20ac<\/td>\n<\/tr>\n<tr class=\"row-27\">\n\t<td class=\"column-1\">September 26 - October 3<\/td><td class=\"column-2\">Heaven Liberty<\/td><td class=\"column-3\">LAST SPOTS - 1050\u20ac<\/td>\n<\/tr>\n<tr class=\"row-28\">\n\t<td class=\"column-1\">October 3 - 10<\/td><td class=\"column-2\">Heaven Liberty<\/td><td class=\"column-3\">FULL<\/td>\n<\/tr>\n<tr class=\"row-29\">\n\t<td class=\"column-1\">October 10 - 17<\/td><td class=\"column-2\">Heaven Liberty<\/td><td class=\"column-3\">FULL<\/td>\n<\/tr>\n<tr class=\"row-30\">\n\t<td class=\"column-1\">October 17 - 24<\/td><td class=\"column-2\">Heaven Liberty<\/td><td class=\"column-3\">1050\u20ac<\/td>\n<\/tr>\n<tr class=\"row-31\">\n\t<td class=\"column-1\">October 24 - 31<\/td><td class=\"column-2\">Heaven Liberty<\/td><td class=\"column-3\">1050\u20ac<\/td>\n<\/tr>\n<tr class=\"row-32\">\n\t<td class=\"column-1\">October 31- November 7<\/td><td class=\"column-2\">Heaven Liberty<\/td><td class=\"column-3\">1050\u20ac<\/td>\n<\/tr>\n<tr class=\"row-33\">\n\t<td class=\"column-1\">November 7 - 14<\/td><td class=\"column-2\">Heaven Liberty<\/td><td class=\"column-3\">1050\u20ac<\/td>\n<\/tr>\n<tr class=\"row-34\">\n\t<td class=\"column-1\">November 14 - 21<\/td><td class=\"column-2\">Heaven Liberty<\/td><td class=\"column-3\">1050\u20ac<\/td>\n<\/tr>\n<tr class=\"row-35\">\n\t<td class=\"column-1\">November 21 - 28<\/td><td class=\"column-2\">Heaven Liberty<\/td><td class=\"column-3\">1050\u20ac<\/td>\n<\/tr>\n<\/tbody>\n<\/table>\n<!-- #tablepress-8 from cache --><\/p>\n<p>[\/vc_column_text][\/vc_column][\/vc_row]<\/p>\n<\/div>","protected":false},"excerpt":{"rendered":"<p>[vc_row full_width=\u00a0\u00bbstretch_row\u00a0\u00bb css=\u00a0\u00bb.vc_custom_1760092909716{background-image: url(https:\/\/sickdogsurf.com\/wp-content\/uploads\/2025\/09\/ACH_1156-2_01-e1759252360699.jpg?id=95) !important;background-position: center !important;background-repeat: no-repeat !important;background-size: cover !important;}\u00a0\u00bb][vc_column][vc_empty_space height=\u00a0\u00bb600px\u00a0\u00bb][\/vc_column][\/vc_row][vc_row css=\u00a0\u00bb.vc_custom_1759479800449{margin-top: 20px !important;}\u00a0\u00bb][vc_column][vc_row_inner][vc_column_inner width=\u00a0\u00bb1\/2&Prime;][vc_single_image image=\u00a0\u00bb1946&Prime; img_size=\u00a0\u00bb300&#215;300&Prime; alignment=\u00a0\u00bbcenter\u00a0\u00bb style=\u00a0\u00bbvc_box_circle_2&Prime; css_animation=\u00a0\u00bbnone\u00a0\u00bb css=\u00a0\u00bb\u00a0\u00bb el_class=\u00a0\u00bbcentered\u00a0\u00bb][vc_column_text]Roberto a fond\u00e9 Sick Dog en 2015 et, avec son \u00e9quipe, il organise depuis des croisi\u00e8res kite en \u00c9gypte. Il adore r\u00e9parer des cerfs-volants, promener son chien Wallie et boire du caf\u00e9.[\/vc_column_text][\/vc_column_inner][vc_column_inner width=\u00a0\u00bb1\/2&Prime;][vc_column_text css_animation=\u00a0\u00bbnone\u00a0\u00bb [&hellip;]<\/p>\n","protected":false},"author":1,"featured_media":0,"parent":0,"menu_order":0,"comment_status":"closed","ping_status":"closed","template":"","meta":{"footnotes":""},"class_list":["post-1936","page","type-page","status-publish","hentry","post"],"yoast_head":"<!-- This site is optimized with the Yoast SEO plugin v27.3 - https:\/\/yoast.com\/product\/yoast-seo-wordpress\/ -->\n<title>R\u00e9server - Kite Cruises, Kite Safari and Kite Lessons in Egypt - Sick Dog<\/title>\n<meta name=\"description\" content=\"R\u00e9servez votre kite safari avec nous - d\u00e9couvrez comment proc\u00e9der et pr\u00e9parez-vous pour une aventure de kitesurf !\" \/>\n<meta name=\"robots\" content=\"index, follow, max-snippet:-1, max-image-preview:large, max-video-preview:-1\" \/>\n<link rel=\"canonical\" href=\"https:\/\/sickdogsurf.com\/fr\/reserver\/\" \/>\n<meta property=\"og:locale\" content=\"fr_FR\" \/>\n<meta property=\"og:type\" content=\"article\" \/>\n<meta property=\"og:title\" content=\"R\u00e9server - Kite Cruises, Kite Safari and Kite Lessons in Egypt - Sick Dog\" \/>\n<meta property=\"og:description\" content=\"R\u00e9servez votre kite safari avec nous - d\u00e9couvrez comment proc\u00e9der et pr\u00e9parez-vous pour une aventure de kitesurf !\" \/>\n<meta property=\"og:url\" content=\"https:\/\/sickdogsurf.com\/fr\/reserver\/\" \/>\n<meta property=\"og:site_name\" content=\"Kite Cruises, Kite Safari and Kite Lessons in Egypt - Sick Dog\" \/>\n<meta property=\"article:publisher\" content=\"https:\/\/www.facebook.com\/sickdogsurf\" \/>\n<meta property=\"article:modified_time\" content=\"2025-10-10T10:41:52+00:00\" \/>\n<meta property=\"og:image\" content=\"https:\/\/sickdogsurf.com\/wp-content\/uploads\/2025\/09\/main_kitetrip_9.jpg\" \/>\n\t<meta property=\"og:image:width\" content=\"1920\" \/>\n\t<meta property=\"og:image:height\" content=\"1052\" \/>\n\t<meta property=\"og:image:type\" content=\"image\/jpeg\" \/>\n<meta name=\"twitter:card\" content=\"summary_large_image\" \/>\n<meta name=\"twitter:label1\" content=\"Dur\u00e9e de lecture estim\u00e9e\" \/>\n\t<meta name=\"twitter:data1\" content=\"2 minutes\" \/>\n<script type=\"application\/ld+json\" class=\"yoast-schema-graph\">{\"@context\":\"https:\\\/\\\/schema.org\",\"@graph\":[{\"@type\":\"WebPage\",\"@id\":\"https:\\\/\\\/sickdogsurf.com\\\/fr\\\/reserver\\\/\",\"url\":\"https:\\\/\\\/sickdogsurf.com\\\/fr\\\/reserver\\\/\",\"name\":\"R\u00e9server - Kite Cruises, Kite Safari and Kite Lessons in Egypt - Sick Dog\",\"isPartOf\":{\"@id\":\"https:\\\/\\\/sickdogsurf.com\\\/fr\\\/#website\"},\"datePublished\":\"2025-09-30T11:42:39+00:00\",\"dateModified\":\"2025-10-10T10:41:52+00:00\",\"description\":\"R\u00e9servez votre kite safari avec nous - d\u00e9couvrez comment proc\u00e9der et pr\u00e9parez-vous pour une aventure de kitesurf !\",\"breadcrumb\":{\"@id\":\"https:\\\/\\\/sickdogsurf.com\\\/fr\\\/reserver\\\/#breadcrumb\"},\"inLanguage\":\"fr-FR\",\"potentialAction\":[{\"@type\":\"ReadAction\",\"target\":[\"https:\\\/\\\/sickdogsurf.com\\\/fr\\\/reserver\\\/\"]}]},{\"@type\":\"BreadcrumbList\",\"@id\":\"https:\\\/\\\/sickdogsurf.com\\\/fr\\\/reserver\\\/#breadcrumb\",\"itemListElement\":[{\"@type\":\"ListItem\",\"position\":1,\"name\":\"Home\",\"item\":\"https:\\\/\\\/sickdogsurf.com\\\/fr\\\/\"},{\"@type\":\"ListItem\",\"position\":2,\"name\":\"R\u00e9server\"}]},{\"@type\":\"WebSite\",\"@id\":\"https:\\\/\\\/sickdogsurf.com\\\/fr\\\/#website\",\"url\":\"https:\\\/\\\/sickdogsurf.com\\\/fr\\\/\",\"name\":\"Kite Cruises, Kite Safari and Kite Lessons in Egypt - Sick Dog\",\"description\":\"\",\"publisher\":{\"@id\":\"https:\\\/\\\/sickdogsurf.com\\\/fr\\\/#organization\"},\"potentialAction\":[{\"@type\":\"SearchAction\",\"target\":{\"@type\":\"EntryPoint\",\"urlTemplate\":\"https:\\\/\\\/sickdogsurf.com\\\/fr\\\/?s={search_term_string}\"},\"query-input\":{\"@type\":\"PropertyValueSpecification\",\"valueRequired\":true,\"valueName\":\"search_term_string\"}}],\"inLanguage\":\"fr-FR\"},{\"@type\":\"Organization\",\"@id\":\"https:\\\/\\\/sickdogsurf.com\\\/fr\\\/#organization\",\"name\":\"Sick Dog\",\"alternateName\":\"Sick Dog\",\"url\":\"https:\\\/\\\/sickdogsurf.com\\\/fr\\\/\",\"logo\":{\"@type\":\"ImageObject\",\"inLanguage\":\"fr-FR\",\"@id\":\"https:\\\/\\\/sickdogsurf.com\\\/fr\\\/#\\\/schema\\\/logo\\\/image\\\/\",\"url\":\"https:\\\/\\\/sickdogsurf.com\\\/wp-content\\\/uploads\\\/2025\\\/09\\\/icon.png\",\"contentUrl\":\"https:\\\/\\\/sickdogsurf.com\\\/wp-content\\\/uploads\\\/2025\\\/09\\\/icon.png\",\"width\":512,\"height\":512,\"caption\":\"Sick Dog\"},\"image\":{\"@id\":\"https:\\\/\\\/sickdogsurf.com\\\/fr\\\/#\\\/schema\\\/logo\\\/image\\\/\"},\"sameAs\":[\"https:\\\/\\\/www.facebook.com\\\/sickdogsurf\",\"https:\\\/\\\/instagram.com\\\/sickdogsurf\",\"https:\\\/\\\/www.youtube.com\\\/channel\\\/UCEf1c4rAaoAUMilFW16YHww\\\/\"]}]}<\/script>\n<!-- \/ Yoast SEO plugin. -->","yoast_head_json":{"title":"R\u00e9server - Kite Cruises, Kite Safari and Kite Lessons in Egypt - Sick Dog","description":"R\u00e9servez votre kite safari avec nous - d\u00e9couvrez comment proc\u00e9der et pr\u00e9parez-vous pour une aventure de kitesurf !","robots":{"index":"index","follow":"follow","max-snippet":"max-snippet:-1","max-image-preview":"max-image-preview:large","max-video-preview":"max-video-preview:-1"},"canonical":"https:\/\/sickdogsurf.com\/fr\/reserver\/","og_locale":"fr_FR","og_type":"article","og_title":"R\u00e9server - Kite Cruises, Kite Safari and Kite Lessons in Egypt - Sick Dog","og_description":"R\u00e9servez votre kite safari avec nous - d\u00e9couvrez comment proc\u00e9der et pr\u00e9parez-vous pour une aventure de kitesurf !","og_url":"https:\/\/sickdogsurf.com\/fr\/reserver\/","og_site_name":"Kite Cruises, Kite Safari and Kite Lessons in Egypt - Sick Dog","article_publisher":"https:\/\/www.facebook.com\/sickdogsurf","article_modified_time":"2025-10-10T10:41:52+00:00","og_image":[{"width":1920,"height":1052,"url":"https:\/\/sickdogsurf.com\/wp-content\/uploads\/2025\/09\/main_kitetrip_9.jpg","type":"image\/jpeg"}],"twitter_card":"summary_large_image","twitter_misc":{"Dur\u00e9e de lecture estim\u00e9e":"2 minutes"},"schema":{"@context":"https:\/\/schema.org","@graph":[{"@type":"WebPage","@id":"https:\/\/sickdogsurf.com\/fr\/reserver\/","url":"https:\/\/sickdogsurf.com\/fr\/reserver\/","name":"R\u00e9server - Kite Cruises, Kite Safari and Kite Lessons in Egypt - Sick Dog","isPartOf":{"@id":"https:\/\/sickdogsurf.com\/fr\/#website"},"datePublished":"2025-09-30T11:42:39+00:00","dateModified":"2025-10-10T10:41:52+00:00","description":"R\u00e9servez votre kite safari avec nous - d\u00e9couvrez comment proc\u00e9der et pr\u00e9parez-vous pour une aventure de kitesurf !","breadcrumb":{"@id":"https:\/\/sickdogsurf.com\/fr\/reserver\/#breadcrumb"},"inLanguage":"fr-FR","potentialAction":[{"@type":"ReadAction","target":["https:\/\/sickdogsurf.com\/fr\/reserver\/"]}]},{"@type":"BreadcrumbList","@id":"https:\/\/sickdogsurf.com\/fr\/reserver\/#breadcrumb","itemListElement":[{"@type":"ListItem","position":1,"name":"Home","item":"https:\/\/sickdogsurf.com\/fr\/"},{"@type":"ListItem","position":2,"name":"R\u00e9server"}]},{"@type":"WebSite","@id":"https:\/\/sickdogsurf.com\/fr\/#website","url":"https:\/\/sickdogsurf.com\/fr\/","name":"Kite Cruises, Kite Safari and Kite Lessons in Egypt - Sick Dog","description":"","publisher":{"@id":"https:\/\/sickdogsurf.com\/fr\/#organization"},"potentialAction":[{"@type":"SearchAction","target":{"@type":"EntryPoint","urlTemplate":"https:\/\/sickdogsurf.com\/fr\/?s={search_term_string}"},"query-input":{"@type":"PropertyValueSpecification","valueRequired":true,"valueName":"search_term_string"}}],"inLanguage":"fr-FR"},{"@type":"Organization","@id":"https:\/\/sickdogsurf.com\/fr\/#organization","name":"Sick Dog","alternateName":"Sick Dog","url":"https:\/\/sickdogsurf.com\/fr\/","logo":{"@type":"ImageObject","inLanguage":"fr-FR","@id":"https:\/\/sickdogsurf.com\/fr\/#\/schema\/logo\/image\/","url":"https:\/\/sickdogsurf.com\/wp-content\/uploads\/2025\/09\/icon.png","contentUrl":"https:\/\/sickdogsurf.com\/wp-content\/uploads\/2025\/09\/icon.png","width":512,"height":512,"caption":"Sick Dog"},"image":{"@id":"https:\/\/sickdogsurf.com\/fr\/#\/schema\/logo\/image\/"},"sameAs":["https:\/\/www.facebook.com\/sickdogsurf","https:\/\/instagram.com\/sickdogsurf","https:\/\/www.youtube.com\/channel\/UCEf1c4rAaoAUMilFW16YHww\/"]}]}},"_links":{"self":[{"href":"https:\/\/sickdogsurf.com\/fr\/wp-json\/wp\/v2\/pages\/1936","targetHints":{"allow":["GET"]}}],"collection":[{"href":"https:\/\/sickdogsurf.com\/fr\/wp-json\/wp\/v2\/pages"}],"about":[{"href":"https:\/\/sickdogsurf.com\/fr\/wp-json\/wp\/v2\/types\/page"}],"author":[{"embeddable":true,"href":"https:\/\/sickdogsurf.com\/fr\/wp-json\/wp\/v2\/users\/1"}],"replies":[{"embeddable":true,"href":"https:\/\/sickdogsurf.com\/fr\/wp-json\/wp\/v2\/comments?post=1936"}],"version-history":[{"count":14,"href":"https:\/\/sickdogsurf.com\/fr\/wp-json\/wp\/v2\/pages\/1936\/revisions"}],"predecessor-version":[{"id":3306,"href":"https:\/\/sickdogsurf.com\/fr\/wp-json\/wp\/v2\/pages\/1936\/revisions\/3306"}],"wp:attachment":[{"href":"https:\/\/sickdogsurf.com\/fr\/wp-json\/wp\/v2\/media?parent=1936"}],"curies":[{"name":"wp","href":"https:\/\/api.w.org\/{rel}","templated":true}]}}