{"id":2201,"date":"2025-10-01T03:37:39","date_gmt":"2025-10-01T03:37:39","guid":{"rendered":"https:\/\/sickdogsurf.com\/about\/"},"modified":"2026-03-02T13:59:38","modified_gmt":"2026-03-02T13:59:38","slug":"sobre-nosotros","status":"publish","type":"page","link":"https:\/\/sickdogsurf.com\/es\/sobre-nosotros\/","title":{"rendered":"Equipo"},"content":{"rendered":"<div class=\"wpb-content-wrapper\"><p>[vc_row full_width=\u00bbstretch_row\u00bb css=\u00bb.vc_custom_1761929727243{background-image: url(https:\/\/sickdogsurf.com\/wp-content\/uploads\/2025\/09\/main_kitetrip_7.jpg?id=596) !important;background-position: center !important;background-repeat: no-repeat !important;background-size: cover !important;}\u00bb][vc_column][vc_empty_space height=\u00bb600px\u00bb][\/vc_column][\/vc_row][vc_row el_position=\u00bblast\u00bb][vc_column][vc_column_text css=\u00bb\u00bb]<\/p>\n<h2 class=\"bottom25\" style=\"text-align: center;\">DE QU\u00c9 ESTAMOS HECHOS.<\/h2>\n<p style=\"text-align: center;\">Somos apasionados del kitesurf, somos un grupo experimentado y calificado de personas y amigos que decidieron compartir su amor por este deporte con todos ustedes. Provenimos de diferentes pa\u00edses, somos confiables y rebosamos de energ\u00eda. Nos gusta pensar que estamos haciendo algo nuevo y \u00fanico en el mundo del kitesurf, y sentimos que\u00a0<strong>nuestros cruceros de kitesurf<\/strong>\u00a0son realmente una experiencia \u00fanica en el mundo del kitesurf.<\/p>\n<p>[\/vc_column_text][vc_row_inner][vc_column_inner width=\u00bb1\/4&#8243;][vc_single_image image=\u00bb1950&#8243; img_size=\u00bb300&#215;300&#8243; alignment=\u00bbcenter\u00bb style=\u00bbvc_box_circle\u00bb css_animation=\u00bbleft-to-right\u00bb css=\u00bb\u00bb el_class=\u00bbcircled centeronmobile\u00bb][\/vc_column_inner][vc_column_inner width=\u00bb1\/4&#8243;][vc_column_text css_animation=\u00bbright-to-left\u00bb css=\u00bb\u00bb el_class=\u00bbcenteronmobile\u00bb]<\/p>\n<h5 class=\"bottom0 bold700\">Roberto Primi<\/h5>\n<h6 class=\"grey\">Kiter\u00a0\/ Gur\u00fa del spot de \u00a0kitesurf \/ Instructor<\/h6>\n<p>Kitesurfista y l\u00edder de tours de kitesurf italiano, con 10 a\u00f1os de experiencia.[\/vc_column_text][\/vc_column_inner][vc_column_inner width=\u00bb1\/4&#8243;][vc_single_image image=\u00bb2238&#8243; img_size=\u00bb300&#215;300&#8243; alignment=\u00bbcenter\u00bb style=\u00bbvc_box_circle\u00bb css_animation=\u00bbright-to-left\u00bb css=\u00bb\u00bb el_class=\u00bbcircled centeronmobile\u00bb][\/vc_column_inner][vc_column_inner width=\u00bb1\/4&#8243;][vc_column_text css_animation=\u00bbleft-to-right\u00bb css=\u00bb\u00bb el_class=\u00bbcenteronmobile\u00bb]<\/p>\n<h5 class=\"bottom0 bold700\">Vanny<\/h5>\n<h6 class=\"grey\">Instructor<\/h6>\n<p>Un gran m\u00fasico y uno de los mejores riders extranjeros en Egipto, muy experimentado y uno de nuestros mejores compa\u00f1eros.[\/vc_column_text][\/vc_column_inner][\/vc_row_inner][vc_separator][vc_row_inner][vc_column_inner width=\u00bb1\/4&#8243;][vc_single_image image=\u00bb2237&#8243; img_size=\u00bb300&#215;300&#8243; alignment=\u00bbcenter\u00bb style=\u00bbvc_box_circle\u00bb css_animation=\u00bbleft-to-right\u00bb css=\u00bb\u00bb el_class=\u00bbcircled centeronmobile\u00bb][\/vc_column_inner][vc_column_inner width=\u00bb1\/4&#8243;][vc_column_text css_animation=\u00bbright-to-left\u00bb css=\u00bb\u00bb el_class=\u00bbcenteronmobile\u00bb]<\/p>\n<h5 class=\"bottom0 bold700\">Mery Frackowiak<\/h5>\n<h6 class=\"grey\">L\u00edder de la embarcaci\u00f3n<\/h6>\n<p>Este va en serio. Rider polaca, es una l\u00edder fuerte para nuestro barco, gestionando todas las actividades en el barco y resolviendo problemas con una sonrisa.[\/vc_column_text][\/vc_column_inner][vc_column_inner width=\u00bb1\/4&#8243;][vc_single_image image=\u00bb2239&#8243; img_size=\u00bb300&#215;300&#8243; alignment=\u00bbcenter\u00bb style=\u00bbvc_box_circle\u00bb css_animation=\u00bbleft-to-right\u00bb css=\u00bb\u00bb el_class=\u00bbcircled centeronmobile\u00bb][\/vc_column_inner][vc_column_inner width=\u00bb1\/4&#8243;][vc_column_text css_animation=\u00bbright-to-left\u00bb css=\u00bb\u00bb el_class=\u00bbcenteronmobile\u00bb]<\/p>\n<h5 class=\"bottom0 bold700\">Viktoria Laufer<\/h5>\n<h6 class=\"grey\">IKO instructora<\/h6>\n<div>Instructora IKO y coach de vida, le gusta viajar y estar\u00e1 a cargo de nuestros kiters principiantes.<\/div>\n<p>[\/vc_column_text][\/vc_column_inner][\/vc_row_inner][vc_separator][vc_row_inner][vc_column_inner width=\u00bb1\/4&#8243;][vc_single_image image=\u00bb2241&#8243; img_size=\u00bb300&#215;300&#8243; alignment=\u00bbcenter\u00bb style=\u00bbvc_box_circle\u00bb css_animation=\u00bbleft-to-right\u00bb css=\u00bb\u00bb el_class=\u00bbcircled centeronmobile\u00bb][\/vc_column_inner][vc_column_inner width=\u00bb1\/4&#8243;][vc_column_text css_animation=\u00bbright-to-left\u00bb css=\u00bb\u00bb el_class=\u00bbcenteronmobile\u00bb]<\/p>\n<h5 class=\"bottom0 bold700\">Paulina Trusewicz<\/h5>\n<h6 class=\"grey\">Instructora \/ L\u00edder de estiramiento<\/h6>\n<p>Paulina se encargar\u00e1 de nuestros estudiantes principiantes y de nuestros cuerpos antes y despu\u00e9s de nuestras sesiones de kitesurf. \u00a1Una ayuda muy necesaria en nuestros cruceros de kitesurf![\/vc_column_text][\/vc_column_inner][vc_column_inner width=\u00bb1\/4&#8243;][vc_single_image image=\u00bb2244&#8243; img_size=\u00bb300&#215;300&#8243; alignment=\u00bbcenter\u00bb style=\u00bbvc_box_circle\u00bb css_animation=\u00bbleft-to-right\u00bb css=\u00bb\u00bb el_class=\u00bbcircled centeronmobile\u00bb][\/vc_column_inner][vc_column_inner width=\u00bb1\/4&#8243;][vc_column_text css_animation=\u00bbright-to-left\u00bb css=\u00bb\u00bb el_class=\u00bbcenteronmobile\u00bb]<\/p>\n<h5 class=\"bottom0 bold700\">Sophie Ayoub<\/h5>\n<h6 class=\"grey\">Instructora de kitesurf<\/h6>\n<div>Parte del equipo Kite Tribe, Sophie es una parte crucial de nuestro equipo, con su energ\u00eda y sus habilidades dentro y fuera del barco.<\/div>\n<p>[\/vc_column_text][\/vc_column_inner][\/vc_row_inner][vc_separator][vc_row_inner][vc_column_inner width=\u00bb1\/4&#8243;][vc_single_image image=\u00bb2040&#8243; img_size=\u00bb300&#215;300&#8243; alignment=\u00bbcenter\u00bb style=\u00bbvc_box_circle\u00bb css_animation=\u00bbleft-to-right\u00bb css=\u00bb\u00bb el_class=\u00bbcircled centeronmobile\u00bb][\/vc_column_inner][vc_column_inner width=\u00bb1\/4&#8243;][vc_column_text css_animation=\u00bbright-to-left\u00bb css=\u00bb\u00bb el_class=\u00bbcenteronmobile\u00bb]<\/p>\n<h5>Alex Bilouis<\/h5>\n<h6>Instructor certificado por IKO<\/h6>\n<p>Nacido en Ucrania, Alex vive y practica kitesurf entre Egipto y Tailandia. Habla ingl\u00e9s y ruso. Es un instructor de kitesurf muy paciente, pero no sabe bailar y escucha m\u00fasica horrible.[\/vc_column_text][\/vc_column_inner][vc_column_inner width=\u00bb1\/4&#8243;][vc_single_image image=\u00bb2245&#8243; img_size=\u00bb300&#215;300&#8243; alignment=\u00bbcenter\u00bb style=\u00bbvc_box_circle\u00bb css_animation=\u00bbleft-to-right\u00bb css=\u00bb\u00bb el_class=\u00bbcircled centeronmobile\u00bb][\/vc_column_inner][vc_column_inner width=\u00bb1\/4&#8243;][vc_column_text css_animation=\u00bbright-to-left\u00bb css=\u00bb\u00bb el_class=\u00bbcenteronmobile\u00bb]<\/p>\n<h5 class=\"bottom0 bold700\">Kasia Jaworska<\/h5>\n<h6 class=\"grey\">Prorider \/ IKO instructora<\/h6>\n<div>Una experimentada instructora IKO y Pro Rider, estar\u00e1 a cargo de nuestras cl\u00ednicas de kitesurf. Patrocinada por Ozone Kites y SU2<\/div>\n<p>[\/vc_column_text][\/vc_column_inner][\/vc_row_inner][\/vc_column][\/vc_row][vc_row][vc_column][vc_column_text css=\u00bb\u00bb]<\/p>\n<h2 class=\"bottom15\" style=\"text-align: center;\">Ponte en contacto ahora<\/h2>\n<h5 style=\"text-align: center;\">Cu\u00e9ntanos lo que necesitas y te responderemos tan pronto como podamos.<\/h5>\n<p style=\"text-align: center;\">info@sickdogsurf.com<\/p>\n<p style=\"text-align: center;\">Whatsapp\/Viber: 00201009410388<\/p>\n<p style=\"text-align: center;\">Tel: 00201009410388<\/p>\n<p>[\/vc_column_text][\/vc_column][\/vc_row]<\/p>\n<\/div>","protected":false},"excerpt":{"rendered":"<p>[vc_row full_width=\u00bbstretch_row\u00bb css=\u00bb.vc_custom_1761929727243{background-image: url(https:\/\/sickdogsurf.com\/wp-content\/uploads\/2025\/09\/main_kitetrip_7.jpg?id=596) !important;background-position: center !important;background-repeat: no-repeat !important;background-size: cover !important;}\u00bb][vc_column][vc_empty_space height=\u00bb600px\u00bb][\/vc_column][\/vc_row][vc_row el_position=\u00bblast\u00bb][vc_column][vc_column_text css=\u00bb\u00bb] DE QU\u00c9 ESTAMOS HECHOS. Somos apasionados del kitesurf, somos un grupo experimentado y calificado de personas y amigos que decidieron compartir su amor por este deporte con todos ustedes. Provenimos de diferentes pa\u00edses, somos confiables y rebosamos de energ\u00eda. Nos gusta pensar [&hellip;]<\/p>\n","protected":false},"author":1,"featured_media":0,"parent":0,"menu_order":0,"comment_status":"closed","ping_status":"closed","template":"","meta":{"footnotes":""},"class_list":["post-2201","page","type-page","status-publish","hentry","post"],"yoast_head":"<!-- This site is optimized with the Yoast SEO plugin v27.4 - https:\/\/yoast.com\/product\/yoast-seo-wordpress\/ -->\n<title>Equipo - Kite Cruises, Kite Safari and Kite Lessons in Egypt - Sick Dog<\/title>\n<meta name=\"description\" content=\"\u00a1Descubre m\u00e1s sobre Sick Dog Surf y el equipo detr\u00e1s de \u00e9l!\" \/>\n<meta name=\"robots\" content=\"index, follow, max-snippet:-1, max-image-preview:large, max-video-preview:-1\" \/>\n<link rel=\"canonical\" href=\"https:\/\/sickdogsurf.com\/es\/sobre-nosotros\/\" \/>\n<meta property=\"og:locale\" content=\"es_ES\" \/>\n<meta property=\"og:type\" content=\"article\" \/>\n<meta property=\"og:title\" content=\"Equipo - Kite Cruises, Kite Safari and Kite Lessons in Egypt - Sick Dog\" \/>\n<meta property=\"og:description\" content=\"\u00a1Descubre m\u00e1s sobre Sick Dog Surf y el equipo detr\u00e1s de \u00e9l!\" \/>\n<meta property=\"og:url\" content=\"https:\/\/sickdogsurf.com\/es\/sobre-nosotros\/\" \/>\n<meta property=\"og:site_name\" content=\"Kite Cruises, Kite Safari and Kite Lessons in Egypt - Sick Dog\" \/>\n<meta property=\"article:publisher\" content=\"https:\/\/www.facebook.com\/sickdogsurf\" \/>\n<meta property=\"article:modified_time\" content=\"2026-03-02T13:59:38+00:00\" \/>\n<meta property=\"og:image\" content=\"https:\/\/sickdogsurf.com\/wp-content\/uploads\/2025\/09\/main_kitetrip_9.jpg\" \/>\n\t<meta property=\"og:image:width\" content=\"1920\" \/>\n\t<meta property=\"og:image:height\" content=\"1052\" \/>\n\t<meta property=\"og:image:type\" content=\"image\/jpeg\" \/>\n<meta name=\"twitter:card\" content=\"summary_large_image\" \/>\n<meta name=\"twitter:label1\" content=\"Tiempo de lectura\" \/>\n\t<meta name=\"twitter:data1\" content=\"4 minutos\" \/>\n<script type=\"application\/ld+json\" class=\"yoast-schema-graph\">{\"@context\":\"https:\\\/\\\/schema.org\",\"@graph\":[{\"@type\":\"WebPage\",\"@id\":\"https:\\\/\\\/sickdogsurf.com\\\/es\\\/sobre-nosotros\\\/\",\"url\":\"https:\\\/\\\/sickdogsurf.com\\\/es\\\/sobre-nosotros\\\/\",\"name\":\"Equipo - Kite Cruises, Kite Safari and Kite Lessons in Egypt - Sick Dog\",\"isPartOf\":{\"@id\":\"https:\\\/\\\/sickdogsurf.com\\\/es\\\/#website\"},\"datePublished\":\"2025-10-01T03:37:39+00:00\",\"dateModified\":\"2026-03-02T13:59:38+00:00\",\"description\":\"\u00a1Descubre m\u00e1s sobre Sick Dog Surf y el equipo detr\u00e1s de \u00e9l!\",\"breadcrumb\":{\"@id\":\"https:\\\/\\\/sickdogsurf.com\\\/es\\\/sobre-nosotros\\\/#breadcrumb\"},\"inLanguage\":\"es\",\"potentialAction\":[{\"@type\":\"ReadAction\",\"target\":[\"https:\\\/\\\/sickdogsurf.com\\\/es\\\/sobre-nosotros\\\/\"]}]},{\"@type\":\"BreadcrumbList\",\"@id\":\"https:\\\/\\\/sickdogsurf.com\\\/es\\\/sobre-nosotros\\\/#breadcrumb\",\"itemListElement\":[{\"@type\":\"ListItem\",\"position\":1,\"name\":\"Home\",\"item\":\"https:\\\/\\\/sickdogsurf.com\\\/es\\\/\"},{\"@type\":\"ListItem\",\"position\":2,\"name\":\"Equipo\"}]},{\"@type\":\"WebSite\",\"@id\":\"https:\\\/\\\/sickdogsurf.com\\\/es\\\/#website\",\"url\":\"https:\\\/\\\/sickdogsurf.com\\\/es\\\/\",\"name\":\"Kite Cruises, Kite Safari and Kite Lessons in Egypt - Sick Dog\",\"description\":\"\",\"publisher\":{\"@id\":\"https:\\\/\\\/sickdogsurf.com\\\/es\\\/#organization\"},\"potentialAction\":[{\"@type\":\"SearchAction\",\"target\":{\"@type\":\"EntryPoint\",\"urlTemplate\":\"https:\\\/\\\/sickdogsurf.com\\\/es\\\/?s={search_term_string}\"},\"query-input\":{\"@type\":\"PropertyValueSpecification\",\"valueRequired\":true,\"valueName\":\"search_term_string\"}}],\"inLanguage\":\"es\"},{\"@type\":\"Organization\",\"@id\":\"https:\\\/\\\/sickdogsurf.com\\\/es\\\/#organization\",\"name\":\"Sick Dog\",\"alternateName\":\"Sick Dog\",\"url\":\"https:\\\/\\\/sickdogsurf.com\\\/es\\\/\",\"logo\":{\"@type\":\"ImageObject\",\"inLanguage\":\"es\",\"@id\":\"https:\\\/\\\/sickdogsurf.com\\\/es\\\/#\\\/schema\\\/logo\\\/image\\\/\",\"url\":\"https:\\\/\\\/sickdogsurf.com\\\/wp-content\\\/uploads\\\/2025\\\/09\\\/icon.png\",\"contentUrl\":\"https:\\\/\\\/sickdogsurf.com\\\/wp-content\\\/uploads\\\/2025\\\/09\\\/icon.png\",\"width\":512,\"height\":512,\"caption\":\"Sick Dog\"},\"image\":{\"@id\":\"https:\\\/\\\/sickdogsurf.com\\\/es\\\/#\\\/schema\\\/logo\\\/image\\\/\"},\"sameAs\":[\"https:\\\/\\\/www.facebook.com\\\/sickdogsurf\",\"https:\\\/\\\/instagram.com\\\/sickdogsurf\",\"https:\\\/\\\/www.youtube.com\\\/channel\\\/UCEf1c4rAaoAUMilFW16YHww\\\/\"]}]}<\/script>\n<!-- \/ Yoast SEO plugin. -->","yoast_head_json":{"title":"Equipo - Kite Cruises, Kite Safari and Kite Lessons in Egypt - Sick Dog","description":"\u00a1Descubre m\u00e1s sobre Sick Dog Surf y el equipo detr\u00e1s de \u00e9l!","robots":{"index":"index","follow":"follow","max-snippet":"max-snippet:-1","max-image-preview":"max-image-preview:large","max-video-preview":"max-video-preview:-1"},"canonical":"https:\/\/sickdogsurf.com\/es\/sobre-nosotros\/","og_locale":"es_ES","og_type":"article","og_title":"Equipo - Kite Cruises, Kite Safari and Kite Lessons in Egypt - Sick Dog","og_description":"\u00a1Descubre m\u00e1s sobre Sick Dog Surf y el equipo detr\u00e1s de \u00e9l!","og_url":"https:\/\/sickdogsurf.com\/es\/sobre-nosotros\/","og_site_name":"Kite Cruises, Kite Safari and Kite Lessons in Egypt - Sick Dog","article_publisher":"https:\/\/www.facebook.com\/sickdogsurf","article_modified_time":"2026-03-02T13:59:38+00:00","og_image":[{"width":1920,"height":1052,"url":"https:\/\/sickdogsurf.com\/wp-content\/uploads\/2025\/09\/main_kitetrip_9.jpg","type":"image\/jpeg"}],"twitter_card":"summary_large_image","twitter_misc":{"Tiempo de lectura":"4 minutos"},"schema":{"@context":"https:\/\/schema.org","@graph":[{"@type":"WebPage","@id":"https:\/\/sickdogsurf.com\/es\/sobre-nosotros\/","url":"https:\/\/sickdogsurf.com\/es\/sobre-nosotros\/","name":"Equipo - Kite Cruises, Kite Safari and Kite Lessons in Egypt - Sick Dog","isPartOf":{"@id":"https:\/\/sickdogsurf.com\/es\/#website"},"datePublished":"2025-10-01T03:37:39+00:00","dateModified":"2026-03-02T13:59:38+00:00","description":"\u00a1Descubre m\u00e1s sobre Sick Dog Surf y el equipo detr\u00e1s de \u00e9l!","breadcrumb":{"@id":"https:\/\/sickdogsurf.com\/es\/sobre-nosotros\/#breadcrumb"},"inLanguage":"es","potentialAction":[{"@type":"ReadAction","target":["https:\/\/sickdogsurf.com\/es\/sobre-nosotros\/"]}]},{"@type":"BreadcrumbList","@id":"https:\/\/sickdogsurf.com\/es\/sobre-nosotros\/#breadcrumb","itemListElement":[{"@type":"ListItem","position":1,"name":"Home","item":"https:\/\/sickdogsurf.com\/es\/"},{"@type":"ListItem","position":2,"name":"Equipo"}]},{"@type":"WebSite","@id":"https:\/\/sickdogsurf.com\/es\/#website","url":"https:\/\/sickdogsurf.com\/es\/","name":"Kite Cruises, Kite Safari and Kite Lessons in Egypt - Sick Dog","description":"","publisher":{"@id":"https:\/\/sickdogsurf.com\/es\/#organization"},"potentialAction":[{"@type":"SearchAction","target":{"@type":"EntryPoint","urlTemplate":"https:\/\/sickdogsurf.com\/es\/?s={search_term_string}"},"query-input":{"@type":"PropertyValueSpecification","valueRequired":true,"valueName":"search_term_string"}}],"inLanguage":"es"},{"@type":"Organization","@id":"https:\/\/sickdogsurf.com\/es\/#organization","name":"Sick Dog","alternateName":"Sick Dog","url":"https:\/\/sickdogsurf.com\/es\/","logo":{"@type":"ImageObject","inLanguage":"es","@id":"https:\/\/sickdogsurf.com\/es\/#\/schema\/logo\/image\/","url":"https:\/\/sickdogsurf.com\/wp-content\/uploads\/2025\/09\/icon.png","contentUrl":"https:\/\/sickdogsurf.com\/wp-content\/uploads\/2025\/09\/icon.png","width":512,"height":512,"caption":"Sick Dog"},"image":{"@id":"https:\/\/sickdogsurf.com\/es\/#\/schema\/logo\/image\/"},"sameAs":["https:\/\/www.facebook.com\/sickdogsurf","https:\/\/instagram.com\/sickdogsurf","https:\/\/www.youtube.com\/channel\/UCEf1c4rAaoAUMilFW16YHww\/"]}]}},"_links":{"self":[{"href":"https:\/\/sickdogsurf.com\/es\/wp-json\/wp\/v2\/pages\/2201","targetHints":{"allow":["GET"]}}],"collection":[{"href":"https:\/\/sickdogsurf.com\/es\/wp-json\/wp\/v2\/pages"}],"about":[{"href":"https:\/\/sickdogsurf.com\/es\/wp-json\/wp\/v2\/types\/page"}],"author":[{"embeddable":true,"href":"https:\/\/sickdogsurf.com\/es\/wp-json\/wp\/v2\/users\/1"}],"replies":[{"embeddable":true,"href":"https:\/\/sickdogsurf.com\/es\/wp-json\/wp\/v2\/comments?post=2201"}],"version-history":[{"count":13,"href":"https:\/\/sickdogsurf.com\/es\/wp-json\/wp\/v2\/pages\/2201\/revisions"}],"predecessor-version":[{"id":4005,"href":"https:\/\/sickdogsurf.com\/es\/wp-json\/wp\/v2\/pages\/2201\/revisions\/4005"}],"wp:attachment":[{"href":"https:\/\/sickdogsurf.com\/es\/wp-json\/wp\/v2\/media?parent=2201"}],"curies":[{"name":"wp","href":"https:\/\/api.w.org\/{rel}","templated":true}]}}