{"id":2189,"date":"2025-10-01T02:57:32","date_gmt":"2025-10-01T02:57:32","guid":{"rendered":"https:\/\/sickdogsurf.com\/pics-videos\/"},"modified":"2025-10-09T15:28:25","modified_gmt":"2025-10-09T15:28:25","slug":"fotos-y-videos","status":"publish","type":"page","link":"https:\/\/sickdogsurf.com\/es\/fotos-y-videos\/","title":{"rendered":"Fotos &#038; Videos"},"content":{"rendered":"<div class=\"wpb-content-wrapper\"><p>[vc_row full_width=\u00bbstretch_row\u00bb css=\u00bb.vc_custom_1760023704086{background-image: url(https:\/\/sickdogsurf.com\/wp-content\/uploads\/2025\/09\/ACH_1156-2_01-e1759252360699.jpg?id=95) !important;background-position: center !important;background-repeat: no-repeat !important;background-size: cover !important;}\u00bb][vc_column][vc_empty_space height=\u00bb600px\u00bb][\/vc_column][\/vc_row][vc_row][vc_column][vc_column_text css=\u00bb\u00bb]<\/p>\n<p style=\"text-align: center;\">Echa un vistazo a nuestro canal de\u00a0<a href=\"https:\/\/www.youtube.com\/channel\/UCEf1c4rAaoAUMilFW16YHww\/\" target=\"_blank\" rel=\"nofollow noopener\">Youtube<\/a>\u00a0de Sick Dog y a nuestro\u00a0<a href=\"https:\/\/instagram.com\/sickdogsurf\/\" target=\"_blank\" rel=\"nofollow noopener\">Instagram<\/a>\u00a0de Sick Dog para ver qu\u00e9 estamos haciendo dentro y fuera del agua. A continuaci\u00f3n, tenemos un video de uno de nuestros Kite Safari y algunas de las mejores fotos tomadas en nuestros viajes. \u00a1Disfruta!<\/p>\n<p>[\/vc_column_text][\/vc_column][\/vc_row][vc_row full_width=\u00bbstretch_row_content_no_spaces\u00bb][vc_column][vc_column_text css=\u00bb\u00bb]<div  id=\"jtg-39\" class=\"modula modula-gallery modula-custom-grid\" data-config=\"{&quot;height&quot;:800,&quot;tabletHeight&quot;:800,&quot;mobileHeight&quot;:800,&quot;desktopHeight&quot;:800,&quot;enableTwitter&quot;:false,&quot;enableWhatsapp&quot;:false,&quot;enableFacebook&quot;:false,&quot;enablePinterest&quot;:false,&quot;enableLinkedin&quot;:false,&quot;enableEmail&quot;:false,&quot;randomFactor&quot;:0.5,&quot;type&quot;:&quot;custom-grid&quot;,&quot;columns&quot;:12,&quot;gutter&quot;:1,&quot;mobileGutter&quot;:1,&quot;tabletGutter&quot;:1,&quot;desktopGutter&quot;:1,&quot;enableResponsive&quot;:&quot;0&quot;,&quot;tabletColumns&quot;:2,&quot;mobileColumns&quot;:1,&quot;lazyLoad&quot;:0,&quot;lightboxOpts&quot;:{&quot;animated&quot;:true,&quot;Thumbs&quot;:{&quot;type&quot;:&quot;modern&quot;,&quot;showOnStart&quot;:false},&quot;Toolbar&quot;:{&quot;display&quot;:{&quot;right&quot;:[&quot;close&quot;]},&quot;enabled&quot;:true},&quot;Carousel&quot;:{&quot;Panzoom&quot;:{&quot;touch&quot;:true},&quot;infinite&quot;:false},&quot;keyboard&quot;:{&quot;Escape&quot;:&quot;close&quot;,&quot;Delete&quot;:&quot;close&quot;,&quot;Backspace&quot;:&quot;close&quot;,&quot;PageUp&quot;:false,&quot;PageDown&quot;:false,&quot;ArrowUp&quot;:false,&quot;ArrowDown&quot;:false,&quot;ArrowRight&quot;:false,&quot;ArrowLeft&quot;:false},&quot;touch&quot;:false,&quot;backdropClick&quot;:false,&quot;l10n&quot;:{&quot;CLOSE&quot;:&quot;Cerrar&quot;,&quot;NEXT&quot;:&quot;Siguiente&quot;,&quot;PREV&quot;:&quot;Anterior&quot;,&quot;Error&quot;:&quot;No se ha podido cargar el contenido solicitado. Por favor, int\\u00e9ntalo de nuevo m\\u00e1s tarde.&quot;,&quot;PLAY_START&quot;:&quot;Empezar la presentaci\\u00f3n&quot;,&quot;PLAY_STOP&quot;:&quot;Pausar la presentaci\\u00f3n&quot;,&quot;FULL_SCREEN&quot;:&quot;Pantalla completa&quot;,&quot;THUMBS&quot;:&quot;Miniaturas&quot;,&quot;DOWNLOAD&quot;:&quot;Descargar&quot;,&quot;SHARE&quot;:&quot;Compartir&quot;,&quot;ZOOM&quot;:&quot;Zoom&quot;,&quot;EMAIL&quot;:&quot;Here is the link to the image : %%image_link%% and this is the link to the gallery : %%gallery_link%%&quot;,&quot;MODAL&quot;:&quot;Puedes cerrar este contenido emergente con la tecla ESC&quot;,&quot;ERROR&quot;:&quot;Algo ha ido mal, pro favor, prueba de nuevo m\\u00e1s tarde&quot;,&quot;IMAGE_ERROR&quot;:&quot;Imagen no encontrada&quot;,&quot;ELEMENT_NOT_FOUND&quot;:&quot;No se ha encontrado el elemento HTML&quot;,&quot;AJAX_NOT_FOUND&quot;:&quot;Error al cargar AJAX: No encontrado&quot;,&quot;AJAX_FORBIDDEN&quot;:&quot;Error al cargar AJAX: Prohibido&quot;,&quot;IFRAME_ERROR&quot;:&quot;Error al cargar la p\\u00e1gina&quot;,&quot;TOGGLE_ZOOM&quot;:&quot;Alternar nivel de ampliar\\\/acercar&quot;,&quot;TOGGLE_THUMBS&quot;:&quot;Alternar miniaturas&quot;,&quot;TOGGLE_SLIDESHOW&quot;:&quot;Alternar diapositiva&quot;,&quot;TOGGLE_FULLSCREEN&quot;:&quot;Cambiar al modo de pantalla completa&quot;},&quot;Images&quot;:{&quot;Panzoom&quot;:{&quot;maxScale&quot;:2}},&quot;mainClass&quot;:&quot;modula-fancybox-container modula-lightbox-jtg-39&quot;,&quot;Html&quot;:{&quot;videoAutoplay&quot;:0,&quot;videoTpl&quot;:&quot;&lt;video class=\\&quot;fancybox__html5video\\&quot; controls muted playsinline controlsList controlsList=\\&quot;nodownload\\&quot; poster=\\&quot;{{poster}}\\&quot; src=\\&quot;{{src}}\\&quot; type=\\&quot;{{format}}\\&quot; &gt;  Sorry, your browser doesn&#039;t support embedded videos, &lt;a href=\\&quot;{{src}}\\&quot;&gt; download &lt;\\\/a&gt; and watch with your favorite video player! &lt;\\\/video&gt;&quot;}},&quot;inView&quot;:false,&quot;email_subject&quot;:&quot;Check out this awesome image !!&quot;,&quot;email_message&quot;:&quot;Here is the link to the image : %%image_link%% and this is the link to the gallery : %%gallery_link%%&quot;,&quot;lightbox&quot;:&quot;fancybox&quot;}\">\n\n\t\n\t<div  class=\"modula-items\">\n\t\t<div class=\"modula-item effect-pufrobo\" data-width=\"6\" data-height=\"4\" >\n\t<div class=\"modula-item-overlay\"><\/div>\n\n\t<div class=\"modula-item-content\">\n\n\t\t<a data-image-id=\"594\" role=\"button\" tabindex=\"0\" rel=\"jtg-39\" data-caption=\"\" aria-label=\"Abrir la imagen en una caja de luz\" class=\"tile-inner modula-item-link\"><\/a><img loading=\"lazy\" decoding=\"async\" class=\"pic wp-image-594\"  data-valign=\"middle\" data-halign=\"center\" alt=\"Kite Trip Friends Kiting\" data-full=\"https:\/\/sickdogsurf.com\/wp-content\/uploads\/2025\/09\/main_kitetrip_5.jpg\" title=\"\" crop=\"\" width=\"1920\" height=\"1052\" src=\"https:\/\/sickdogsurf.com\/wp-content\/uploads\/2025\/09\/main_kitetrip_5.jpg\" data-src=\"https:\/\/sickdogsurf.com\/wp-content\/uploads\/2025\/09\/main_kitetrip_5.jpg\" data-caption=\"\" srcset=\"https:\/\/sickdogsurf.com\/wp-content\/uploads\/2025\/09\/main_kitetrip_5.jpg 1920w, https:\/\/sickdogsurf.com\/wp-content\/uploads\/2025\/09\/main_kitetrip_5-300x164.jpg 300w, https:\/\/sickdogsurf.com\/wp-content\/uploads\/2025\/09\/main_kitetrip_5-1024x561.jpg 1024w, https:\/\/sickdogsurf.com\/wp-content\/uploads\/2025\/09\/main_kitetrip_5-768x421.jpg 768w, https:\/\/sickdogsurf.com\/wp-content\/uploads\/2025\/09\/main_kitetrip_5-1536x842.jpg 1536w\" sizes=\"auto, (max-width: 1920px) 100vw, 1920px\" \/>\n\t\t<div class=\"figc no-title no-description\">\n\t\t\t<div class=\"figc-inner\">\n\t\t\t\t\t\t\t\t\t\t\t\t\t\t\t<\/div>\n\t\t<\/div>\n\n\t<\/div>\n\n<\/div><div class=\"modula-item effect-pufrobo\" data-width=\"6\" data-height=\"4\" >\n\t<div class=\"modula-item-overlay\"><\/div>\n\n\t<div class=\"modula-item-content\">\n\n\t\t<a data-image-id=\"95\" role=\"button\" tabindex=\"0\" rel=\"jtg-39\" data-caption=\"\" aria-label=\"Abrir la imagen en una caja de luz\" class=\"tile-inner modula-item-link\"><\/a><img loading=\"lazy\" decoding=\"async\" class=\"pic wp-image-95\"  data-valign=\"middle\" data-halign=\"center\" alt=\"Solo rider between boats\" data-full=\"https:\/\/sickdogsurf.com\/wp-content\/uploads\/2025\/09\/ACH_1156-2_01-e1759252360699.jpg\" title=\"Solo rider between boats\" crop=\"\" width=\"1200\" height=\"650\" src=\"https:\/\/sickdogsurf.com\/wp-content\/uploads\/2025\/09\/ACH_1156-2_01-e1759252360699.jpg\" data-src=\"https:\/\/sickdogsurf.com\/wp-content\/uploads\/2025\/09\/ACH_1156-2_01-e1759252360699.jpg\" data-caption=\"\" srcset=\"https:\/\/sickdogsurf.com\/wp-content\/uploads\/2025\/09\/ACH_1156-2_01-e1759252360699.jpg 1200w, https:\/\/sickdogsurf.com\/wp-content\/uploads\/2025\/09\/ACH_1156-2_01-e1759252360699-300x163.jpg 300w, https:\/\/sickdogsurf.com\/wp-content\/uploads\/2025\/09\/ACH_1156-2_01-e1759252360699-1024x555.jpg 1024w, https:\/\/sickdogsurf.com\/wp-content\/uploads\/2025\/09\/ACH_1156-2_01-e1759252360699-768x416.jpg 768w\" sizes=\"auto, (max-width: 1200px) 100vw, 1200px\" \/>\n\t\t<div class=\"figc no-description\">\n\t\t\t<div class=\"figc-inner\">\n\t\t\t\t\t\t\t\t\t\t\t\t\t\t\t<\/div>\n\t\t<\/div>\n\n\t<\/div>\n\n<\/div><div class=\"modula-item effect-pufrobo\" data-width=\"7\" data-height=\"6\" >\n\t<div class=\"modula-item-overlay\"><\/div>\n\n\t<div class=\"modula-item-content\">\n\n\t\t<a data-image-id=\"103\" role=\"button\" tabindex=\"0\" rel=\"jtg-39\" data-caption=\"\" aria-label=\"Abrir la imagen en una caja de luz\" class=\"tile-inner modula-item-link\"><\/a><img loading=\"lazy\" decoding=\"async\" class=\"pic wp-image-103\"  data-valign=\"middle\" data-halign=\"center\" alt=\"solo rider kite\" data-full=\"https:\/\/sickdogsurf.com\/wp-content\/uploads\/2025\/09\/ACH_2436_01-e1686564384976.jpg\" title=\"solo rider kite\" crop=\"\" width=\"1200\" height=\"1161\" src=\"https:\/\/sickdogsurf.com\/wp-content\/uploads\/2025\/09\/ACH_2436_01-e1686564384976.jpg\" data-src=\"https:\/\/sickdogsurf.com\/wp-content\/uploads\/2025\/09\/ACH_2436_01-e1686564384976.jpg\" data-caption=\"\" srcset=\"https:\/\/sickdogsurf.com\/wp-content\/uploads\/2025\/09\/ACH_2436_01-e1686564384976.jpg 1200w, https:\/\/sickdogsurf.com\/wp-content\/uploads\/2025\/09\/ACH_2436_01-e1686564384976-300x290.jpg 300w, https:\/\/sickdogsurf.com\/wp-content\/uploads\/2025\/09\/ACH_2436_01-e1686564384976-1024x991.jpg 1024w, https:\/\/sickdogsurf.com\/wp-content\/uploads\/2025\/09\/ACH_2436_01-e1686564384976-768x743.jpg 768w\" sizes=\"auto, (max-width: 1200px) 100vw, 1200px\" \/>\n\t\t<div class=\"figc no-description\">\n\t\t\t<div class=\"figc-inner\">\n\t\t\t\t\t\t\t\t\t\t\t\t\t\t\t<\/div>\n\t\t<\/div>\n\n\t<\/div>\n\n<\/div><div class=\"modula-item effect-pufrobo\" data-width=\"5\" data-height=\"6\" >\n\t<div class=\"modula-item-overlay\"><\/div>\n\n\t<div class=\"modula-item-content\">\n\n\t\t<a data-image-id=\"147\" role=\"button\" tabindex=\"0\" rel=\"jtg-39\" data-caption=\"\" aria-label=\"Abrir la imagen en una caja de luz\" class=\"tile-inner modula-item-link\"><\/a><img loading=\"lazy\" decoding=\"async\" class=\"pic wp-image-147\"  data-valign=\"middle\" data-halign=\"center\" alt=\"Kite Safari group Solarium\" data-full=\"https:\/\/sickdogsurf.com\/wp-content\/uploads\/2025\/09\/ACH_9558_01-e1759252754266.jpg\" title=\"Kite Safari group Solarium\" crop=\"\" width=\"1196\" height=\"770\" src=\"https:\/\/sickdogsurf.com\/wp-content\/uploads\/2025\/09\/ACH_9558_01-e1759252754266.jpg\" data-src=\"https:\/\/sickdogsurf.com\/wp-content\/uploads\/2025\/09\/ACH_9558_01-e1759252754266.jpg\" data-caption=\"\" srcset=\"https:\/\/sickdogsurf.com\/wp-content\/uploads\/2025\/09\/ACH_9558_01-e1759252754266.jpg 1196w, https:\/\/sickdogsurf.com\/wp-content\/uploads\/2025\/09\/ACH_9558_01-e1759252754266-300x193.jpg 300w, https:\/\/sickdogsurf.com\/wp-content\/uploads\/2025\/09\/ACH_9558_01-e1759252754266-1024x659.jpg 1024w, https:\/\/sickdogsurf.com\/wp-content\/uploads\/2025\/09\/ACH_9558_01-e1759252754266-768x494.jpg 768w\" sizes=\"auto, (max-width: 1196px) 100vw, 1196px\" \/>\n\t\t<div class=\"figc no-description\">\n\t\t\t<div class=\"figc-inner\">\n\t\t\t\t\t\t\t\t\t\t\t\t\t\t\t<\/div>\n\t\t<\/div>\n\n\t<\/div>\n\n<\/div>\t\t\n\t<\/div>\n\n\t\n\t\n\t<script type=\"application\/ld+json\">\n\t{\n\t\t\"@context\": \"http:\/\/schema.org\",\n\t\t\"@type\"   : \"ImageGallery\",\n\t\t\"id\"      : \"https:\/\/sickdogsurf.com\/es\/fotos-y-videos\/\",\n\t\t\"url\"     : \"https:\/\/sickdogsurf.com\/es\/fotos-y-videos\/\"\n\t}\n\n\t<\/script>\n\n\t\n<\/div>\n[\/vc_column_text][\/vc_column][\/vc_row][vc_row full_width=\u00bbstretch_row_content_no_spaces\u00bb css=\u00bb.vc_custom_1735235870266{margin-bottom: 0px !important;border-bottom-width: 0px !important;}\u00bb][vc_column][vc_column_text css=\u00bb\u00bb]<\/p>\n<p>[\/vc_column_text][vc_video link=\u00bbhttps:\/\/youtu.be\/EflJlyvAcBg\u00bb css=\u00bb.vc_custom_1735235876000{margin-bottom: 0px !important;border-bottom-width: 0px !important;}\u00bb][\/vc_column][\/vc_row]<\/p>\n<\/div>","protected":false},"excerpt":{"rendered":"<p>[vc_row full_width=\u00bbstretch_row\u00bb css=\u00bb.vc_custom_1760023704086{background-image: url(https:\/\/sickdogsurf.com\/wp-content\/uploads\/2025\/09\/ACH_1156-2_01-e1759252360699.jpg?id=95) !important;background-position: center !important;background-repeat: no-repeat !important;background-size: cover !important;}\u00bb][vc_column][vc_empty_space height=\u00bb600px\u00bb][\/vc_column][\/vc_row][vc_row][vc_column][vc_column_text css=\u00bb\u00bb] Echa un vistazo a nuestro canal de\u00a0Youtube\u00a0de Sick Dog y a nuestro\u00a0Instagram\u00a0de Sick Dog para ver qu\u00e9 estamos haciendo dentro y fuera del agua. A continuaci\u00f3n, tenemos un video de uno de nuestros Kite Safari y algunas de las mejores fotos tomadas en [&hellip;]<\/p>\n","protected":false},"author":1,"featured_media":0,"parent":0,"menu_order":0,"comment_status":"closed","ping_status":"closed","template":"","meta":{"footnotes":""},"class_list":["post-2189","page","type-page","status-publish","hentry","post"],"yoast_head":"<!-- This site is optimized with the Yoast SEO plugin v27.3 - https:\/\/yoast.com\/product\/yoast-seo-wordpress\/ -->\n<title>Fotos &amp; Videos - Kite Cruises, Kite Safari and Kite Lessons in Egypt - Sick Dog<\/title>\n<meta name=\"description\" content=\"Im\u00e1genes y videos de nuestro Kite Safari: descubre qu\u00e9 hacemos y c\u00f3mo lo hacemos durante nuestros cruceros de kitesurf en el Mar Rojo.\" \/>\n<meta name=\"robots\" content=\"index, follow, max-snippet:-1, max-image-preview:large, max-video-preview:-1\" \/>\n<link rel=\"canonical\" href=\"https:\/\/sickdogsurf.com\/es\/fotos-y-videos\/\" \/>\n<meta property=\"og:locale\" content=\"es_ES\" \/>\n<meta property=\"og:type\" content=\"article\" \/>\n<meta property=\"og:title\" content=\"Fotos &amp; Videos - Kite Cruises, Kite Safari and Kite Lessons in Egypt - Sick Dog\" \/>\n<meta property=\"og:description\" content=\"Im\u00e1genes y videos de nuestro Kite Safari: descubre qu\u00e9 hacemos y c\u00f3mo lo hacemos durante nuestros cruceros de kitesurf en el Mar Rojo.\" \/>\n<meta property=\"og:url\" content=\"https:\/\/sickdogsurf.com\/es\/fotos-y-videos\/\" \/>\n<meta property=\"og:site_name\" content=\"Kite Cruises, Kite Safari and Kite Lessons in Egypt - Sick Dog\" \/>\n<meta property=\"article:publisher\" content=\"https:\/\/www.facebook.com\/sickdogsurf\" \/>\n<meta property=\"article:modified_time\" content=\"2025-10-09T15:28:25+00:00\" \/>\n<meta property=\"og:image\" content=\"https:\/\/sickdogsurf.com\/wp-content\/uploads\/2025\/09\/main_kitetrip_9.jpg\" \/>\n\t<meta property=\"og:image:width\" content=\"1920\" \/>\n\t<meta property=\"og:image:height\" content=\"1052\" \/>\n\t<meta property=\"og:image:type\" content=\"image\/jpeg\" \/>\n<meta name=\"twitter:card\" content=\"summary_large_image\" \/>\n<meta name=\"twitter:label1\" content=\"Tiempo de lectura\" \/>\n\t<meta name=\"twitter:data1\" content=\"1 minuto\" \/>\n<script type=\"application\/ld+json\" class=\"yoast-schema-graph\">{\"@context\":\"https:\\\/\\\/schema.org\",\"@graph\":[{\"@type\":\"WebPage\",\"@id\":\"https:\\\/\\\/sickdogsurf.com\\\/es\\\/fotos-y-videos\\\/\",\"url\":\"https:\\\/\\\/sickdogsurf.com\\\/es\\\/fotos-y-videos\\\/\",\"name\":\"Fotos & Videos - Kite Cruises, Kite Safari and Kite Lessons in Egypt - Sick Dog\",\"isPartOf\":{\"@id\":\"https:\\\/\\\/sickdogsurf.com\\\/es\\\/#website\"},\"datePublished\":\"2025-10-01T02:57:32+00:00\",\"dateModified\":\"2025-10-09T15:28:25+00:00\",\"description\":\"Im\u00e1genes y videos de nuestro Kite Safari: descubre qu\u00e9 hacemos y c\u00f3mo lo hacemos durante nuestros cruceros de kitesurf en el Mar Rojo.\",\"breadcrumb\":{\"@id\":\"https:\\\/\\\/sickdogsurf.com\\\/es\\\/fotos-y-videos\\\/#breadcrumb\"},\"inLanguage\":\"es\",\"potentialAction\":[{\"@type\":\"ReadAction\",\"target\":[\"https:\\\/\\\/sickdogsurf.com\\\/es\\\/fotos-y-videos\\\/\"]}]},{\"@type\":\"BreadcrumbList\",\"@id\":\"https:\\\/\\\/sickdogsurf.com\\\/es\\\/fotos-y-videos\\\/#breadcrumb\",\"itemListElement\":[{\"@type\":\"ListItem\",\"position\":1,\"name\":\"Home\",\"item\":\"https:\\\/\\\/sickdogsurf.com\\\/es\\\/\"},{\"@type\":\"ListItem\",\"position\":2,\"name\":\"Fotos &#038; Videos\"}]},{\"@type\":\"WebSite\",\"@id\":\"https:\\\/\\\/sickdogsurf.com\\\/es\\\/#website\",\"url\":\"https:\\\/\\\/sickdogsurf.com\\\/es\\\/\",\"name\":\"Kite Cruises, Kite Safari and Kite Lessons in Egypt - Sick Dog\",\"description\":\"\",\"publisher\":{\"@id\":\"https:\\\/\\\/sickdogsurf.com\\\/es\\\/#organization\"},\"potentialAction\":[{\"@type\":\"SearchAction\",\"target\":{\"@type\":\"EntryPoint\",\"urlTemplate\":\"https:\\\/\\\/sickdogsurf.com\\\/es\\\/?s={search_term_string}\"},\"query-input\":{\"@type\":\"PropertyValueSpecification\",\"valueRequired\":true,\"valueName\":\"search_term_string\"}}],\"inLanguage\":\"es\"},{\"@type\":\"Organization\",\"@id\":\"https:\\\/\\\/sickdogsurf.com\\\/es\\\/#organization\",\"name\":\"Sick Dog\",\"alternateName\":\"Sick Dog\",\"url\":\"https:\\\/\\\/sickdogsurf.com\\\/es\\\/\",\"logo\":{\"@type\":\"ImageObject\",\"inLanguage\":\"es\",\"@id\":\"https:\\\/\\\/sickdogsurf.com\\\/es\\\/#\\\/schema\\\/logo\\\/image\\\/\",\"url\":\"https:\\\/\\\/sickdogsurf.com\\\/wp-content\\\/uploads\\\/2025\\\/09\\\/icon.png\",\"contentUrl\":\"https:\\\/\\\/sickdogsurf.com\\\/wp-content\\\/uploads\\\/2025\\\/09\\\/icon.png\",\"width\":512,\"height\":512,\"caption\":\"Sick Dog\"},\"image\":{\"@id\":\"https:\\\/\\\/sickdogsurf.com\\\/es\\\/#\\\/schema\\\/logo\\\/image\\\/\"},\"sameAs\":[\"https:\\\/\\\/www.facebook.com\\\/sickdogsurf\",\"https:\\\/\\\/instagram.com\\\/sickdogsurf\",\"https:\\\/\\\/www.youtube.com\\\/channel\\\/UCEf1c4rAaoAUMilFW16YHww\\\/\"]}]}<\/script>\n<!-- \/ Yoast SEO plugin. -->","yoast_head_json":{"title":"Fotos & Videos - Kite Cruises, Kite Safari and Kite Lessons in Egypt - Sick Dog","description":"Im\u00e1genes y videos de nuestro Kite Safari: descubre qu\u00e9 hacemos y c\u00f3mo lo hacemos durante nuestros cruceros de kitesurf en el Mar Rojo.","robots":{"index":"index","follow":"follow","max-snippet":"max-snippet:-1","max-image-preview":"max-image-preview:large","max-video-preview":"max-video-preview:-1"},"canonical":"https:\/\/sickdogsurf.com\/es\/fotos-y-videos\/","og_locale":"es_ES","og_type":"article","og_title":"Fotos & Videos - Kite Cruises, Kite Safari and Kite Lessons in Egypt - Sick Dog","og_description":"Im\u00e1genes y videos de nuestro Kite Safari: descubre qu\u00e9 hacemos y c\u00f3mo lo hacemos durante nuestros cruceros de kitesurf en el Mar Rojo.","og_url":"https:\/\/sickdogsurf.com\/es\/fotos-y-videos\/","og_site_name":"Kite Cruises, Kite Safari and Kite Lessons in Egypt - Sick Dog","article_publisher":"https:\/\/www.facebook.com\/sickdogsurf","article_modified_time":"2025-10-09T15:28:25+00:00","og_image":[{"width":1920,"height":1052,"url":"https:\/\/sickdogsurf.com\/wp-content\/uploads\/2025\/09\/main_kitetrip_9.jpg","type":"image\/jpeg"}],"twitter_card":"summary_large_image","twitter_misc":{"Tiempo de lectura":"1 minuto"},"schema":{"@context":"https:\/\/schema.org","@graph":[{"@type":"WebPage","@id":"https:\/\/sickdogsurf.com\/es\/fotos-y-videos\/","url":"https:\/\/sickdogsurf.com\/es\/fotos-y-videos\/","name":"Fotos & Videos - Kite Cruises, Kite Safari and Kite Lessons in Egypt - Sick Dog","isPartOf":{"@id":"https:\/\/sickdogsurf.com\/es\/#website"},"datePublished":"2025-10-01T02:57:32+00:00","dateModified":"2025-10-09T15:28:25+00:00","description":"Im\u00e1genes y videos de nuestro Kite Safari: descubre qu\u00e9 hacemos y c\u00f3mo lo hacemos durante nuestros cruceros de kitesurf en el Mar Rojo.","breadcrumb":{"@id":"https:\/\/sickdogsurf.com\/es\/fotos-y-videos\/#breadcrumb"},"inLanguage":"es","potentialAction":[{"@type":"ReadAction","target":["https:\/\/sickdogsurf.com\/es\/fotos-y-videos\/"]}]},{"@type":"BreadcrumbList","@id":"https:\/\/sickdogsurf.com\/es\/fotos-y-videos\/#breadcrumb","itemListElement":[{"@type":"ListItem","position":1,"name":"Home","item":"https:\/\/sickdogsurf.com\/es\/"},{"@type":"ListItem","position":2,"name":"Fotos &#038; Videos"}]},{"@type":"WebSite","@id":"https:\/\/sickdogsurf.com\/es\/#website","url":"https:\/\/sickdogsurf.com\/es\/","name":"Kite Cruises, Kite Safari and Kite Lessons in Egypt - Sick Dog","description":"","publisher":{"@id":"https:\/\/sickdogsurf.com\/es\/#organization"},"potentialAction":[{"@type":"SearchAction","target":{"@type":"EntryPoint","urlTemplate":"https:\/\/sickdogsurf.com\/es\/?s={search_term_string}"},"query-input":{"@type":"PropertyValueSpecification","valueRequired":true,"valueName":"search_term_string"}}],"inLanguage":"es"},{"@type":"Organization","@id":"https:\/\/sickdogsurf.com\/es\/#organization","name":"Sick Dog","alternateName":"Sick Dog","url":"https:\/\/sickdogsurf.com\/es\/","logo":{"@type":"ImageObject","inLanguage":"es","@id":"https:\/\/sickdogsurf.com\/es\/#\/schema\/logo\/image\/","url":"https:\/\/sickdogsurf.com\/wp-content\/uploads\/2025\/09\/icon.png","contentUrl":"https:\/\/sickdogsurf.com\/wp-content\/uploads\/2025\/09\/icon.png","width":512,"height":512,"caption":"Sick Dog"},"image":{"@id":"https:\/\/sickdogsurf.com\/es\/#\/schema\/logo\/image\/"},"sameAs":["https:\/\/www.facebook.com\/sickdogsurf","https:\/\/instagram.com\/sickdogsurf","https:\/\/www.youtube.com\/channel\/UCEf1c4rAaoAUMilFW16YHww\/"]}]}},"_links":{"self":[{"href":"https:\/\/sickdogsurf.com\/es\/wp-json\/wp\/v2\/pages\/2189","targetHints":{"allow":["GET"]}}],"collection":[{"href":"https:\/\/sickdogsurf.com\/es\/wp-json\/wp\/v2\/pages"}],"about":[{"href":"https:\/\/sickdogsurf.com\/es\/wp-json\/wp\/v2\/types\/page"}],"author":[{"embeddable":true,"href":"https:\/\/sickdogsurf.com\/es\/wp-json\/wp\/v2\/users\/1"}],"replies":[{"embeddable":true,"href":"https:\/\/sickdogsurf.com\/es\/wp-json\/wp\/v2\/comments?post=2189"}],"version-history":[{"count":5,"href":"https:\/\/sickdogsurf.com\/es\/wp-json\/wp\/v2\/pages\/2189\/revisions"}],"predecessor-version":[{"id":3273,"href":"https:\/\/sickdogsurf.com\/es\/wp-json\/wp\/v2\/pages\/2189\/revisions\/3273"}],"wp:attachment":[{"href":"https:\/\/sickdogsurf.com\/es\/wp-json\/wp\/v2\/media?parent=2189"}],"curies":[{"name":"wp","href":"https:\/\/api.w.org\/{rel}","templated":true}]}}