{"id":2199,"date":"2025-10-01T03:37:39","date_gmt":"2025-10-01T03:37:39","guid":{"rendered":"https:\/\/sickdogsurf.com\/about\/"},"modified":"2026-03-02T12:52:23","modified_gmt":"2026-03-02T12:52:23","slug":"ueber-uns","status":"publish","type":"page","link":"https:\/\/sickdogsurf.com\/de\/ueber-uns\/","title":{"rendered":"Das team"},"content":{"rendered":"<div class=\"wpb-content-wrapper\"><p>[vc_row full_width=&#8220;stretch_row&#8220; css=&#8220;.vc_custom_1761816751822{background-image: url(https:\/\/sickdogsurf.com\/wp-content\/uploads\/2025\/09\/main_kitetrip_7.jpg?id=596) !important;background-position: center !important;background-repeat: no-repeat !important;background-size: cover !important;}&#8220;][vc_column][vc_empty_space height=&#8220;600px&#8220;][\/vc_column][\/vc_row][vc_row el_position=&#8220;last&#8220;][vc_column][vc_column_text css=&#8220;&#8220;]<\/p>\n<h2 class=\"bottom25\" style=\"text-align: center;\">WORAUS WIR BESTEHEN<\/h2>\n<p style=\"text-align: center;\">Wir sind leidenschaftliche Kitesurfer, eine erfahrene und qualifizierte Gruppe von Menschen und Freunden, die beschlossen haben, ihre Liebe zu diesem Sport an euch weiterzugeben. Wir kommen aus verschiedenen L\u00e4ndern, sind zuverl\u00e4ssig und voller Energie. Wir glauben gerne, dass wir in der Welt des Kitesurfens etwas Neues und Einzigartiges tun, und wir sind der Meinung, dass unsere\u00a0<strong>Kitesurfing-Kreuzfahrten<\/strong>\u00a0tats\u00e4chlich eine einmalige Erfahrung in der Welt des Kitesurfens sind.<\/p>\n<p>[\/vc_column_text][vc_row_inner][vc_column_inner width=&#8220;1\/4&#8243;][vc_single_image image=&#8220;1947&#8243; img_size=&#8220;300&#215;300&#8243; alignment=&#8220;center&#8220; style=&#8220;vc_box_circle&#8220; css_animation=&#8220;left-to-right&#8220; css=&#8220;&#8220; el_class=&#8220;circled centeronmobile&#8220;][\/vc_column_inner][vc_column_inner width=&#8220;1\/4&#8243;][vc_column_text css_animation=&#8220;right-to-left&#8220; css=&#8220;&#8220; el_class=&#8220;centeronmobile&#8220;]<\/p>\n<h5 class=\"bottom0 bold700\">Roberto Primi<\/h5>\n<h6 class=\"grey\">Kiter \u00a0\/ Kitespot-Guru\u00a0 \/ Instructor<\/h6>\n<p>Italienischer Kitesurfer und Kite-Tour-Leiter, 10 Jahre Erfahrung.[\/vc_column_text][\/vc_column_inner][vc_column_inner width=&#8220;1\/4&#8243;][vc_single_image image=&#8220;2218&#8243; img_size=&#8220;300&#215;300&#8243; alignment=&#8220;center&#8220; style=&#8220;vc_box_circle&#8220; css_animation=&#8220;right-to-left&#8220; css=&#8220;&#8220; el_class=&#8220;circled centeronmobile&#8220;][\/vc_column_inner][vc_column_inner width=&#8220;1\/4&#8243;][vc_column_text css_animation=&#8220;left-to-right&#8220; css=&#8220;&#8220; el_class=&#8220;centeronmobile&#8220;]<\/p>\n<h5 class=\"bottom0 bold700\">Vanny<\/h5>\n<h6 class=\"grey\">Instructor<\/h6>\n<p>Ein gro\u00dfartiger Musiker und einer der besten ausl\u00e4ndischen Rider in \u00c4gypten, super erfahren und einer unserer besten Leute![\/vc_column_text][\/vc_column_inner][\/vc_row_inner][vc_separator][vc_row_inner][vc_column_inner width=&#8220;1\/4&#8243;][vc_single_image image=&#8220;2217&#8243; img_size=&#8220;300&#215;300&#8243; alignment=&#8220;center&#8220; style=&#8220;vc_box_circle&#8220; css_animation=&#8220;left-to-right&#8220; css=&#8220;&#8220; el_class=&#8220;circled centeronmobile&#8220;][\/vc_column_inner][vc_column_inner width=&#8220;1\/4&#8243;][vc_column_text css_animation=&#8220;right-to-left&#8220; css=&#8220;&#8220; el_class=&#8220;centeronmobile&#8220;]<\/p>\n<h5 class=\"bottom0 bold700\">Mery Frackowiak<\/h5>\n<h6 class=\"grey\">Bootsf\u00fchrer<\/h6>\n<p>Dieser hier meint es ernst. Sie ist eine polnische Riderin, eine starke F\u00fchrerin f\u00fcr unser Boot, die alle Aktivit\u00e4ten auf dem Boot koordiniert und Probleme mit einem L\u00e4cheln l\u00f6st.[\/vc_column_text][\/vc_column_inner][vc_column_inner width=&#8220;1\/4&#8243;][vc_single_image image=&#8220;2219&#8243; img_size=&#8220;300&#215;300&#8243; alignment=&#8220;center&#8220; style=&#8220;vc_box_circle&#8220; css_animation=&#8220;left-to-right&#8220; css=&#8220;&#8220; el_class=&#8220;circled centeronmobile&#8220;][\/vc_column_inner][vc_column_inner width=&#8220;1\/4&#8243;][vc_column_text css_animation=&#8220;right-to-left&#8220; css=&#8220;&#8220; el_class=&#8220;centeronmobile&#8220;]<\/p>\n<h5 class=\"bottom0 bold700\">Viktoria Laufer<\/h5>\n<h6 class=\"grey\">IKO instructor<\/h6>\n<div>IKO-Instruktorin und Life-Coach, sie reist gerne und wird sich um unsere Anf\u00e4nger-Kitesurfer k\u00fcmmern.<\/div>\n<p>[\/vc_column_text][\/vc_column_inner][\/vc_row_inner][vc_separator][vc_row_inner][vc_column_inner width=&#8220;1\/4&#8243;][vc_single_image image=&#8220;2221&#8243; img_size=&#8220;300&#215;300&#8243; alignment=&#8220;center&#8220; style=&#8220;vc_box_circle&#8220; css_animation=&#8220;left-to-right&#8220; css=&#8220;&#8220; el_class=&#8220;circled centeronmobile&#8220;][\/vc_column_inner][vc_column_inner width=&#8220;1\/4&#8243;][vc_column_text css_animation=&#8220;right-to-left&#8220; css=&#8220;&#8220; el_class=&#8220;centeronmobile&#8220;]<\/p>\n<h5 class=\"bottom0 bold700\">Paulina Trusewicz<\/h5>\n<h6 class=\"grey\">Instructor \/ Stretching-Leiter<\/h6>\n<p>Paulina wird sich um unsere Anf\u00e4nger-Studenten k\u00fcmmern und um unsere K\u00f6rper vor und nach unseren Kitesessions. Eine sehr ben\u00f6tigte Unterst\u00fctzung auf unseren Kite-Kreuzfahrten![\/vc_column_text][\/vc_column_inner][vc_column_inner width=&#8220;1\/4&#8243;][vc_single_image image=&#8220;2648&#8243; img_size=&#8220;300&#215;300&#8243; alignment=&#8220;center&#8220; style=&#8220;vc_box_circle&#8220; css_animation=&#8220;left-to-right&#8220; css=&#8220;&#8220; el_class=&#8220;circled centeronmobile&#8220;][\/vc_column_inner][vc_column_inner width=&#8220;1\/4&#8243;][vc_column_text css_animation=&#8220;right-to-left&#8220; css=&#8220;&#8220; el_class=&#8220;centeronmobile&#8220;]<\/p>\n<h5 class=\"bottom0 bold700\">Sophie Ayoub<\/h5>\n<h6 class=\"grey\">Kitesurf instructor<\/h6>\n<div>Teil des Kite Tribe-Teams, Sophie ist ein entscheidender Teil unseres Teams, mit ihrer Energie und ihren F\u00e4higkeiten an Bord und abseits des Bootes.<\/div>\n<p>[\/vc_column_text][\/vc_column_inner][\/vc_row_inner][vc_separator][vc_row_inner][vc_column_inner width=&#8220;1\/4&#8243;][vc_single_image image=&#8220;2225&#8243; img_size=&#8220;300&#215;300&#8243; alignment=&#8220;center&#8220; style=&#8220;vc_box_circle&#8220; css_animation=&#8220;left-to-right&#8220; css=&#8220;&#8220; el_class=&#8220;circled centeronmobile&#8220;][\/vc_column_inner][vc_column_inner width=&#8220;1\/4&#8243;][vc_column_text css_animation=&#8220;right-to-left&#8220; css=&#8220;&#8220; el_class=&#8220;centeronmobile&#8220;]<\/p>\n<h5>Alex Bilouis<\/h5>\n<h6>IKO-zertifizierter Instructor<\/h6>\n<p>Geboren in der Ukraine, lebt Alex und surft zwischen \u00c4gypten und Thailand. Er spricht Englisch und Russisch. Er ist ein sehr geduldiger Kitesurf-Instructor, aber er kann nicht tanzen und h\u00f6rt schreckliche Musik.[\/vc_column_text][\/vc_column_inner][vc_column_inner width=&#8220;1\/4&#8243;][vc_single_image image=&#8220;2090&#8243; img_size=&#8220;300&#215;300&#8243; alignment=&#8220;center&#8220; style=&#8220;vc_box_circle&#8220; css_animation=&#8220;left-to-right&#8220; css=&#8220;&#8220; el_class=&#8220;circled centeronmobile&#8220;][\/vc_column_inner][vc_column_inner width=&#8220;1\/4&#8243;][vc_column_text css_animation=&#8220;right-to-left&#8220; css=&#8220;&#8220; el_class=&#8220;centeronmobile&#8220;]<\/p>\n<h5 class=\"bottom0 bold700\">Kasia Jaworska<\/h5>\n<h6 class=\"grey\">Prorider IKO instructor<\/h6>\n<div>Erfahrene IKO-Instruktorin und Profiriderin, sie wird f\u00fcr unsere Kite-Kliniken verantwortlich sein. Gesponsert von Ozone Kites &amp; SU2.<\/div>\n<p>[\/vc_column_text][\/vc_column_inner][\/vc_row_inner][\/vc_column][\/vc_row][vc_row][vc_column][vc_column_text css=&#8220;&#8220;]<\/p>\n<h2 class=\"bottom15\" style=\"text-align: center;\">Jetzt in Kontakt treten<\/h2>\n<h5 style=\"text-align: center;\">Sagen Sie uns, was Sie brauchen, und wir werden so schnell wie m\u00f6glich antworten!<\/h5>\n<p style=\"text-align: center;\">info@sickdogsurf.com<\/p>\n<p style=\"text-align: center;\">Whatsapp\/Viber: 00201009410388<\/p>\n<p style=\"text-align: center;\">Tel: 00201009410388<\/p>\n<p>[\/vc_column_text][\/vc_column][\/vc_row]<\/p>\n<\/div>","protected":false},"excerpt":{"rendered":"<p>[vc_row full_width=&#8220;stretch_row&#8220; css=&#8220;.vc_custom_1761816751822{background-image: url(https:\/\/sickdogsurf.com\/wp-content\/uploads\/2025\/09\/main_kitetrip_7.jpg?id=596) !important;background-position: center !important;background-repeat: no-repeat !important;background-size: cover !important;}&#8220;][vc_column][vc_empty_space height=&#8220;600px&#8220;][\/vc_column][\/vc_row][vc_row el_position=&#8220;last&#8220;][vc_column][vc_column_text css=&#8220;&#8220;] WORAUS WIR BESTEHEN Wir sind leidenschaftliche Kitesurfer, eine erfahrene und qualifizierte Gruppe von Menschen und Freunden, die beschlossen haben, ihre Liebe zu diesem Sport an euch weiterzugeben. Wir kommen aus verschiedenen L\u00e4ndern, sind zuverl\u00e4ssig und voller Energie. Wir glauben gerne, dass wir [&hellip;]<\/p>\n","protected":false},"author":1,"featured_media":0,"parent":0,"menu_order":0,"comment_status":"closed","ping_status":"closed","template":"","meta":{"footnotes":""},"class_list":["post-2199","page","type-page","status-publish","hentry","post"],"yoast_head":"<!-- This site is optimized with the Yoast SEO plugin v27.3 - https:\/\/yoast.com\/product\/yoast-seo-wordpress\/ -->\n<title>Das team - Kite Cruises, Kite Safari and Kite Lessons in Egypt - Sick Dog<\/title>\n<meta name=\"description\" content=\"Erfahre mehr \u00fcber Sick Dog Surf und das Team dahinter!\" \/>\n<meta name=\"robots\" content=\"index, follow, max-snippet:-1, max-image-preview:large, max-video-preview:-1\" \/>\n<link rel=\"canonical\" href=\"https:\/\/sickdogsurf.com\/de\/ueber-uns\/\" \/>\n<meta property=\"og:locale\" content=\"de_DE\" \/>\n<meta property=\"og:type\" content=\"article\" \/>\n<meta property=\"og:title\" content=\"Das team - Kite Cruises, Kite Safari and Kite Lessons in Egypt - Sick Dog\" \/>\n<meta property=\"og:description\" content=\"Erfahre mehr \u00fcber Sick Dog Surf und das Team dahinter!\" \/>\n<meta property=\"og:url\" content=\"https:\/\/sickdogsurf.com\/de\/ueber-uns\/\" \/>\n<meta property=\"og:site_name\" content=\"Kite Cruises, Kite Safari and Kite Lessons in Egypt - Sick Dog\" \/>\n<meta property=\"article:publisher\" content=\"https:\/\/www.facebook.com\/sickdogsurf\" \/>\n<meta property=\"article:modified_time\" content=\"2026-03-02T12:52:23+00:00\" \/>\n<meta property=\"og:image\" content=\"https:\/\/sickdogsurf.com\/wp-content\/uploads\/2025\/09\/main_kitetrip_9.jpg\" \/>\n\t<meta property=\"og:image:width\" content=\"1920\" \/>\n\t<meta property=\"og:image:height\" content=\"1052\" \/>\n\t<meta property=\"og:image:type\" content=\"image\/jpeg\" \/>\n<meta name=\"twitter:card\" content=\"summary_large_image\" \/>\n<meta name=\"twitter:label1\" content=\"Gesch\u00e4tzte Lesezeit\" \/>\n\t<meta name=\"twitter:data1\" content=\"4\u00a0Minuten\" \/>\n<script type=\"application\/ld+json\" class=\"yoast-schema-graph\">{\"@context\":\"https:\\\/\\\/schema.org\",\"@graph\":[{\"@type\":\"WebPage\",\"@id\":\"https:\\\/\\\/sickdogsurf.com\\\/de\\\/ueber-uns\\\/\",\"url\":\"https:\\\/\\\/sickdogsurf.com\\\/de\\\/ueber-uns\\\/\",\"name\":\"Das team - Kite Cruises, Kite Safari and Kite Lessons in Egypt - Sick Dog\",\"isPartOf\":{\"@id\":\"https:\\\/\\\/sickdogsurf.com\\\/de\\\/#website\"},\"datePublished\":\"2025-10-01T03:37:39+00:00\",\"dateModified\":\"2026-03-02T12:52:23+00:00\",\"description\":\"Erfahre mehr \u00fcber Sick Dog Surf und das Team dahinter!\",\"breadcrumb\":{\"@id\":\"https:\\\/\\\/sickdogsurf.com\\\/de\\\/ueber-uns\\\/#breadcrumb\"},\"inLanguage\":\"de\",\"potentialAction\":[{\"@type\":\"ReadAction\",\"target\":[\"https:\\\/\\\/sickdogsurf.com\\\/de\\\/ueber-uns\\\/\"]}]},{\"@type\":\"BreadcrumbList\",\"@id\":\"https:\\\/\\\/sickdogsurf.com\\\/de\\\/ueber-uns\\\/#breadcrumb\",\"itemListElement\":[{\"@type\":\"ListItem\",\"position\":1,\"name\":\"Home\",\"item\":\"https:\\\/\\\/sickdogsurf.com\\\/de\\\/\"},{\"@type\":\"ListItem\",\"position\":2,\"name\":\"Das team\"}]},{\"@type\":\"WebSite\",\"@id\":\"https:\\\/\\\/sickdogsurf.com\\\/de\\\/#website\",\"url\":\"https:\\\/\\\/sickdogsurf.com\\\/de\\\/\",\"name\":\"Kite Cruises, Kite Safari and Kite Lessons in Egypt - Sick Dog\",\"description\":\"\",\"publisher\":{\"@id\":\"https:\\\/\\\/sickdogsurf.com\\\/de\\\/#organization\"},\"potentialAction\":[{\"@type\":\"SearchAction\",\"target\":{\"@type\":\"EntryPoint\",\"urlTemplate\":\"https:\\\/\\\/sickdogsurf.com\\\/de\\\/?s={search_term_string}\"},\"query-input\":{\"@type\":\"PropertyValueSpecification\",\"valueRequired\":true,\"valueName\":\"search_term_string\"}}],\"inLanguage\":\"de\"},{\"@type\":\"Organization\",\"@id\":\"https:\\\/\\\/sickdogsurf.com\\\/de\\\/#organization\",\"name\":\"Sick Dog\",\"alternateName\":\"Sick Dog\",\"url\":\"https:\\\/\\\/sickdogsurf.com\\\/de\\\/\",\"logo\":{\"@type\":\"ImageObject\",\"inLanguage\":\"de\",\"@id\":\"https:\\\/\\\/sickdogsurf.com\\\/de\\\/#\\\/schema\\\/logo\\\/image\\\/\",\"url\":\"https:\\\/\\\/sickdogsurf.com\\\/wp-content\\\/uploads\\\/2025\\\/09\\\/icon.png\",\"contentUrl\":\"https:\\\/\\\/sickdogsurf.com\\\/wp-content\\\/uploads\\\/2025\\\/09\\\/icon.png\",\"width\":512,\"height\":512,\"caption\":\"Sick Dog\"},\"image\":{\"@id\":\"https:\\\/\\\/sickdogsurf.com\\\/de\\\/#\\\/schema\\\/logo\\\/image\\\/\"},\"sameAs\":[\"https:\\\/\\\/www.facebook.com\\\/sickdogsurf\",\"https:\\\/\\\/instagram.com\\\/sickdogsurf\",\"https:\\\/\\\/www.youtube.com\\\/channel\\\/UCEf1c4rAaoAUMilFW16YHww\\\/\"]}]}<\/script>\n<!-- \/ Yoast SEO plugin. -->","yoast_head_json":{"title":"Das team - Kite Cruises, Kite Safari and Kite Lessons in Egypt - Sick Dog","description":"Erfahre mehr \u00fcber Sick Dog Surf und das Team dahinter!","robots":{"index":"index","follow":"follow","max-snippet":"max-snippet:-1","max-image-preview":"max-image-preview:large","max-video-preview":"max-video-preview:-1"},"canonical":"https:\/\/sickdogsurf.com\/de\/ueber-uns\/","og_locale":"de_DE","og_type":"article","og_title":"Das team - Kite Cruises, Kite Safari and Kite Lessons in Egypt - Sick Dog","og_description":"Erfahre mehr \u00fcber Sick Dog Surf und das Team dahinter!","og_url":"https:\/\/sickdogsurf.com\/de\/ueber-uns\/","og_site_name":"Kite Cruises, Kite Safari and Kite Lessons in Egypt - Sick Dog","article_publisher":"https:\/\/www.facebook.com\/sickdogsurf","article_modified_time":"2026-03-02T12:52:23+00:00","og_image":[{"width":1920,"height":1052,"url":"https:\/\/sickdogsurf.com\/wp-content\/uploads\/2025\/09\/main_kitetrip_9.jpg","type":"image\/jpeg"}],"twitter_card":"summary_large_image","twitter_misc":{"Gesch\u00e4tzte Lesezeit":"4\u00a0Minuten"},"schema":{"@context":"https:\/\/schema.org","@graph":[{"@type":"WebPage","@id":"https:\/\/sickdogsurf.com\/de\/ueber-uns\/","url":"https:\/\/sickdogsurf.com\/de\/ueber-uns\/","name":"Das team - Kite Cruises, Kite Safari and Kite Lessons in Egypt - Sick Dog","isPartOf":{"@id":"https:\/\/sickdogsurf.com\/de\/#website"},"datePublished":"2025-10-01T03:37:39+00:00","dateModified":"2026-03-02T12:52:23+00:00","description":"Erfahre mehr \u00fcber Sick Dog Surf und das Team dahinter!","breadcrumb":{"@id":"https:\/\/sickdogsurf.com\/de\/ueber-uns\/#breadcrumb"},"inLanguage":"de","potentialAction":[{"@type":"ReadAction","target":["https:\/\/sickdogsurf.com\/de\/ueber-uns\/"]}]},{"@type":"BreadcrumbList","@id":"https:\/\/sickdogsurf.com\/de\/ueber-uns\/#breadcrumb","itemListElement":[{"@type":"ListItem","position":1,"name":"Home","item":"https:\/\/sickdogsurf.com\/de\/"},{"@type":"ListItem","position":2,"name":"Das team"}]},{"@type":"WebSite","@id":"https:\/\/sickdogsurf.com\/de\/#website","url":"https:\/\/sickdogsurf.com\/de\/","name":"Kite Cruises, Kite Safari and Kite Lessons in Egypt - Sick Dog","description":"","publisher":{"@id":"https:\/\/sickdogsurf.com\/de\/#organization"},"potentialAction":[{"@type":"SearchAction","target":{"@type":"EntryPoint","urlTemplate":"https:\/\/sickdogsurf.com\/de\/?s={search_term_string}"},"query-input":{"@type":"PropertyValueSpecification","valueRequired":true,"valueName":"search_term_string"}}],"inLanguage":"de"},{"@type":"Organization","@id":"https:\/\/sickdogsurf.com\/de\/#organization","name":"Sick Dog","alternateName":"Sick Dog","url":"https:\/\/sickdogsurf.com\/de\/","logo":{"@type":"ImageObject","inLanguage":"de","@id":"https:\/\/sickdogsurf.com\/de\/#\/schema\/logo\/image\/","url":"https:\/\/sickdogsurf.com\/wp-content\/uploads\/2025\/09\/icon.png","contentUrl":"https:\/\/sickdogsurf.com\/wp-content\/uploads\/2025\/09\/icon.png","width":512,"height":512,"caption":"Sick Dog"},"image":{"@id":"https:\/\/sickdogsurf.com\/de\/#\/schema\/logo\/image\/"},"sameAs":["https:\/\/www.facebook.com\/sickdogsurf","https:\/\/instagram.com\/sickdogsurf","https:\/\/www.youtube.com\/channel\/UCEf1c4rAaoAUMilFW16YHww\/"]}]}},"_links":{"self":[{"href":"https:\/\/sickdogsurf.com\/de\/wp-json\/wp\/v2\/pages\/2199","targetHints":{"allow":["GET"]}}],"collection":[{"href":"https:\/\/sickdogsurf.com\/de\/wp-json\/wp\/v2\/pages"}],"about":[{"href":"https:\/\/sickdogsurf.com\/de\/wp-json\/wp\/v2\/types\/page"}],"author":[{"embeddable":true,"href":"https:\/\/sickdogsurf.com\/de\/wp-json\/wp\/v2\/users\/1"}],"replies":[{"embeddable":true,"href":"https:\/\/sickdogsurf.com\/de\/wp-json\/wp\/v2\/comments?post=2199"}],"version-history":[{"count":10,"href":"https:\/\/sickdogsurf.com\/de\/wp-json\/wp\/v2\/pages\/2199\/revisions"}],"predecessor-version":[{"id":4000,"href":"https:\/\/sickdogsurf.com\/de\/wp-json\/wp\/v2\/pages\/2199\/revisions\/4000"}],"wp:attachment":[{"href":"https:\/\/sickdogsurf.com\/de\/wp-json\/wp\/v2\/media?parent=2199"}],"curies":[{"name":"wp","href":"https:\/\/api.w.org\/{rel}","templated":true}]}}