{"id":1988,"date":"2025-09-30T12:22:19","date_gmt":"2025-09-30T12:22:19","guid":{"rendered":"https:\/\/sickdogsurf.com\/do-you-have-a-kite-center\/"},"modified":"2025-10-08T12:57:51","modified_gmt":"2025-10-08T12:57:51","slug":"haben-sie-ein-kite-center","status":"publish","type":"page","link":"https:\/\/sickdogsurf.com\/de\/haben-sie-ein-kite-center\/","title":{"rendered":"Haben Sie ein Kite-Center?"},"content":{"rendered":"<div class=\"wpb-content-wrapper\"><p>[vc_row][vc_column][vc_column_text css=&#8220;&#8220;]<\/p>\n<h1 class=\"bold\" style=\"text-align: center;\">Haben Sie ein Kite-Center?<\/h1>\n<p>[\/vc_column_text][vc_column_text css=&#8220;&#8220; el_class=&#8220;centered&#8220;]<\/p>\n<h2 style=\"text-align: center;\"><strong>Reisen Sie mit Ihren Kitern und Ihrer eigenen Gruppe: Werden Sie unser Partner<\/strong><\/h2>\n<p>[\/vc_column_text][\/vc_column][\/vc_row][vc_row full_width=&#8220;stretch_row_content_no_spaces&#8220;][vc_column][vc_column_text css=&#8220;&#8220;]<div  id=\"jtg-35\" class=\"modula modula-gallery modula-custom-grid\" data-config=\"{&quot;height&quot;:800,&quot;tabletHeight&quot;:800,&quot;mobileHeight&quot;:800,&quot;desktopHeight&quot;:800,&quot;enableTwitter&quot;:false,&quot;enableWhatsapp&quot;:false,&quot;enableFacebook&quot;:false,&quot;enablePinterest&quot;:false,&quot;enableLinkedin&quot;:false,&quot;enableEmail&quot;:false,&quot;randomFactor&quot;:0.5,&quot;type&quot;:&quot;custom-grid&quot;,&quot;columns&quot;:12,&quot;gutter&quot;:1,&quot;mobileGutter&quot;:1,&quot;tabletGutter&quot;:1,&quot;desktopGutter&quot;:1,&quot;enableResponsive&quot;:&quot;0&quot;,&quot;tabletColumns&quot;:2,&quot;mobileColumns&quot;:1,&quot;lazyLoad&quot;:0,&quot;lightboxOpts&quot;:{&quot;animated&quot;:true,&quot;Thumbs&quot;:{&quot;type&quot;:&quot;modern&quot;,&quot;showOnStart&quot;:false},&quot;Toolbar&quot;:{&quot;display&quot;:{&quot;right&quot;:[&quot;close&quot;]},&quot;enabled&quot;:true},&quot;Carousel&quot;:{&quot;Panzoom&quot;:{&quot;touch&quot;:true},&quot;infinite&quot;:false},&quot;keyboard&quot;:{&quot;Escape&quot;:&quot;close&quot;,&quot;Delete&quot;:&quot;close&quot;,&quot;Backspace&quot;:&quot;close&quot;,&quot;PageUp&quot;:false,&quot;PageDown&quot;:false,&quot;ArrowUp&quot;:false,&quot;ArrowDown&quot;:false,&quot;ArrowRight&quot;:false,&quot;ArrowLeft&quot;:false},&quot;touch&quot;:false,&quot;backdropClick&quot;:false,&quot;l10n&quot;:{&quot;CLOSE&quot;:&quot;Schlie\\u00dfen&quot;,&quot;NEXT&quot;:&quot;Weiter&quot;,&quot;PREV&quot;:&quot;Zur\\u00fcck&quot;,&quot;Error&quot;:&quot;Der angeforderte Inhalt kann nicht geladen werden. Bitte versuche es sp\\u00e4ter noch einmal.&quot;,&quot;PLAY_START&quot;:&quot;Slideshow starten&quot;,&quot;PLAY_STOP&quot;:&quot;Slideshow anhalten&quot;,&quot;FULL_SCREEN&quot;:&quot;Vollbild&quot;,&quot;THUMBS&quot;:&quot;Vorschaubilder&quot;,&quot;DOWNLOAD&quot;:&quot;Download&quot;,&quot;SHARE&quot;:&quot;Teilen&quot;,&quot;ZOOM&quot;:&quot;Vergr\\u00f6\\u00dfern&quot;,&quot;EMAIL&quot;:&quot;Hier ist der Link zum Bild: %%image_link%% und hier ist der Link zur Galerie: %%gallery_link%%&quot;,&quot;MODAL&quot;:&quot;Du kannst diesen Modal-Inhalt mit der ESC-Taste schlie\\u00dfen&quot;,&quot;ERROR&quot;:&quot;Es ist ein Fehler aufgetreten. Bitte versuche es sp\\u00e4ter noch einmal&quot;,&quot;IMAGE_ERROR&quot;:&quot;Bild nicht gefunden&quot;,&quot;ELEMENT_NOT_FOUND&quot;:&quot;HTML-Element nicht gefunden&quot;,&quot;AJAX_NOT_FOUND&quot;:&quot;Fehler beim Laden von AJAX: Nicht gefunden&quot;,&quot;AJAX_FORBIDDEN&quot;:&quot;Fehler beim Laden von AJAX: Zugriff verweigert&quot;,&quot;IFRAME_ERROR&quot;:&quot;Fehler beim Laden der Seite&quot;,&quot;TOGGLE_ZOOM&quot;:&quot;Zoomstufe umschalten&quot;,&quot;TOGGLE_THUMBS&quot;:&quot;Miniaturansichten ein-\\\/ausblenden&quot;,&quot;TOGGLE_SLIDESHOW&quot;:&quot;Diashow ein-\\\/ausschalten&quot;,&quot;TOGGLE_FULLSCREEN&quot;:&quot;Vollbildmodus umschalten&quot;},&quot;Images&quot;:{&quot;Panzoom&quot;:{&quot;maxScale&quot;:2}},&quot;mainClass&quot;:&quot;modula-fancybox-container modula-lightbox-jtg-35&quot;,&quot;Html&quot;:{&quot;videoAutoplay&quot;:0,&quot;videoTpl&quot;:&quot;&lt;video class=\\&quot;fancybox__html5video\\&quot; controls muted playsinline controlsList controlsList=\\&quot;nodownload\\&quot; poster=\\&quot;{{poster}}\\&quot; src=\\&quot;{{src}}\\&quot; type=\\&quot;{{format}}\\&quot; &gt;  Sorry, your browser doesn&#039;t support embedded videos, &lt;a href=\\&quot;{{src}}\\&quot;&gt; download &lt;\\\/a&gt; and watch with your favorite video player! &lt;\\\/video&gt;&quot;}},&quot;inView&quot;:false,&quot;email_subject&quot;:&quot;Check out this awesome image !!&quot;,&quot;email_message&quot;:&quot;Here is the link to the image : %%image_link%% and this is the link to the gallery : %%gallery_link%%&quot;,&quot;lightbox&quot;:&quot;fancybox&quot;}\">\n\n\t\n\t<div  class=\"modula-items\">\n\t\t<div class=\"modula-item effect-pufrobo\" data-width=\"6\" data-height=\"4\" >\n\t<div class=\"modula-item-overlay\"><\/div>\n\n\t<div class=\"modula-item-content\">\n\n\t\t<a data-image-id=\"180\" role=\"button\" tabindex=\"0\" rel=\"jtg-35\" data-caption=\"\" aria-label=\"Bilder in Lightbox \u00f6ffnen\" class=\"tile-inner modula-item-link\"><\/a><img loading=\"lazy\" decoding=\"async\" class=\"pic wp-image-180\"  data-valign=\"middle\" data-halign=\"center\" alt=\"South Geisum Kite Safari\" data-full=\"https:\/\/sickdogsurf.com\/wp-content\/uploads\/2025\/09\/Boat-Shot-drone-South-Geisum.jpg\" title=\"South Geisum Kite Safari\" crop=\"\" width=\"1280\" height=\"960\" src=\"https:\/\/sickdogsurf.com\/wp-content\/uploads\/2025\/09\/Boat-Shot-drone-South-Geisum.jpg\" data-src=\"https:\/\/sickdogsurf.com\/wp-content\/uploads\/2025\/09\/Boat-Shot-drone-South-Geisum.jpg\" data-caption=\"\" srcset=\"https:\/\/sickdogsurf.com\/wp-content\/uploads\/2025\/09\/Boat-Shot-drone-South-Geisum.jpg 1280w, https:\/\/sickdogsurf.com\/wp-content\/uploads\/2025\/09\/Boat-Shot-drone-South-Geisum-300x225.jpg 300w, https:\/\/sickdogsurf.com\/wp-content\/uploads\/2025\/09\/Boat-Shot-drone-South-Geisum-1024x768.jpg 1024w, https:\/\/sickdogsurf.com\/wp-content\/uploads\/2025\/09\/Boat-Shot-drone-South-Geisum-768x576.jpg 768w\" sizes=\"auto, (max-width: 1280px) 100vw, 1280px\" \/>\n\t\t<div class=\"figc no-description\">\n\t\t\t<div class=\"figc-inner\">\n\t\t\t\t\t\t\t\t\t\t\t\t\t\t\t<\/div>\n\t\t<\/div>\n\n\t<\/div>\n\n<\/div><div class=\"modula-item effect-pufrobo\" data-width=\"6\" data-height=\"4\" >\n\t<div class=\"modula-item-overlay\"><\/div>\n\n\t<div class=\"modula-item-content\">\n\n\t\t<a data-image-id=\"129\" role=\"button\" tabindex=\"0\" rel=\"jtg-35\" data-caption=\"\" aria-label=\"Bilder in Lightbox \u00f6ffnen\" class=\"tile-inner modula-item-link\"><\/a><img loading=\"lazy\" decoding=\"async\" class=\"pic wp-image-129\"  data-valign=\"middle\" data-halign=\"center\" alt=\"South Geisum Kite Spot\" data-full=\"https:\/\/sickdogsurf.com\/wp-content\/uploads\/2025\/09\/ACH_6858_01-e1759247044481.jpg\" title=\"South Geisum Kite Spot\" crop=\"\" width=\"1198\" height=\"742\" src=\"https:\/\/sickdogsurf.com\/wp-content\/uploads\/2025\/09\/ACH_6858_01-e1759247044481.jpg\" data-src=\"https:\/\/sickdogsurf.com\/wp-content\/uploads\/2025\/09\/ACH_6858_01-e1759247044481.jpg\" data-caption=\"\" srcset=\"https:\/\/sickdogsurf.com\/wp-content\/uploads\/2025\/09\/ACH_6858_01-e1759247044481.jpg 1198w, https:\/\/sickdogsurf.com\/wp-content\/uploads\/2025\/09\/ACH_6858_01-e1759247044481-300x186.jpg 300w, https:\/\/sickdogsurf.com\/wp-content\/uploads\/2025\/09\/ACH_6858_01-e1759247044481-1024x634.jpg 1024w, https:\/\/sickdogsurf.com\/wp-content\/uploads\/2025\/09\/ACH_6858_01-e1759247044481-768x476.jpg 768w\" sizes=\"auto, (max-width: 1198px) 100vw, 1198px\" \/>\n\t\t<div class=\"figc no-description\">\n\t\t\t<div class=\"figc-inner\">\n\t\t\t\t\t\t\t\t\t\t\t\t\t\t\t<\/div>\n\t\t<\/div>\n\n\t<\/div>\n\n<\/div><div class=\"modula-item effect-pufrobo\" data-width=\"6\" data-height=\"4\" >\n\t<div class=\"modula-item-overlay\"><\/div>\n\n\t<div class=\"modula-item-content\">\n\n\t\t<a data-image-id=\"590\" role=\"button\" tabindex=\"0\" rel=\"jtg-35\" data-caption=\"\" aria-label=\"Bilder in Lightbox \u00f6ffnen\" class=\"tile-inner modula-item-link\"><\/a><img loading=\"lazy\" decoding=\"async\" class=\"pic wp-image-590\"  data-valign=\"middle\" data-halign=\"center\" alt=\"Small Tawila Kite Spot\" data-full=\"https:\/\/sickdogsurf.com\/wp-content\/uploads\/2025\/09\/DJI_0049-1.jpg\" title=\"Small Tawila Kite Spot\" crop=\"\" width=\"1280\" height=\"783\" src=\"https:\/\/sickdogsurf.com\/wp-content\/uploads\/2025\/09\/DJI_0049-1.jpg\" data-src=\"https:\/\/sickdogsurf.com\/wp-content\/uploads\/2025\/09\/DJI_0049-1.jpg\" data-caption=\"\" srcset=\"https:\/\/sickdogsurf.com\/wp-content\/uploads\/2025\/09\/DJI_0049-1.jpg 1280w, https:\/\/sickdogsurf.com\/wp-content\/uploads\/2025\/09\/DJI_0049-1-300x184.jpg 300w, https:\/\/sickdogsurf.com\/wp-content\/uploads\/2025\/09\/DJI_0049-1-1024x626.jpg 1024w, https:\/\/sickdogsurf.com\/wp-content\/uploads\/2025\/09\/DJI_0049-1-768x470.jpg 768w\" sizes=\"auto, (max-width: 1280px) 100vw, 1280px\" \/>\n\t\t<div class=\"figc no-description\">\n\t\t\t<div class=\"figc-inner\">\n\t\t\t\t\t\t\t\t\t\t\t\t\t\t\t<\/div>\n\t\t<\/div>\n\n\t<\/div>\n\n<\/div><div class=\"modula-item effect-pufrobo\" data-width=\"6\" data-height=\"4\" >\n\t<div class=\"modula-item-overlay\"><\/div>\n\n\t<div class=\"modula-item-content\">\n\n\t\t<a data-image-id=\"162\" role=\"button\" tabindex=\"0\" rel=\"jtg-35\" data-caption=\"\" aria-label=\"Bilder in Lightbox \u00f6ffnen\" class=\"tile-inner modula-item-link\"><\/a><img loading=\"lazy\" decoding=\"async\" class=\"pic wp-image-162\"  data-valign=\"middle\" data-halign=\"center\" alt=\"Secret Spot Geisum\" data-full=\"https:\/\/sickdogsurf.com\/wp-content\/uploads\/2025\/09\/Another-day-in-paradise-for-kiters.jpg\" title=\"Secret Spot Geisum\" crop=\"\" width=\"1921\" height=\"1136\" src=\"https:\/\/sickdogsurf.com\/wp-content\/uploads\/2025\/09\/Another-day-in-paradise-for-kiters.jpg\" data-src=\"https:\/\/sickdogsurf.com\/wp-content\/uploads\/2025\/09\/Another-day-in-paradise-for-kiters.jpg\" data-caption=\"\" srcset=\"https:\/\/sickdogsurf.com\/wp-content\/uploads\/2025\/09\/Another-day-in-paradise-for-kiters.jpg 1921w, https:\/\/sickdogsurf.com\/wp-content\/uploads\/2025\/09\/Another-day-in-paradise-for-kiters-300x177.jpg 300w, https:\/\/sickdogsurf.com\/wp-content\/uploads\/2025\/09\/Another-day-in-paradise-for-kiters-1024x606.jpg 1024w, https:\/\/sickdogsurf.com\/wp-content\/uploads\/2025\/09\/Another-day-in-paradise-for-kiters-768x454.jpg 768w, https:\/\/sickdogsurf.com\/wp-content\/uploads\/2025\/09\/Another-day-in-paradise-for-kiters-1536x908.jpg 1536w\" sizes=\"auto, (max-width: 1921px) 100vw, 1921px\" \/>\n\t\t<div class=\"figc no-description\">\n\t\t\t<div class=\"figc-inner\">\n\t\t\t\t\t\t\t\t\t\t\t\t\t\t\t<\/div>\n\t\t<\/div>\n\n\t<\/div>\n\n<\/div>\t\t\n\t<\/div>\n\n\t\n\t\n\t<script type=\"application\/ld+json\">\n\t{\n\t\t\"@context\": \"http:\/\/schema.org\",\n\t\t\"@type\"   : \"ImageGallery\",\n\t\t\"id\"      : \"https:\/\/sickdogsurf.com\/de\/haben-sie-ein-kite-center\/\",\n\t\t\"url\"     : \"https:\/\/sickdogsurf.com\/de\/haben-sie-ein-kite-center\/\"\n\t}\n\n\t<\/script>\n\n\t\n<\/div>\n[\/vc_column_text][\/vc_column][\/vc_row][vc_row el_position=&#8220;last&#8220;][vc_column][vc_column_text css=&#8220;&#8220; el_class=&#8220;centered bottom0&#8243;]<\/p>\n<h1 style=\"text-align: center;\">KITE-BOOTSAFARI IN \u00c4GYPTEN<\/h1>\n<h3 style=\"text-align: center;\">Eine M\u00f6glichkeit, mit Kitesurfen Geld zu verdienen, w\u00e4hrend Sie auf einem 5-Sterne-Luxusboot kitesurfen \u2013 in unserer Fr\u00fchlings-, Sommer- und Wintersaison!<\/h3>\n<p style=\"text-align: left;\">Sick Dog hat seinen Sitz in \u00c4gypten und organisiert seit 2015 Kitesurf-Kreuzfahrten im Roten Meer \u2013 mit einzelnen Kitern, Freunden und Familien aus der ganzen Welt.<\/p>\n<p style=\"text-align: left;\">Wir besitzen unsere eigene Yacht und haben ein starkes europ\u00e4isches Team mit viel Erfahrung in der Durchf\u00fchrung dieser Reisen. Dadurch haben wir die M\u00f6glichkeit, mit gr\u00f6\u00dferen Gruppen, Reiseb\u00fcros, Reiseveranstaltern und nat\u00fcrlich Kitesurfschulen zusammenzuarbeiten, die an der Organisation einer Kite-Safari in \u00c4gypten interessiert sind, aber nicht wissen, wo sie anfangen sollen.<\/p>\n<p style=\"text-align: left;\"><strong>Unsere Safaris k\u00f6nnen das ganze Jahr \u00fcber stattfinden \u2013 Sie k\u00f6nnen also auch w\u00e4hrend Ihrer Nebensaison reisen und Geld verdienen, w\u00e4hrend Sie Ihre Kiter auf ein Kitesurf-Abenteuer mitnehmen.<\/strong><\/p>\n<h2>WER WIR SIND UND WARUM WIR<\/h2>\n<p>Wir leben seit mehr als 10 Jahren in \u00c4gypten und hatten das Gl\u00fcck, Kitesurfen zu unserem Hobby und Beruf zu machen. <a href=\"https:\/\/sickdogsurf.com\/de\/ueber-uns\/\">Hier<\/a> finden Sie weitere Informationen \u00fcber unser Team. Wenn Sie eine Kite-Safari organisieren, ist es <strong>entscheidend, ein lokales Team in \u00c4gypten zu haben<\/strong>, um sicherzustellen, dass es keine \u00dcberraschungen gibt \u2013 <strong>unzuverl\u00e4ssige Yachtbesitzer, unerwartete Kosten und Betr\u00fcgereien<\/strong> sind in diesem Land weit verbreitet. Deshalb ist es wichtig, dass wir in \u00c4gypten sind und pers\u00f6nlich die Yachten und die Menschen, mit denen wir arbeiten, \u00fcberpr\u00fcfen k\u00f6nnen.<\/p>\n<p>Zus\u00e4tzlich <strong>besitzen wir unsere eigene Yacht<\/strong>, was es uns erm\u00f6glicht, <strong>gro\u00dfartige Preise<\/strong> anzubieten und <strong>die volle Kontrolle \u00fcber die Qualit\u00e4t<\/strong> unserer Reisen zu behalten.<\/p>\n<p style=\"text-align: left;\"><strong>Wenn Sie ein Kite-Center besitzen oder die M\u00f6glichkeit haben, Kiter-Gruppen zu organisieren<\/strong>, ist dies eine gro\u00dfartige Gelegenheit f\u00fcr Sie, mit uns zu reisen und dabei Geld zu verdienen \u2013 in einer unserer Kite-Reisen mit Ihren Kunden\/G\u00e4sten. Wir stellen Ihnen das ben\u00f6tigte Marketingmaterial zur Verf\u00fcgung und <strong>organisieren jedes Detail der Reise in \u00c4gypten.<\/strong><\/p>\n<p style=\"text-align: left;\"><strong>Sie k\u00f6nnen das gesamte Boot mieten und Ihre private Kite-Safari f\u00fcr Ihre Gruppe veranstalten oder als Lehrer oder Gruppenleiter mit einer kleineren Gruppe teilnehmen.<\/strong><\/p>\n<p style=\"text-align: center;\"><strong>ALLES, WAS SIE TUN M\u00dcSSEN, IST, MENSCHEN UND KITER ZU FINDEN, DIE SIE AUF DIESE REISE BEGLEITEN \u2013 DEN REST \u00dcBERNEHMEN WIR!<\/strong><\/p>\n<p style=\"text-align: center;\"><strong>MEHR INFOS? WEITERE DETAILS BEN\u00d6TIGT? KONTAKTIEREN SIE UNS UNTER +201009410388 (WHATSAPP\/ANRUF) ODER info@sickdogsurf.com<\/strong><\/p>\n<p>[\/vc_column_text][\/vc_column][\/vc_row][vc_row full_width=&#8220;stretch_row_content_no_spaces&#8220;][vc_column][vc_video link=&#8220;https:\/\/youtu.be\/EflJlyvAcBg&#8220;][\/vc_column][\/vc_row]<\/p>\n<\/div>","protected":false},"excerpt":{"rendered":"<p>[vc_row][vc_column][vc_column_text css=&#8220;&#8220;] Haben Sie ein Kite-Center? [\/vc_column_text][vc_column_text css=&#8220;&#8220; el_class=&#8220;centered&#8220;] Reisen Sie mit Ihren Kitern und Ihrer eigenen Gruppe: Werden Sie unser Partner [\/vc_column_text][\/vc_column][\/vc_row][vc_row full_width=&#8220;stretch_row_content_no_spaces&#8220;][vc_column][vc_column_text css=&#8220;&#8220;][\/vc_column_text][\/vc_column][\/vc_row][vc_row el_position=&#8220;last&#8220;][vc_column][vc_column_text css=&#8220;&#8220; el_class=&#8220;centered bottom0&#8243;] KITE-BOOTSAFARI IN \u00c4GYPTEN Eine M\u00f6glichkeit, mit Kitesurfen Geld zu verdienen, w\u00e4hrend Sie auf einem 5-Sterne-Luxusboot kitesurfen \u2013 in unserer Fr\u00fchlings-, Sommer- und Wintersaison! Sick Dog hat seinen [&hellip;]<\/p>\n","protected":false},"author":1,"featured_media":0,"parent":0,"menu_order":0,"comment_status":"closed","ping_status":"closed","template":"","meta":{"footnotes":""},"class_list":["post-1988","page","type-page","status-publish","hentry","post"],"yoast_head":"<!-- This site is optimized with the Yoast SEO plugin v27.4 - https:\/\/yoast.com\/product\/yoast-seo-wordpress\/ -->\n<title>Haben Sie ein Kite-Center? - Kite Cruises, Kite Safari and Kite Lessons in Egypt - Sick Dog<\/title>\n<meta name=\"description\" content=\"Interessiert an einer Partnerschaft? Finden Sie heraus, wie Sie Geld verdienen k\u00f6nnen, wenn Ihr Kite-Center geschlossen ist, indem Sie an einer unserer Kite-Kreuzfahrten teilnehmen.\" \/>\n<meta name=\"robots\" content=\"index, follow, max-snippet:-1, max-image-preview:large, max-video-preview:-1\" \/>\n<link rel=\"canonical\" href=\"https:\/\/sickdogsurf.com\/de\/haben-sie-ein-kite-center\/\" \/>\n<meta property=\"og:locale\" content=\"de_DE\" \/>\n<meta property=\"og:type\" content=\"article\" \/>\n<meta property=\"og:title\" content=\"Haben Sie ein Kite-Center? - Kite Cruises, Kite Safari and Kite Lessons in Egypt - Sick Dog\" \/>\n<meta property=\"og:description\" content=\"Interessiert an einer Partnerschaft? Finden Sie heraus, wie Sie Geld verdienen k\u00f6nnen, wenn Ihr Kite-Center geschlossen ist, indem Sie an einer unserer Kite-Kreuzfahrten teilnehmen.\" \/>\n<meta property=\"og:url\" content=\"https:\/\/sickdogsurf.com\/de\/haben-sie-ein-kite-center\/\" \/>\n<meta property=\"og:site_name\" content=\"Kite Cruises, Kite Safari and Kite Lessons in Egypt - Sick Dog\" \/>\n<meta property=\"article:publisher\" content=\"https:\/\/www.facebook.com\/sickdogsurf\" \/>\n<meta property=\"article:modified_time\" content=\"2025-10-08T12:57:51+00:00\" \/>\n<meta property=\"og:image\" content=\"https:\/\/sickdogsurf.com\/wp-content\/uploads\/2025\/09\/main_kitetrip_9.jpg\" \/>\n\t<meta property=\"og:image:width\" content=\"1920\" \/>\n\t<meta property=\"og:image:height\" content=\"1052\" \/>\n\t<meta property=\"og:image:type\" content=\"image\/jpeg\" \/>\n<meta name=\"twitter:card\" content=\"summary_large_image\" \/>\n<meta name=\"twitter:label1\" content=\"Gesch\u00e4tzte Lesezeit\" \/>\n\t<meta name=\"twitter:data1\" content=\"2\u00a0Minuten\" \/>\n<script type=\"application\/ld+json\" class=\"yoast-schema-graph\">{\"@context\":\"https:\\\/\\\/schema.org\",\"@graph\":[{\"@type\":\"WebPage\",\"@id\":\"https:\\\/\\\/sickdogsurf.com\\\/de\\\/haben-sie-ein-kite-center\\\/\",\"url\":\"https:\\\/\\\/sickdogsurf.com\\\/de\\\/haben-sie-ein-kite-center\\\/\",\"name\":\"Haben Sie ein Kite-Center? - Kite Cruises, Kite Safari and Kite Lessons in Egypt - Sick Dog\",\"isPartOf\":{\"@id\":\"https:\\\/\\\/sickdogsurf.com\\\/de\\\/#website\"},\"datePublished\":\"2025-09-30T12:22:19+00:00\",\"dateModified\":\"2025-10-08T12:57:51+00:00\",\"description\":\"Interessiert an einer Partnerschaft? Finden Sie heraus, wie Sie Geld verdienen k\u00f6nnen, wenn Ihr Kite-Center geschlossen ist, indem Sie an einer unserer Kite-Kreuzfahrten teilnehmen.\",\"breadcrumb\":{\"@id\":\"https:\\\/\\\/sickdogsurf.com\\\/de\\\/haben-sie-ein-kite-center\\\/#breadcrumb\"},\"inLanguage\":\"de\",\"potentialAction\":[{\"@type\":\"ReadAction\",\"target\":[\"https:\\\/\\\/sickdogsurf.com\\\/de\\\/haben-sie-ein-kite-center\\\/\"]}]},{\"@type\":\"BreadcrumbList\",\"@id\":\"https:\\\/\\\/sickdogsurf.com\\\/de\\\/haben-sie-ein-kite-center\\\/#breadcrumb\",\"itemListElement\":[{\"@type\":\"ListItem\",\"position\":1,\"name\":\"Home\",\"item\":\"https:\\\/\\\/sickdogsurf.com\\\/de\\\/\"},{\"@type\":\"ListItem\",\"position\":2,\"name\":\"Haben Sie ein Kite-Center?\"}]},{\"@type\":\"WebSite\",\"@id\":\"https:\\\/\\\/sickdogsurf.com\\\/de\\\/#website\",\"url\":\"https:\\\/\\\/sickdogsurf.com\\\/de\\\/\",\"name\":\"Kite Cruises, Kite Safari and Kite Lessons in Egypt - Sick Dog\",\"description\":\"\",\"publisher\":{\"@id\":\"https:\\\/\\\/sickdogsurf.com\\\/de\\\/#organization\"},\"potentialAction\":[{\"@type\":\"SearchAction\",\"target\":{\"@type\":\"EntryPoint\",\"urlTemplate\":\"https:\\\/\\\/sickdogsurf.com\\\/de\\\/?s={search_term_string}\"},\"query-input\":{\"@type\":\"PropertyValueSpecification\",\"valueRequired\":true,\"valueName\":\"search_term_string\"}}],\"inLanguage\":\"de\"},{\"@type\":\"Organization\",\"@id\":\"https:\\\/\\\/sickdogsurf.com\\\/de\\\/#organization\",\"name\":\"Sick Dog\",\"alternateName\":\"Sick Dog\",\"url\":\"https:\\\/\\\/sickdogsurf.com\\\/de\\\/\",\"logo\":{\"@type\":\"ImageObject\",\"inLanguage\":\"de\",\"@id\":\"https:\\\/\\\/sickdogsurf.com\\\/de\\\/#\\\/schema\\\/logo\\\/image\\\/\",\"url\":\"https:\\\/\\\/sickdogsurf.com\\\/wp-content\\\/uploads\\\/2025\\\/09\\\/icon.png\",\"contentUrl\":\"https:\\\/\\\/sickdogsurf.com\\\/wp-content\\\/uploads\\\/2025\\\/09\\\/icon.png\",\"width\":512,\"height\":512,\"caption\":\"Sick Dog\"},\"image\":{\"@id\":\"https:\\\/\\\/sickdogsurf.com\\\/de\\\/#\\\/schema\\\/logo\\\/image\\\/\"},\"sameAs\":[\"https:\\\/\\\/www.facebook.com\\\/sickdogsurf\",\"https:\\\/\\\/instagram.com\\\/sickdogsurf\",\"https:\\\/\\\/www.youtube.com\\\/channel\\\/UCEf1c4rAaoAUMilFW16YHww\\\/\"]}]}<\/script>\n<!-- \/ Yoast SEO plugin. -->","yoast_head_json":{"title":"Haben Sie ein Kite-Center? - Kite Cruises, Kite Safari and Kite Lessons in Egypt - Sick Dog","description":"Interessiert an einer Partnerschaft? Finden Sie heraus, wie Sie Geld verdienen k\u00f6nnen, wenn Ihr Kite-Center geschlossen ist, indem Sie an einer unserer Kite-Kreuzfahrten teilnehmen.","robots":{"index":"index","follow":"follow","max-snippet":"max-snippet:-1","max-image-preview":"max-image-preview:large","max-video-preview":"max-video-preview:-1"},"canonical":"https:\/\/sickdogsurf.com\/de\/haben-sie-ein-kite-center\/","og_locale":"de_DE","og_type":"article","og_title":"Haben Sie ein Kite-Center? - Kite Cruises, Kite Safari and Kite Lessons in Egypt - Sick Dog","og_description":"Interessiert an einer Partnerschaft? Finden Sie heraus, wie Sie Geld verdienen k\u00f6nnen, wenn Ihr Kite-Center geschlossen ist, indem Sie an einer unserer Kite-Kreuzfahrten teilnehmen.","og_url":"https:\/\/sickdogsurf.com\/de\/haben-sie-ein-kite-center\/","og_site_name":"Kite Cruises, Kite Safari and Kite Lessons in Egypt - Sick Dog","article_publisher":"https:\/\/www.facebook.com\/sickdogsurf","article_modified_time":"2025-10-08T12:57:51+00:00","og_image":[{"width":1920,"height":1052,"url":"https:\/\/sickdogsurf.com\/wp-content\/uploads\/2025\/09\/main_kitetrip_9.jpg","type":"image\/jpeg"}],"twitter_card":"summary_large_image","twitter_misc":{"Gesch\u00e4tzte Lesezeit":"2\u00a0Minuten"},"schema":{"@context":"https:\/\/schema.org","@graph":[{"@type":"WebPage","@id":"https:\/\/sickdogsurf.com\/de\/haben-sie-ein-kite-center\/","url":"https:\/\/sickdogsurf.com\/de\/haben-sie-ein-kite-center\/","name":"Haben Sie ein Kite-Center? - Kite Cruises, Kite Safari and Kite Lessons in Egypt - Sick Dog","isPartOf":{"@id":"https:\/\/sickdogsurf.com\/de\/#website"},"datePublished":"2025-09-30T12:22:19+00:00","dateModified":"2025-10-08T12:57:51+00:00","description":"Interessiert an einer Partnerschaft? Finden Sie heraus, wie Sie Geld verdienen k\u00f6nnen, wenn Ihr Kite-Center geschlossen ist, indem Sie an einer unserer Kite-Kreuzfahrten teilnehmen.","breadcrumb":{"@id":"https:\/\/sickdogsurf.com\/de\/haben-sie-ein-kite-center\/#breadcrumb"},"inLanguage":"de","potentialAction":[{"@type":"ReadAction","target":["https:\/\/sickdogsurf.com\/de\/haben-sie-ein-kite-center\/"]}]},{"@type":"BreadcrumbList","@id":"https:\/\/sickdogsurf.com\/de\/haben-sie-ein-kite-center\/#breadcrumb","itemListElement":[{"@type":"ListItem","position":1,"name":"Home","item":"https:\/\/sickdogsurf.com\/de\/"},{"@type":"ListItem","position":2,"name":"Haben Sie ein Kite-Center?"}]},{"@type":"WebSite","@id":"https:\/\/sickdogsurf.com\/de\/#website","url":"https:\/\/sickdogsurf.com\/de\/","name":"Kite Cruises, Kite Safari and Kite Lessons in Egypt - Sick Dog","description":"","publisher":{"@id":"https:\/\/sickdogsurf.com\/de\/#organization"},"potentialAction":[{"@type":"SearchAction","target":{"@type":"EntryPoint","urlTemplate":"https:\/\/sickdogsurf.com\/de\/?s={search_term_string}"},"query-input":{"@type":"PropertyValueSpecification","valueRequired":true,"valueName":"search_term_string"}}],"inLanguage":"de"},{"@type":"Organization","@id":"https:\/\/sickdogsurf.com\/de\/#organization","name":"Sick Dog","alternateName":"Sick Dog","url":"https:\/\/sickdogsurf.com\/de\/","logo":{"@type":"ImageObject","inLanguage":"de","@id":"https:\/\/sickdogsurf.com\/de\/#\/schema\/logo\/image\/","url":"https:\/\/sickdogsurf.com\/wp-content\/uploads\/2025\/09\/icon.png","contentUrl":"https:\/\/sickdogsurf.com\/wp-content\/uploads\/2025\/09\/icon.png","width":512,"height":512,"caption":"Sick Dog"},"image":{"@id":"https:\/\/sickdogsurf.com\/de\/#\/schema\/logo\/image\/"},"sameAs":["https:\/\/www.facebook.com\/sickdogsurf","https:\/\/instagram.com\/sickdogsurf","https:\/\/www.youtube.com\/channel\/UCEf1c4rAaoAUMilFW16YHww\/"]}]}},"_links":{"self":[{"href":"https:\/\/sickdogsurf.com\/de\/wp-json\/wp\/v2\/pages\/1988","targetHints":{"allow":["GET"]}}],"collection":[{"href":"https:\/\/sickdogsurf.com\/de\/wp-json\/wp\/v2\/pages"}],"about":[{"href":"https:\/\/sickdogsurf.com\/de\/wp-json\/wp\/v2\/types\/page"}],"author":[{"embeddable":true,"href":"https:\/\/sickdogsurf.com\/de\/wp-json\/wp\/v2\/users\/1"}],"replies":[{"embeddable":true,"href":"https:\/\/sickdogsurf.com\/de\/wp-json\/wp\/v2\/comments?post=1988"}],"version-history":[{"count":4,"href":"https:\/\/sickdogsurf.com\/de\/wp-json\/wp\/v2\/pages\/1988\/revisions"}],"predecessor-version":[{"id":3079,"href":"https:\/\/sickdogsurf.com\/de\/wp-json\/wp\/v2\/pages\/1988\/revisions\/3079"}],"wp:attachment":[{"href":"https:\/\/sickdogsurf.com\/de\/wp-json\/wp\/v2\/media?parent=1988"}],"curies":[{"name":"wp","href":"https:\/\/api.w.org\/{rel}","templated":true}]}}