{"id":1937,"date":"2025-09-30T11:42:39","date_gmt":"2025-09-30T11:42:39","guid":{"rendered":"https:\/\/sickdogsurf.com\/book-now\/"},"modified":"2025-10-10T10:42:29","modified_gmt":"2025-10-10T10:42:29","slug":"buchen-sie-jetzt","status":"publish","type":"page","link":"https:\/\/sickdogsurf.com\/de\/buchen-sie-jetzt\/","title":{"rendered":"Buchen sie jetzt"},"content":{"rendered":"<div class=\"wpb-content-wrapper\"><p>[vc_row full_width=&#8220;stretch_row&#8220; css=&#8220;.vc_custom_1760092945356{background-image: url(https:\/\/sickdogsurf.com\/wp-content\/uploads\/2025\/09\/ACH_1156-2_01-e1759252360699.jpg?id=95) !important;background-position: center !important;background-repeat: no-repeat !important;background-size: cover !important;}&#8220;][vc_column][vc_empty_space height=&#8220;600px&#8220;][\/vc_column][\/vc_row][vc_row css=&#8220;.vc_custom_1759479834153{margin-top: 20px !important;}&#8220;][vc_column][vc_row_inner][vc_column_inner width=&#8220;1\/2&#8243;][vc_single_image image=&#8220;1947&#8243; img_size=&#8220;300&#215;300&#8243; alignment=&#8220;center&#8220; style=&#8220;vc_box_circle_2&#8243; css_animation=&#8220;none&#8220; css=&#8220;&#8220; el_class=&#8220;centered&#8220;][vc_column_text css=&#8220;&#8220;]Roberto gr\u00fcndete Sick Dog im Jahr 2015 und f\u00fchrt seitdem zusammen mit seinem Team Kite-Kreuzfahrten in \u00c4gypten durch. Er liebt es, Drachen zu reparieren, mit seinem Hund Wallie spazieren zu gehen und Kaffee zu trinken.[\/vc_column_text][\/vc_column_inner][vc_column_inner width=&#8220;1\/2&#8243;][vc_column_text css_animation=&#8220;none&#8220; css=&#8220;&#8220;]<\/p>\n<div class=\"centeronmobile\">\n<h2 class=\"premiumheadline\" style=\"text-align: center;\"><strong>WIE BUCHT MAN?<\/strong><\/h2>\n<p>Um deinen Platz auf dem Boot zu reservieren kontaktiere uns einfach und wir pr\u00fcfen gemeinsam die Fl\u00fcge und beantworten s\u00e4mtliche Fragen!<\/p>\n<ul class=\"centerlist_onmobile customlist\">\n<li><i class=\"icon-check checkicon highlightcolor\"><\/i>Sick Dog Surf ist ein europ\u00e4isches Unternehmen, das 2015 gegr\u00fcndet wurde<\/li>\n<li><i class=\"icon-check checkicon highlightcolor\"><\/i>Sicher und gesch\u00fctzt: alle Zahlungen per europ\u00e4ischer Bank\u00fcberweisung<\/li>\n<li><i class=\"icon-check checkicon highlightcolor\"><\/i>Wir sprechen Englisch, Spanisch und Italienisch<\/li>\n<\/ul>\n<\/div>\n<p>[\/vc_column_text][vc_btn title=&#8220;Bereit! Senden Sie uns einfach eine E-Mail an info@sickdogsurf.com oder WhatsApp\/Viber unter 00201009410388, um loszulegen&#8220; style=&#8220;classic&#8220; color=&#8220;turquoise&#8220; align=&#8220;center&#8220; css=&#8220;&#8220;][vc_message css=&#8220;&#8220;]Bevor du einen Flug buchst stelle bitte sicher, dass auf unserer Yacht ein Platz f\u00fcr dich frei ist, da einige unserer Reisen bereits ausgebucht sind und sich die Verf\u00fcgbarkeit an Bord t\u00e4glich \u00e4ndert.<\/p>\n<p>Lesen Sie hier unsere\u00a0<a href=\"https:\/\/www.sickdogsurf.com\/terms\">Allgemeinen Gesch\u00e4ftsbedingungen<\/a>[\/vc_message][\/vc_column_inner][\/vc_row_inner][\/vc_column][\/vc_row][vc_row][vc_column][vc_text_separator title=&#8220;KITE SAFARI WOCHEN 2026&#8243; css=&#8220;&#8220;][vc_column_text css=&#8220;&#8220;]<\/p>\n<p style=\"text-align: center;\">\n<table id=\"tablepress-8\" class=\"tablepress tablepress-id-8\">\n<thead>\n<tr class=\"row-1\">\n\t<th class=\"column-1\">WEEKS<\/th><th class=\"column-2\">BOAT<\/th><th class=\"column-3\">PRICE PER PERSON<\/th>\n<\/tr>\n<\/thead>\n<tbody class=\"row-hover\">\n<tr class=\"row-2\">\n\t<td class=\"column-1\">April 11 - 18<\/td><td class=\"column-2\">Heaven Liberty<\/td><td class=\"column-3\">FULL<\/td>\n<\/tr>\n<tr class=\"row-3\">\n\t<td class=\"column-1\">April 18 - 25<\/td><td class=\"column-2\">New Regency<\/td><td class=\"column-3\">FULL<\/td>\n<\/tr>\n<tr class=\"row-4\">\n\t<td class=\"column-1\">April 25 - May 2<\/td><td class=\"column-2\">New Regency<\/td><td class=\"column-3\">LAST CABINS - 900\u20ac<\/td>\n<\/tr>\n<tr class=\"row-5\">\n\t<td class=\"column-1\">May 2 - 9<\/td><td class=\"column-2\">Heaven Liberty<\/td><td class=\"column-3\">FULL<\/td>\n<\/tr>\n<tr class=\"row-6\">\n\t<td class=\"column-1\">May 9 - 16<\/td><td class=\"column-2\">Heaven Liberty<\/td><td class=\"column-3\">FULL<\/td>\n<\/tr>\n<tr class=\"row-7\">\n\t<td class=\"column-1\">May 16 - 23<\/td><td class=\"column-2\">Heaven Liberty<\/td><td class=\"column-3\">FULL<\/td>\n<\/tr>\n<tr class=\"row-8\">\n\t<td class=\"column-1\">May 23 - 30<\/td><td class=\"column-2\">Galaxy<\/td><td class=\"column-3\">LAST SPOTS - 1050\u20ac<\/td>\n<\/tr>\n<tr class=\"row-9\">\n\t<td class=\"column-1\">May 30 - June 6<\/td><td class=\"column-2\">New Regency\/Heaven Liberty<\/td><td class=\"column-3\">LAST SPOTS - 1050\u20ac<\/td>\n<\/tr>\n<tr class=\"row-10\">\n\t<td class=\"column-1\">June 6 - 13<\/td><td class=\"column-2\">New Regency<\/td><td class=\"column-3\">1050\u20ac<\/td>\n<\/tr>\n<tr class=\"row-11\">\n\t<td class=\"column-1\">June 13 - 20<\/td><td class=\"column-2\">New Regency<\/td><td class=\"column-3\">FULL<\/td>\n<\/tr>\n<tr class=\"row-12\">\n\t<td class=\"column-1\">June 20 - 27<\/td><td class=\"column-2\">Heaven Liberty<\/td><td class=\"column-3\">1050\u20ac<\/td>\n<\/tr>\n<tr class=\"row-13\">\n\t<td class=\"column-1\">June 27 - July 4<\/td><td class=\"column-2\">Heaven Liberty<\/td><td class=\"column-3\">1050\u20ac<\/td>\n<\/tr>\n<tr class=\"row-14\">\n\t<td class=\"column-1\">July 4 - 11<\/td><td class=\"column-2\">Heaven Liberty<\/td><td class=\"column-3\">FULL<\/td>\n<\/tr>\n<tr class=\"row-15\">\n\t<td class=\"column-1\">July 11 - 18<\/td><td class=\"column-2\">Heaven Liberty<\/td><td class=\"column-3\">1050\u20ac<\/td>\n<\/tr>\n<tr class=\"row-16\">\n\t<td class=\"column-1\">July 18 - 25<\/td><td class=\"column-2\">Heaven Liberty<\/td><td class=\"column-3\">1050\u20ac<\/td>\n<\/tr>\n<tr class=\"row-17\">\n\t<td class=\"column-1\">July 25 - August 1<\/td><td class=\"column-2\">Heaven Liberty<\/td><td class=\"column-3\">1050\u20ac<\/td>\n<\/tr>\n<tr class=\"row-18\">\n\t<td class=\"column-1\">August 1 - 8<\/td><td class=\"column-2\">Heaven Liberty<\/td><td class=\"column-3\">1050\u20ac<\/td>\n<\/tr>\n<tr class=\"row-19\">\n\t<td class=\"column-1\">August 8 - 15<\/td><td class=\"column-2\">Heaven Liberty<\/td><td class=\"column-3\">1050\u20ac<\/td>\n<\/tr>\n<tr class=\"row-20\">\n\t<td class=\"column-1\">August 15 - 22<\/td><td class=\"column-2\">Heaven Liberty<\/td><td class=\"column-3\">1050\u20ac<\/td>\n<\/tr>\n<tr class=\"row-21\">\n\t<td class=\"column-1\">August 22 - 29<\/td><td class=\"column-2\">Heaven Liberty<\/td><td class=\"column-3\">1050\u20ac<\/td>\n<\/tr>\n<tr class=\"row-22\">\n\t<td class=\"column-1\">August 29 - September 5<\/td><td class=\"column-2\">Heaven Liberty<\/td><td class=\"column-3\">1050\u20ac<\/td>\n<\/tr>\n<tr class=\"row-23\">\n\t<td class=\"column-1\">September 5 - 12<\/td><td class=\"column-2\">Heaven Liberty-New Regency<\/td><td class=\"column-3\">1050\u20ac<\/td>\n<\/tr>\n<tr class=\"row-24\">\n\t<td class=\"column-1\">September 12 - 19<\/td><td class=\"column-2\">Heaven Liberty<\/td><td class=\"column-3\">1050\u20ac<\/td>\n<\/tr>\n<tr class=\"row-25\">\n\t<td class=\"column-1\">September 19 - 26<\/td><td class=\"column-2\">Heaven Liberty<\/td><td class=\"column-3\">1050\u20ac<\/td>\n<\/tr>\n<tr class=\"row-26\">\n\t<td class=\"column-1\">September 26 - October 3<\/td><td class=\"column-2\">Heaven Liberty<\/td><td class=\"column-3\">FULL<\/td>\n<\/tr>\n<tr class=\"row-27\">\n\t<td class=\"column-1\">October 3 - 10<\/td><td class=\"column-2\">Galaxy<\/td><td class=\"column-3\">1050\u20ac<\/td>\n<\/tr>\n<tr class=\"row-28\">\n\t<td class=\"column-1\">October 10 - 17<\/td><td class=\"column-2\">Heaven Liberty<\/td><td class=\"column-3\">FULL<\/td>\n<\/tr>\n<tr class=\"row-29\">\n\t<td class=\"column-1\">October 17 - 24<\/td><td class=\"column-2\">Heaven Liberty<\/td><td class=\"column-3\">1050\u20ac<\/td>\n<\/tr>\n<tr class=\"row-30\">\n\t<td class=\"column-1\">October 24 - 31<\/td><td class=\"column-2\">Heaven Liberty<\/td><td class=\"column-3\">1050\u20ac<\/td>\n<\/tr>\n<tr class=\"row-31\">\n\t<td class=\"column-1\">October 31- November 7<\/td><td class=\"column-2\">Heaven Liberty<\/td><td class=\"column-3\">1050\u20ac<\/td>\n<\/tr>\n<tr class=\"row-32\">\n\t<td class=\"column-1\">November 7 - 14<\/td><td class=\"column-2\">Heaven Liberty<\/td><td class=\"column-3\">1050\u20ac<\/td>\n<\/tr>\n<tr class=\"row-33\">\n\t<td class=\"column-1\">November 14 - 21<\/td><td class=\"column-2\">Heaven Liberty<\/td><td class=\"column-3\">1050\u20ac<\/td>\n<\/tr>\n<tr class=\"row-34\">\n\t<td class=\"column-1\">November 21 - 28<\/td><td class=\"column-2\">Heaven Liberty<\/td><td class=\"column-3\">1050\u20ac<\/td>\n<\/tr>\n<tr class=\"row-35\">\n\t<td class=\"column-1\">December 26 - January 2<\/td><td class=\"column-2\">Heaven Liberty<\/td><td class=\"column-3\">1050\u20ac<\/td>\n<\/tr>\n<\/tbody>\n<\/table>\n<\/p>\n<p>[\/vc_column_text][\/vc_column][\/vc_row]<\/p>\n<\/div>","protected":false},"excerpt":{"rendered":"<p>[vc_row full_width=&#8220;stretch_row&#8220; css=&#8220;.vc_custom_1760092945356{background-image: url(https:\/\/sickdogsurf.com\/wp-content\/uploads\/2025\/09\/ACH_1156-2_01-e1759252360699.jpg?id=95) !important;background-position: center !important;background-repeat: no-repeat !important;background-size: cover !important;}&#8220;][vc_column][vc_empty_space height=&#8220;600px&#8220;][\/vc_column][\/vc_row][vc_row css=&#8220;.vc_custom_1759479834153{margin-top: 20px !important;}&#8220;][vc_column][vc_row_inner][vc_column_inner width=&#8220;1\/2&#8243;][vc_single_image image=&#8220;1947&#8243; img_size=&#8220;300&#215;300&#8243; alignment=&#8220;center&#8220; style=&#8220;vc_box_circle_2&#8243; css_animation=&#8220;none&#8220; css=&#8220;&#8220; el_class=&#8220;centered&#8220;][vc_column_text css=&#8220;&#8220;]Roberto gr\u00fcndete Sick Dog im Jahr 2015 und f\u00fchrt seitdem zusammen mit seinem Team Kite-Kreuzfahrten in \u00c4gypten durch. Er liebt es, Drachen zu reparieren, mit seinem Hund Wallie spazieren zu gehen und Kaffee [&hellip;]<\/p>\n","protected":false},"author":1,"featured_media":0,"parent":0,"menu_order":0,"comment_status":"closed","ping_status":"closed","template":"","meta":{"footnotes":""},"class_list":["post-1937","page","type-page","status-publish","hentry","post"],"yoast_head":"<!-- This site is optimized with the Yoast SEO plugin v27.4 - https:\/\/yoast.com\/product\/yoast-seo-wordpress\/ -->\n<title>Buchen sie jetzt - Kite Cruises, Kite Safari and Kite Lessons in Egypt - Sick Dog<\/title>\n<meta name=\"description\" content=\"Buchen Sie Ihr Kite Safari bei uns \u2013 erfahren Sie, wie Sie vorgehen und machen Sie sich bereit f\u00fcr ein Kitesurf-Abenteuer!\" \/>\n<meta name=\"robots\" content=\"index, follow, max-snippet:-1, max-image-preview:large, max-video-preview:-1\" \/>\n<link rel=\"canonical\" href=\"https:\/\/sickdogsurf.com\/de\/buchen-sie-jetzt\/\" \/>\n<meta property=\"og:locale\" content=\"de_DE\" \/>\n<meta property=\"og:type\" content=\"article\" \/>\n<meta property=\"og:title\" content=\"Buchen sie jetzt - Kite Cruises, Kite Safari and Kite Lessons in Egypt - Sick Dog\" \/>\n<meta property=\"og:description\" content=\"Buchen Sie Ihr Kite Safari bei uns \u2013 erfahren Sie, wie Sie vorgehen und machen Sie sich bereit f\u00fcr ein Kitesurf-Abenteuer!\" \/>\n<meta property=\"og:url\" content=\"https:\/\/sickdogsurf.com\/de\/buchen-sie-jetzt\/\" \/>\n<meta property=\"og:site_name\" content=\"Kite Cruises, Kite Safari and Kite Lessons in Egypt - Sick Dog\" \/>\n<meta property=\"article:publisher\" content=\"https:\/\/www.facebook.com\/sickdogsurf\" \/>\n<meta property=\"article:modified_time\" content=\"2025-10-10T10:42:29+00:00\" \/>\n<meta property=\"og:image\" content=\"https:\/\/sickdogsurf.com\/wp-content\/uploads\/2025\/09\/main_kitetrip_9.jpg\" \/>\n\t<meta property=\"og:image:width\" content=\"1920\" \/>\n\t<meta property=\"og:image:height\" content=\"1052\" \/>\n\t<meta property=\"og:image:type\" content=\"image\/jpeg\" \/>\n<meta name=\"twitter:card\" content=\"summary_large_image\" \/>\n<meta name=\"twitter:label1\" content=\"Gesch\u00e4tzte Lesezeit\" \/>\n\t<meta name=\"twitter:data1\" content=\"1\u00a0Minute\" \/>\n<script type=\"application\/ld+json\" class=\"yoast-schema-graph\">{\"@context\":\"https:\\\/\\\/schema.org\",\"@graph\":[{\"@type\":\"WebPage\",\"@id\":\"https:\\\/\\\/sickdogsurf.com\\\/de\\\/buchen-sie-jetzt\\\/\",\"url\":\"https:\\\/\\\/sickdogsurf.com\\\/de\\\/buchen-sie-jetzt\\\/\",\"name\":\"Buchen sie jetzt - Kite Cruises, Kite Safari and Kite Lessons in Egypt - Sick Dog\",\"isPartOf\":{\"@id\":\"https:\\\/\\\/sickdogsurf.com\\\/de\\\/#website\"},\"datePublished\":\"2025-09-30T11:42:39+00:00\",\"dateModified\":\"2025-10-10T10:42:29+00:00\",\"description\":\"Buchen Sie Ihr Kite Safari bei uns \u2013 erfahren Sie, wie Sie vorgehen und machen Sie sich bereit f\u00fcr ein Kitesurf-Abenteuer!\",\"breadcrumb\":{\"@id\":\"https:\\\/\\\/sickdogsurf.com\\\/de\\\/buchen-sie-jetzt\\\/#breadcrumb\"},\"inLanguage\":\"de\",\"potentialAction\":[{\"@type\":\"ReadAction\",\"target\":[\"https:\\\/\\\/sickdogsurf.com\\\/de\\\/buchen-sie-jetzt\\\/\"]}]},{\"@type\":\"BreadcrumbList\",\"@id\":\"https:\\\/\\\/sickdogsurf.com\\\/de\\\/buchen-sie-jetzt\\\/#breadcrumb\",\"itemListElement\":[{\"@type\":\"ListItem\",\"position\":1,\"name\":\"Home\",\"item\":\"https:\\\/\\\/sickdogsurf.com\\\/de\\\/\"},{\"@type\":\"ListItem\",\"position\":2,\"name\":\"Buchen sie jetzt\"}]},{\"@type\":\"WebSite\",\"@id\":\"https:\\\/\\\/sickdogsurf.com\\\/de\\\/#website\",\"url\":\"https:\\\/\\\/sickdogsurf.com\\\/de\\\/\",\"name\":\"Kite Cruises, Kite Safari and Kite Lessons in Egypt - Sick Dog\",\"description\":\"\",\"publisher\":{\"@id\":\"https:\\\/\\\/sickdogsurf.com\\\/de\\\/#organization\"},\"potentialAction\":[{\"@type\":\"SearchAction\",\"target\":{\"@type\":\"EntryPoint\",\"urlTemplate\":\"https:\\\/\\\/sickdogsurf.com\\\/de\\\/?s={search_term_string}\"},\"query-input\":{\"@type\":\"PropertyValueSpecification\",\"valueRequired\":true,\"valueName\":\"search_term_string\"}}],\"inLanguage\":\"de\"},{\"@type\":\"Organization\",\"@id\":\"https:\\\/\\\/sickdogsurf.com\\\/de\\\/#organization\",\"name\":\"Sick Dog\",\"alternateName\":\"Sick Dog\",\"url\":\"https:\\\/\\\/sickdogsurf.com\\\/de\\\/\",\"logo\":{\"@type\":\"ImageObject\",\"inLanguage\":\"de\",\"@id\":\"https:\\\/\\\/sickdogsurf.com\\\/de\\\/#\\\/schema\\\/logo\\\/image\\\/\",\"url\":\"https:\\\/\\\/sickdogsurf.com\\\/wp-content\\\/uploads\\\/2025\\\/09\\\/icon.png\",\"contentUrl\":\"https:\\\/\\\/sickdogsurf.com\\\/wp-content\\\/uploads\\\/2025\\\/09\\\/icon.png\",\"width\":512,\"height\":512,\"caption\":\"Sick Dog\"},\"image\":{\"@id\":\"https:\\\/\\\/sickdogsurf.com\\\/de\\\/#\\\/schema\\\/logo\\\/image\\\/\"},\"sameAs\":[\"https:\\\/\\\/www.facebook.com\\\/sickdogsurf\",\"https:\\\/\\\/instagram.com\\\/sickdogsurf\",\"https:\\\/\\\/www.youtube.com\\\/channel\\\/UCEf1c4rAaoAUMilFW16YHww\\\/\"]}]}<\/script>\n<!-- \/ Yoast SEO plugin. -->","yoast_head_json":{"title":"Buchen sie jetzt - Kite Cruises, Kite Safari and Kite Lessons in Egypt - Sick Dog","description":"Buchen Sie Ihr Kite Safari bei uns \u2013 erfahren Sie, wie Sie vorgehen und machen Sie sich bereit f\u00fcr ein Kitesurf-Abenteuer!","robots":{"index":"index","follow":"follow","max-snippet":"max-snippet:-1","max-image-preview":"max-image-preview:large","max-video-preview":"max-video-preview:-1"},"canonical":"https:\/\/sickdogsurf.com\/de\/buchen-sie-jetzt\/","og_locale":"de_DE","og_type":"article","og_title":"Buchen sie jetzt - Kite Cruises, Kite Safari and Kite Lessons in Egypt - Sick Dog","og_description":"Buchen Sie Ihr Kite Safari bei uns \u2013 erfahren Sie, wie Sie vorgehen und machen Sie sich bereit f\u00fcr ein Kitesurf-Abenteuer!","og_url":"https:\/\/sickdogsurf.com\/de\/buchen-sie-jetzt\/","og_site_name":"Kite Cruises, Kite Safari and Kite Lessons in Egypt - Sick Dog","article_publisher":"https:\/\/www.facebook.com\/sickdogsurf","article_modified_time":"2025-10-10T10:42:29+00:00","og_image":[{"width":1920,"height":1052,"url":"https:\/\/sickdogsurf.com\/wp-content\/uploads\/2025\/09\/main_kitetrip_9.jpg","type":"image\/jpeg"}],"twitter_card":"summary_large_image","twitter_misc":{"Gesch\u00e4tzte Lesezeit":"1\u00a0Minute"},"schema":{"@context":"https:\/\/schema.org","@graph":[{"@type":"WebPage","@id":"https:\/\/sickdogsurf.com\/de\/buchen-sie-jetzt\/","url":"https:\/\/sickdogsurf.com\/de\/buchen-sie-jetzt\/","name":"Buchen sie jetzt - Kite Cruises, Kite Safari and Kite Lessons in Egypt - Sick Dog","isPartOf":{"@id":"https:\/\/sickdogsurf.com\/de\/#website"},"datePublished":"2025-09-30T11:42:39+00:00","dateModified":"2025-10-10T10:42:29+00:00","description":"Buchen Sie Ihr Kite Safari bei uns \u2013 erfahren Sie, wie Sie vorgehen und machen Sie sich bereit f\u00fcr ein Kitesurf-Abenteuer!","breadcrumb":{"@id":"https:\/\/sickdogsurf.com\/de\/buchen-sie-jetzt\/#breadcrumb"},"inLanguage":"de","potentialAction":[{"@type":"ReadAction","target":["https:\/\/sickdogsurf.com\/de\/buchen-sie-jetzt\/"]}]},{"@type":"BreadcrumbList","@id":"https:\/\/sickdogsurf.com\/de\/buchen-sie-jetzt\/#breadcrumb","itemListElement":[{"@type":"ListItem","position":1,"name":"Home","item":"https:\/\/sickdogsurf.com\/de\/"},{"@type":"ListItem","position":2,"name":"Buchen sie jetzt"}]},{"@type":"WebSite","@id":"https:\/\/sickdogsurf.com\/de\/#website","url":"https:\/\/sickdogsurf.com\/de\/","name":"Kite Cruises, Kite Safari and Kite Lessons in Egypt - Sick Dog","description":"","publisher":{"@id":"https:\/\/sickdogsurf.com\/de\/#organization"},"potentialAction":[{"@type":"SearchAction","target":{"@type":"EntryPoint","urlTemplate":"https:\/\/sickdogsurf.com\/de\/?s={search_term_string}"},"query-input":{"@type":"PropertyValueSpecification","valueRequired":true,"valueName":"search_term_string"}}],"inLanguage":"de"},{"@type":"Organization","@id":"https:\/\/sickdogsurf.com\/de\/#organization","name":"Sick Dog","alternateName":"Sick Dog","url":"https:\/\/sickdogsurf.com\/de\/","logo":{"@type":"ImageObject","inLanguage":"de","@id":"https:\/\/sickdogsurf.com\/de\/#\/schema\/logo\/image\/","url":"https:\/\/sickdogsurf.com\/wp-content\/uploads\/2025\/09\/icon.png","contentUrl":"https:\/\/sickdogsurf.com\/wp-content\/uploads\/2025\/09\/icon.png","width":512,"height":512,"caption":"Sick Dog"},"image":{"@id":"https:\/\/sickdogsurf.com\/de\/#\/schema\/logo\/image\/"},"sameAs":["https:\/\/www.facebook.com\/sickdogsurf","https:\/\/instagram.com\/sickdogsurf","https:\/\/www.youtube.com\/channel\/UCEf1c4rAaoAUMilFW16YHww\/"]}]}},"_links":{"self":[{"href":"https:\/\/sickdogsurf.com\/de\/wp-json\/wp\/v2\/pages\/1937","targetHints":{"allow":["GET"]}}],"collection":[{"href":"https:\/\/sickdogsurf.com\/de\/wp-json\/wp\/v2\/pages"}],"about":[{"href":"https:\/\/sickdogsurf.com\/de\/wp-json\/wp\/v2\/types\/page"}],"author":[{"embeddable":true,"href":"https:\/\/sickdogsurf.com\/de\/wp-json\/wp\/v2\/users\/1"}],"replies":[{"embeddable":true,"href":"https:\/\/sickdogsurf.com\/de\/wp-json\/wp\/v2\/comments?post=1937"}],"version-history":[{"count":11,"href":"https:\/\/sickdogsurf.com\/de\/wp-json\/wp\/v2\/pages\/1937\/revisions"}],"predecessor-version":[{"id":3307,"href":"https:\/\/sickdogsurf.com\/de\/wp-json\/wp\/v2\/pages\/1937\/revisions\/3307"}],"wp:attachment":[{"href":"https:\/\/sickdogsurf.com\/de\/wp-json\/wp\/v2\/media?parent=1937"}],"curies":[{"name":"wp","href":"https:\/\/api.w.org\/{rel}","templated":true}]}}